{"id":1691,"date":"2018-10-17T14:02:13","date_gmt":"2018-10-17T12:02:13","guid":{"rendered":"https:\/\/unser-quartier.de\/55plus-am-westpark\/?page_id=1691"},"modified":"2019-04-01T13:49:54","modified_gmt":"2019-04-01T11:49:54","slug":"unsere-projekte","status":"publish","type":"page","link":"https:\/\/unser-quartier.de\/55plus-am-westpark\/unsere-projekte\/","title":{"rendered":"\u00dcber uns"},"content":{"rendered":"<p>Im Mai 2018 fanden sich\u00a0 engagierte B\u00fcrgerinnen und B\u00fcrgern (alle 55 plus) zusammen, um im Team gemeinsam mit der Quartiersmanagerin Ideen f\u00fcr das Quartier 55plus am Westpark zu entwickeln und umzusetzen. Ziel ist es, dass alle Menschen hier gut und gern \u00e4lter werden k\u00f6nnen &#8211; auch bei Krankheit, Pflege- oder Hilfebed\u00fcrftigkeit.<\/p>\n<p><img loading=\"lazy\" decoding=\"async\" id=\"longdesc-return-3885\" class=\"wp-image-3885 aligncenter\" tabindex=\"-1\" src=\"https:\/\/unser-quartier.de\/55plus-am-westpark\/files\/2019\/03\/2019_20_03_PET_f\u00fcr-website-2.jpg\" alt=\"Das Projektentwicklungsteam\" width=\"700\" height=\"329\" longdesc=\"https:\/\/unser-quartier.de\/55plus-am-westpark?longdesc=3885&amp;referrer=1691\" srcset=\"https:\/\/unser-quartier.de\/55plus-am-westpark\/files\/2019\/03\/2019_20_03_PET_f\u00fcr-website-2.jpg 1200w, https:\/\/unser-quartier.de\/55plus-am-westpark\/files\/2019\/03\/2019_20_03_PET_f\u00fcr-website-2-150x71.jpg 150w, https:\/\/unser-quartier.de\/55plus-am-westpark\/files\/2019\/03\/2019_20_03_PET_f\u00fcr-website-2-300x141.jpg 300w, https:\/\/unser-quartier.de\/55plus-am-westpark\/files\/2019\/03\/2019_20_03_PET_f\u00fcr-website-2-768x361.jpg 768w, https:\/\/unser-quartier.de\/55plus-am-westpark\/files\/2019\/03\/2019_20_03_PET_f\u00fcr-website-2-1024x481.jpg 1024w\" sizes=\"auto, (max-width: 700px) 100vw, 700px\" \/><\/p>\n<p>Wir treffen uns in der Regel an einem Mittwoch im Monat von 17 &#8211; 19 Uhr in den Konferenzr\u00e4umen des Altenheims St. Elisabeth, bei Bedarf auch h\u00e4ufiger.\u00a0 Die 55 ist im \u00dcbrigen blo\u00df eine Zahl: Willkommen sind nat\u00fcrlich immer Menschen jeden Alters, die Lust auf Begegnung und nette Gespr\u00e4che haben.<\/p>\n<p>Wir freuen uns auf weitere Mitstreiterinnen und Mitstreiter!<\/p>\n<p>&nbsp;<\/p>\n","protected":false},"excerpt":{"rendered":"<p>Im Mai 2018 fanden sich\u00a0 engagierte B\u00fcrgerinnen und B\u00fcrgern (alle 55 plus) zusammen, um im Team gemeinsam mit der Quartiersmanagerin Ideen f\u00fcr das Quartier 55plus am Westpark zu entwickeln und umzusetzen. Ziel ist es, dass alle Menschen hier gut und gern \u00e4lter werden k\u00f6nnen &#8211; auch bei Krankheit, Pflege- oder Hilfebed\u00fcrftigkeit. Wir treffen uns in&hellip; <a class=\"continue\" href=\"https:\/\/unser-quartier.de\/55plus-am-westpark\/unsere-projekte\/\" data-wpel-link=\"internal\"> \u00bb weiterlesen: <span> \u00dcber uns<\/span><\/a><\/p>\n","protected":false},"author":701,"featured_media":0,"parent":0,"menu_order":6,"comment_status":"closed","ping_status":"closed","template":"","meta":{"generate_page_header":"","footnotes":""},"class_list":["post-1691","page","type-page","status-publish"],"_links":{"self":[{"href":"https:\/\/unser-quartier.de\/55plus-am-westpark\/wp-json\/wp\/v2\/pages\/1691","targetHints":{"allow":["GET"]}}],"collection":[{"href":"https:\/\/unser-quartier.de\/55plus-am-westpark\/wp-json\/wp\/v2\/pages"}],"about":[{"href":"https:\/\/unser-quartier.de\/55plus-am-westpark\/wp-json\/wp\/v2\/types\/page"}],"author":[{"embeddable":true,"href":"https:\/\/unser-quartier.de\/55plus-am-westpark\/wp-json\/wp\/v2\/users\/701"}],"replies":[{"embeddable":true,"href":"https:\/\/unser-quartier.de\/55plus-am-westpark\/wp-json\/wp\/v2\/comments?post=1691"}],"version-history":[{"count":0,"href":"https:\/\/unser-quartier.de\/55plus-am-westpark\/wp-json\/wp\/v2\/pages\/1691\/revisions"}],"wp:attachment":[{"href":"https:\/\/unser-quartier.de\/55plus-am-westpark\/wp-json\/wp\/v2\/media?parent=1691"}],"curies":[{"name":"wp","href":"https:\/\/api.w.org\/{rel}","templated":true}]}}