{"id":1694,"date":"2018-10-17T14:05:41","date_gmt":"2018-10-17T12:05:41","guid":{"rendered":"https:\/\/unser-quartier.de\/55plus-am-westpark\/?page_id=1694"},"modified":"2020-02-06T11:44:27","modified_gmt":"2020-02-06T10:44:27","slug":"buquaba","status":"publish","type":"page","link":"https:\/\/unser-quartier.de\/55plus-am-westpark\/unsere-projekte\/buquaba\/","title":{"rendered":"Die BuQuaBa"},"content":{"rendered":"<figure id=\"attachment_1657\" aria-describedby=\"caption-attachment-1657\" style=\"width: 290px\" class=\"wp-caption alignright\"><a href=\"https:\/\/unser-quartier.de\/55plus-am-westpark\/files\/2018\/09\/Q55plus_Bank-4.jpg\" data-wpel-link=\"internal\"><img loading=\"lazy\" decoding=\"async\" class=\"wp-image-1657 size-medium\" src=\"https:\/\/unser-quartier.de\/55plus-am-westpark\/files\/2018\/09\/Q55plus_Bank-4-300x200.jpg\" alt=\"Vier Frauen mit Malutensilien stehen hinter der zu lackierenden Bank\" width=\"300\" height=\"200\" srcset=\"https:\/\/unser-quartier.de\/55plus-am-westpark\/files\/2018\/09\/Q55plus_Bank-4-300x200.jpg 300w, https:\/\/unser-quartier.de\/55plus-am-westpark\/files\/2018\/09\/Q55plus_Bank-4-150x100.jpg 150w, https:\/\/unser-quartier.de\/55plus-am-westpark\/files\/2018\/09\/Q55plus_Bank-4-768x512.jpg 768w, https:\/\/unser-quartier.de\/55plus-am-westpark\/files\/2018\/09\/Q55plus_Bank-4-1024x683.jpg 1024w, https:\/\/unser-quartier.de\/55plus-am-westpark\/files\/2018\/09\/Q55plus_Bank-4-600x400.jpg 600w, https:\/\/unser-quartier.de\/55plus-am-westpark\/files\/2018\/09\/Q55plus_Bank-4-272x182.jpg 272w, https:\/\/unser-quartier.de\/55plus-am-westpark\/files\/2018\/09\/Q55plus_Bank-4.jpg 1200w\" sizes=\"auto, (max-width: 300px) 100vw, 300px\" \/><\/a><figcaption id=\"caption-attachment-1657\" class=\"wp-caption-text\">Das Malerteam<\/figcaption><\/figure>\n<p>Um mehr Aufmerksamkeit f\u00fcr da Projekt im Westparkviertel zu bekommen, haben wir eine mobile Bank angeschafft. Diese bestand bei Lieferung aus unbehandeltem\u00a0 Fichtenholz. Das Orgateam legte die Farbgebung fest und traf sich an mehreren Nachmittagen im Sommer, um die Bank zu lackieren und zusammenzubauen.<\/p>\n<h4><strong>Offene mobile Sprechstunden im Westpark<\/strong><\/h4>\n<p>Inzwischen ist Quartiersmanagerin Marion Bergk je nach Wetterlage zu unterschiedlichenZeiten mit dieser Bank im Westpark unterwegs. Unterst\u00fctzt wird sie dabei von Mitgliedern des Projektteams sowie der Gemeindereferentin der Pfarre St. Jakob, Monika Mann-Kirwan. Kaffee und Kekse sind dabei immer im Gep\u00e4ck.<\/p>\n<h4><strong>Namensfindungswettbewerb f\u00fcr die Bank &#8211; Gewinnerin steht fest<\/strong><\/h4>\n<p>Im Rahmen des Quartiersfestes, welches Ende August vom Altenheim St. Elisabeth und dem Quartier 55 plus am Westpark ausgerichtet wurde, rief Marion Bergk die Besucher auf, sich einen Namen zu \u00fcberlegen, der die Bank schm\u00fccken soll. Als Hauptgewinn wurde ein Pcknickkorb nebst einer Flasche Rotwein ausgerufen. Unter den mehr als 50 Vorschl\u00e4gen w\u00e4hlte eine unabh\u00e4ngige Jury den Vorschlag &#8222;BuQuaBa&#8220; von Claudia Conrad aus. Die Preis\u00fcbergabe fand jetzt bei sch\u00f6nstem Sonnenschein statt.<\/p>\n","protected":false},"excerpt":{"rendered":"<p>Um mehr Aufmerksamkeit f\u00fcr da Projekt im Westparkviertel zu bekommen, haben wir eine mobile Bank angeschafft. Diese bestand bei Lieferung aus unbehandeltem\u00a0 Fichtenholz. Das Orgateam legte die Farbgebung fest und traf sich an mehreren Nachmittagen im Sommer, um die Bank zu lackieren und zusammenzubauen. Offene mobile Sprechstunden im Westpark Inzwischen ist Quartiersmanagerin Marion Bergk je&hellip; <a class=\"continue\" href=\"https:\/\/unser-quartier.de\/55plus-am-westpark\/unsere-projekte\/buquaba\/\" data-wpel-link=\"internal\"> \u00bb weiterlesen: <span> Die BuQuaBa<\/span><\/a><\/p>\n","protected":false},"author":701,"featured_media":1789,"parent":1691,"menu_order":2,"comment_status":"closed","ping_status":"closed","template":"","meta":{"generate_page_header":"","footnotes":""},"class_list":["post-1694","page","type-page","status-publish","has-post-thumbnail"],"_links":{"self":[{"href":"https:\/\/unser-quartier.de\/55plus-am-westpark\/wp-json\/wp\/v2\/pages\/1694","targetHints":{"allow":["GET"]}}],"collection":[{"href":"https:\/\/unser-quartier.de\/55plus-am-westpark\/wp-json\/wp\/v2\/pages"}],"about":[{"href":"https:\/\/unser-quartier.de\/55plus-am-westpark\/wp-json\/wp\/v2\/types\/page"}],"author":[{"embeddable":true,"href":"https:\/\/unser-quartier.de\/55plus-am-westpark\/wp-json\/wp\/v2\/users\/701"}],"replies":[{"embeddable":true,"href":"https:\/\/unser-quartier.de\/55plus-am-westpark\/wp-json\/wp\/v2\/comments?post=1694"}],"version-history":[{"count":0,"href":"https:\/\/unser-quartier.de\/55plus-am-westpark\/wp-json\/wp\/v2\/pages\/1694\/revisions"}],"up":[{"embeddable":true,"href":"https:\/\/unser-quartier.de\/55plus-am-westpark\/wp-json\/wp\/v2\/pages\/1691"}],"wp:featuredmedia":[{"embeddable":true,"href":"https:\/\/unser-quartier.de\/55plus-am-westpark\/wp-json\/wp\/v2\/media\/1789"}],"wp:attachment":[{"href":"https:\/\/unser-quartier.de\/55plus-am-westpark\/wp-json\/wp\/v2\/media?parent=1694"}],"curies":[{"name":"wp","href":"https:\/\/api.w.org\/{rel}","templated":true}]}}