{"id":2604,"date":"2019-01-11T11:15:29","date_gmt":"2019-01-11T10:15:29","guid":{"rendered":"https:\/\/unser-quartier.de\/55plus-am-westpark\/?page_id=2604"},"modified":"2020-02-06T11:45:23","modified_gmt":"2020-02-06T10:45:23","slug":"demenzfreundlicher-westpark","status":"publish","type":"page","link":"https:\/\/unser-quartier.de\/55plus-am-westpark\/unsere-projekte\/demenzfreundlicher-westpark\/","title":{"rendered":"Demenzfreundliches Westparkviertel"},"content":{"rendered":"<p>Auf Anregung des Quartiers 55 plus am Westpark stand beim Treffen der Stadtteilkonferenz im November 2018 das Thema Demenz im Vordergrund. Christa Lardinoix vom Demenz-Servicezentrum Regio Aachen\/Eifel und Bresbyterin in der Genezareth Kirche hielt ein Impulsreferat und lud ein zu einem offenen Gespr\u00e4ch zum Thema &#8222;demenzfreundliche Gemeinde&#8220;.\u00a0 Die Mitglieder der Stadtteilkonferenz Westparkviertel tauschten sich dar\u00fcber aus, was sie als Netzwerk oder jeder einzelne im Viertel tun k\u00f6nnen oder schon tun, um f\u00fcr das Thema zu sensibilisieren.<\/p>\n<p>Ein Anschlusstreffen fand Anfang Januar\u00a0 im Altenheim St. Elisabeth statt. In einem n\u00e4chsten Schritt wollen wir nun das Seniorenheim am Haarbach besuchen, um neue Impulse zu erhalten. Von dort aus wird Haaren bereits seit einigen Jahren zu einem demenzfreundlichen Stadtteil entwickelt.<\/p>\n","protected":false},"excerpt":{"rendered":"<p>Auf Anregung des Quartiers 55 plus am Westpark stand beim Treffen der Stadtteilkonferenz im November 2018 das Thema Demenz im Vordergrund. Christa Lardinoix vom Demenz-Servicezentrum Regio Aachen\/Eifel und Bresbyterin in der Genezareth Kirche hielt ein Impulsreferat und lud ein zu einem offenen Gespr\u00e4ch zum Thema &#8222;demenzfreundliche Gemeinde&#8220;.\u00a0 Die Mitglieder der Stadtteilkonferenz Westparkviertel tauschten sich dar\u00fcber&hellip; <a class=\"continue\" href=\"https:\/\/unser-quartier.de\/55plus-am-westpark\/unsere-projekte\/demenzfreundlicher-westpark\/\" data-wpel-link=\"internal\"> \u00bb weiterlesen: <span> Demenzfreundliches Westparkviertel<\/span><\/a><\/p>\n","protected":false},"author":701,"featured_media":0,"parent":1691,"menu_order":3,"comment_status":"closed","ping_status":"closed","template":"","meta":{"generate_page_header":"","footnotes":""},"class_list":["post-2604","page","type-page","status-publish"],"_links":{"self":[{"href":"https:\/\/unser-quartier.de\/55plus-am-westpark\/wp-json\/wp\/v2\/pages\/2604","targetHints":{"allow":["GET"]}}],"collection":[{"href":"https:\/\/unser-quartier.de\/55plus-am-westpark\/wp-json\/wp\/v2\/pages"}],"about":[{"href":"https:\/\/unser-quartier.de\/55plus-am-westpark\/wp-json\/wp\/v2\/types\/page"}],"author":[{"embeddable":true,"href":"https:\/\/unser-quartier.de\/55plus-am-westpark\/wp-json\/wp\/v2\/users\/701"}],"replies":[{"embeddable":true,"href":"https:\/\/unser-quartier.de\/55plus-am-westpark\/wp-json\/wp\/v2\/comments?post=2604"}],"version-history":[{"count":0,"href":"https:\/\/unser-quartier.de\/55plus-am-westpark\/wp-json\/wp\/v2\/pages\/2604\/revisions"}],"up":[{"embeddable":true,"href":"https:\/\/unser-quartier.de\/55plus-am-westpark\/wp-json\/wp\/v2\/pages\/1691"}],"wp:attachment":[{"href":"https:\/\/unser-quartier.de\/55plus-am-westpark\/wp-json\/wp\/v2\/media?parent=2604"}],"curies":[{"name":"wp","href":"https:\/\/api.w.org\/{rel}","templated":true}]}}