{"id":3855,"date":"2019-02-20T11:53:33","date_gmt":"2019-02-20T10:53:33","guid":{"rendered":"https:\/\/unser-quartier.de\/55plus-am-westpark\/?page_id=3855"},"modified":"2021-07-19T15:08:34","modified_gmt":"2021-07-19T13:08:34","slug":"das-projektentwicklungsteam-pet","status":"publish","type":"page","link":"https:\/\/unser-quartier.de\/55plus-am-westpark\/unsere-projekte\/das-projektentwicklungsteam-pet\/","title":{"rendered":"Selbstverst\u00e4ndnis und Regeln unserer Zusammenarbeit"},"content":{"rendered":"<h3><img loading=\"lazy\" decoding=\"async\" class=\"aligncenter size-full wp-image-6898\" src=\"https:\/\/unser-quartier.de\/55plus-am-westpark\/files\/2021\/06\/IMG_20210616_101526.jpg\" alt=\"Das PET\" width=\"1200\" height=\"890\" srcset=\"https:\/\/unser-quartier.de\/55plus-am-westpark\/files\/2021\/06\/IMG_20210616_101526.jpg 1200w, https:\/\/unser-quartier.de\/55plus-am-westpark\/files\/2021\/06\/IMG_20210616_101526-300x223.jpg 300w, https:\/\/unser-quartier.de\/55plus-am-westpark\/files\/2021\/06\/IMG_20210616_101526-1024x759.jpg 1024w, https:\/\/unser-quartier.de\/55plus-am-westpark\/files\/2021\/06\/IMG_20210616_101526-150x111.jpg 150w, https:\/\/unser-quartier.de\/55plus-am-westpark\/files\/2021\/06\/IMG_20210616_101526-768x570.jpg 768w\" sizes=\"auto, (max-width: 1200px) 100vw, 1200px\" \/><\/h3>\n<h3><strong><span style=\"text-decoration: underline;\">Unser Selbstverst\u00e4ndnis<\/span><\/strong><\/h3>\n<p>Wir sind ein Zusammenschluss von engagierten B\u00fcrgerinnen und B\u00fcrgern aus dem Westparkviertel.<\/p>\n<p>Wir stehen f\u00fcr Lebensqualit\u00e4t, f\u00f6rdern eine vertrauensvolle und hilfsbereite Nachbarschaft und schaffen eine starke Gemeinschaft, die zu einer gelungenen Alltagsbew\u00e4ltigung beitr\u00e4gt.<\/p>\n<p>Wir wollen Kommunikation, Begegnung und Aktivit\u00e4ten im Viertel f\u00f6rdern.<\/p>\n<p>Wir wollen gemeinsam mit den B\u00fcrgerinnen und B\u00fcrgern im Viertel gegen Isolation und Vereinsamung vorgehen.<\/p>\n<p>Wir setzen auf Kooperation und Vernetzung im Stadtteil und sind aktiv in der Stadtteilkonferenz Westparkviertel. Insbesondere arbeiten wir eng mit dem Altenheim St. Elisabeth und dem Jakobushaus zusammen.<\/p>\n<p>Wir sind offen f\u00fcr alle Personen, unabh\u00e4ngig von ethnischer Herkunft, Geschlecht oder Religion.<\/p>\n<p>B\u00fcrgerinnen und B\u00fcrger k\u00f6nnen \u00fcber das Kontaktformular auf unserer Website mit dem Quartier 55plus in <a href=\"https:\/\/unser-quartier.de\/55plus-am-westpark\/kontakt\/\" data-wpel-link=\"internal\">Kontakt <\/a>treten.<\/p>\n<h4><strong>Wer kann mitmachen?<\/strong><\/h4>\n<p>Jeder, der sich mit unserem Selbstverst\u00e4ndnis identifiziert und sich im Westparkviertel engagieren m\u00f6chte, kann mitmachen. Wir sind unabh\u00e4ngig und \u00fcberparteilich.<\/p>\n<p>Nicht zu uns geh\u00f6rt, wer ausschlie\u00dflich Eigeninteresse, kommerzielle oder parteipolitische Interessen verfolgt und unsere Werte wie Dialog, Respekt, Toleranz und demokratische Werte nicht teilt.<\/p>\n<h4><strong>Wie kann man mitmachen?<\/strong><\/h4>\n<ul>\n<li>Als Teilnehmer von Angeboten des Quartier 55plus<\/li>\n<li>Als Mitglied, das selbst Angebote macht<\/li>\n<li>Im PET (Organisationsteam)<\/li>\n<\/ul>\n<p>Kontaktaufnahme erfolgt \u00fcber das <a href=\"https:\/\/unser-quartier.de\/55plus-am-westpark\/kontakt\/\" data-wpel-link=\"internal\">Kontaktformular<\/a> auf der Website<\/p>\n<h3>\n<strong><span style=\"text-decoration: underline;\">Organisatorisches<\/span><\/strong><\/h3>\n<h4><strong>Das Organisationsteam PET<\/strong><\/h4>\n<p>Das Organisationsteam (PET) trifft sich monatlich und nach Bedarf. Die Sitzungen werden vom Team vorbereitet und k\u00f6nnen in Rotation geleitet werden.<\/p>\n<p>\u00dcber die Sitzungen werden Ergebnisprotokolle erstellt, die dem PET vorbehalten sind. Wenn es innerhalb von 14 Tagen keinen Einspruch gibt, gilt das Protokoll als genehmigt. Nach Einspruch wir das entsprechende Thema in der folgenden PET-Sitzung besprochen.<\/p>\n<p>Ergebnisse, die f\u00fcr das Westparkviertel interessant sind, werden zus\u00e4tzlich auf der Website ver\u00f6ffentlicht. Sie werden im Protokoll gesondert gekennzeichnet.<\/p>\n<p>Als Mitglied ins PET kann aufgenommen werden, wer an mindestens drei Sitzungen teilgenommen hat und die Aufnahme beantragt. Die Aufnahme erfolgt per Abstimmung mit einfacher Mehrheit.<\/p>\n<p>Beendet wird die Mitgliedschaft auf eigenen Wunsch. Gibt es Unstimmigkeiten mit einem Mitglied und k\u00f6nnen diese nicht durch ein kl\u00e4rendes Gespr\u00e4ch gel\u00f6st werden, kann die Beendigung durch das PET mit mindestens 2\/3 der PET-Mitglieder erfolgen.<\/p>\n<p>G\u00e4ste k\u00f6nnen nach vorheriger Ank\u00fcndigung zu PET-Sitzungen von PET-Mitgliedern eingeladen werden.<\/p>\n<h4><strong>Arbeitsgruppen<\/strong><\/h4>\n<p>Zu verschiedenen Themen k\u00f6nnen Arbeitsgruppen gebildet werden. Deren Sitzungen sind nicht \u00f6ffentlich. Bei Bedarf k\u00f6nnen aber interessierte Mitglieder oder auch fachkundige B\u00fcrger in die jeweilige Arbeitsgruppe aufgenommen oder zu einzelnen Sitzungen eingeladen werden. Die Arbeitsgruppen berichten dem PET jeweils \u00fcber den Stand ihre Projekte und Aufgaben.<\/p>\n<h4><strong>Vertraulichkeit<\/strong><\/h4>\n<p>\u00dcber vertrauliche Inhalte wird Stillschweigen bewahrt. Sie werden nach Absprache auch nicht in die Protokolle aufgenommen.<\/p>\n<h4><strong>Projekte und Angebote<\/strong><\/h4>\n<p>Angebote werden nach Bed\u00fcrfnissen, Interessen und Ressourcen entwickelt und vorgehalten. Sie werden auf der Website von Quartier 55plus und im Newsletter ver\u00f6ffentlicht. Gesamtkoordination und Entwurf neuer Projekte obliegen dem PET. Arbeitsaufw\u00e4ndige Projekte und Aufgaben werden von aus dem PET gebildeten Arbeitsgruppen erledigt.<\/p>\n<h4><strong>Informationen<\/strong><\/h4>\n<p>Auf der Website von Quartier 55plus am Westpark werden alle aktuellen Angebote und Informationen ver\u00f6ffentlicht. Dar\u00fcber hinaus besteht die M\u00f6glichkeit, \u00fcber diese Seite einen <a href=\"https:\/\/unser-quartier.de\/55plus-am-westpark\/service\/newsletter\/\" data-wpel-link=\"internal\">Newsletter <\/a>zu abonnieren.<\/p>\n<h3><span style=\"text-decoration: underline;\"><strong>\u00dcberpr\u00fcfung Selbstverst\u00e4ndnis und Regeln unserer Zusammenarbeit<\/strong><\/span><\/h3>\n<p>Das Selbstverst\u00e4ndnis und die Regeln werden vom PET mindestens alle zwei Jahre auf G\u00fcltigkeit hin \u00fcberpr\u00fcft und in ggf. angepasster Version ver\u00f6ffentlicht.<\/p>\n<p>&nbsp;<\/p>\n<p>&nbsp;<\/p>\n<p>&nbsp;<\/p>\n","protected":false},"excerpt":{"rendered":"<p>Unser Selbstverst\u00e4ndnis Wir sind ein Zusammenschluss von engagierten B\u00fcrgerinnen und B\u00fcrgern aus dem Westparkviertel. Wir stehen f\u00fcr Lebensqualit\u00e4t, f\u00f6rdern eine vertrauensvolle und hilfsbereite Nachbarschaft und schaffen eine starke Gemeinschaft, die zu einer gelungenen Alltagsbew\u00e4ltigung beitr\u00e4gt. Wir wollen Kommunikation, Begegnung und Aktivit\u00e4ten im Viertel f\u00f6rdern. Wir wollen gemeinsam mit den B\u00fcrgerinnen und B\u00fcrgern im Viertel gegen&hellip; <a class=\"continue\" href=\"https:\/\/unser-quartier.de\/55plus-am-westpark\/unsere-projekte\/das-projektentwicklungsteam-pet\/\" data-wpel-link=\"internal\"> \u00bb weiterlesen: <span> Selbstverst\u00e4ndnis und Regeln unserer Zusammenarbeit<\/span><\/a><\/p>\n","protected":false},"author":701,"featured_media":0,"parent":1691,"menu_order":1,"comment_status":"closed","ping_status":"closed","template":"","meta":{"generate_page_header":"","footnotes":""},"class_list":["post-3855","page","type-page","status-publish"],"_links":{"self":[{"href":"https:\/\/unser-quartier.de\/55plus-am-westpark\/wp-json\/wp\/v2\/pages\/3855","targetHints":{"allow":["GET"]}}],"collection":[{"href":"https:\/\/unser-quartier.de\/55plus-am-westpark\/wp-json\/wp\/v2\/pages"}],"about":[{"href":"https:\/\/unser-quartier.de\/55plus-am-westpark\/wp-json\/wp\/v2\/types\/page"}],"author":[{"embeddable":true,"href":"https:\/\/unser-quartier.de\/55plus-am-westpark\/wp-json\/wp\/v2\/users\/701"}],"replies":[{"embeddable":true,"href":"https:\/\/unser-quartier.de\/55plus-am-westpark\/wp-json\/wp\/v2\/comments?post=3855"}],"version-history":[{"count":0,"href":"https:\/\/unser-quartier.de\/55plus-am-westpark\/wp-json\/wp\/v2\/pages\/3855\/revisions"}],"up":[{"embeddable":true,"href":"https:\/\/unser-quartier.de\/55plus-am-westpark\/wp-json\/wp\/v2\/pages\/1691"}],"wp:attachment":[{"href":"https:\/\/unser-quartier.de\/55plus-am-westpark\/wp-json\/wp\/v2\/media?parent=3855"}],"curies":[{"name":"wp","href":"https:\/\/api.w.org\/{rel}","templated":true}]}}