{"id":5807,"date":"2020-01-28T14:47:21","date_gmt":"2020-01-28T13:47:21","guid":{"rendered":"https:\/\/unser-quartier.de\/55plus-am-westpark\/?page_id=5807"},"modified":"2020-01-28T15:29:09","modified_gmt":"2020-01-28T14:29:09","slug":"weltseniorentag","status":"publish","type":"page","link":"https:\/\/unser-quartier.de\/55plus-am-westpark\/unsere-projekte\/weltseniorentag\/","title":{"rendered":"Weltseniorentag"},"content":{"rendered":"<h2 class=\"entry-title\">Premiere in Aachen: 150 Menschen feierten den Weltseniorentag \u2013 Die WDR Lokalzeit Aachen war auch dabei, den Beitrag finden Sie bei <a href=\"https:\/\/youtu.be\/yZ0ezrh1ppc\" data-wpel-link=\"external\" target=\"_blank\" rel=\"nofollow external noopener noreferrer\" title=\"Externer Link: YouTube\" class=\"ext-link wpel-icon-right\">YouTube<span class=\"wpel-icon wpel-image wpel-icon-6\"><\/span><\/a><\/h2>\n<p>&nbsp;<\/p>\n<p>F\u00fcr das Fr\u00fchst\u00fcck hatten sich \u00fcber 60 Seniorinnen und Senioren aus ganz Aachen angemeldet. Bei freier Platzwahl kamen Menschen miteinander ins Gespr\u00e4ch, die sich vorher noch nie begegnet waren. \u201eZiel erreicht\u201c res\u00fcmiert Quartiersmanagerin Marion Bergk vom Quartier 55plus am Westpark, auf deren Initiative hin der Weltseniorentag in diesem Jahr in Aachen erstmalig so gro\u00df gefeiert wurde. Als Kooperationspartner konnte sie <a href=\"https:\/\/www.engagiert-aelter-in-aachen.de\/programm-engagiert\/engagiert-aelter-werden-in-aachen-west\/\" data-wpel-link=\"external\" target=\"_blank\" rel=\"nofollow external noopener noreferrer\" title=\"Externer Link: \u201eengagiert \u00e4lter werden in Aachen-West\u201c\" class=\"ext-link wpel-icon-right\">\u201eengagiert \u00e4lter werden in Aachen-West\u201c<span class=\"wpel-icon wpel-image wpel-icon-6\"><\/span><\/a> der evangelischen Genezareth-Kirche, die <a href=\"https:\/\/pfarrei-sankt-jakob.de\/\" data-wpel-link=\"external\" target=\"_blank\" rel=\"nofollow external noopener noreferrer\" title=\"Externer Link: katholische Kirchengemeinde St. Jakob\" class=\"ext-link wpel-icon-right\">katholische Kirchengemeinde St. Jakob<span class=\"wpel-icon wpel-image wpel-icon-6\"><\/span><\/a> sowie das <a href=\"https:\/\/serviceportal.aachen.de\/suche\/-\/egov-bis-search\/employee\/58782\" data-wpel-link=\"external\" target=\"_blank\" rel=\"nofollow external noopener noreferrer\" title=\"Externer Link: Quartiersmanagement Kronenberg\/Kullen\" class=\"ext-link wpel-icon-right\">Quartiersmanagement Kronenberg\/Kullen<span class=\"wpel-icon wpel-image wpel-icon-6\"><\/span><\/a> der Stadt Aachen f\u00fcr die Aktion gewinnen.<\/p>\n<figure id=\"attachment_5180\" aria-describedby=\"caption-attachment-5180\" style=\"width: 440px\" class=\"wp-caption alignleft\"><img loading=\"lazy\" decoding=\"async\" class=\"wp-image-5180\" src=\"https:\/\/unser-quartier.de\/55plus-am-westpark\/files\/2019\/10\/Fr\u00fchst\u00fcck_Quarkb\u00e4llchen-681x1024.jpg\" alt=\"Frau serviert Quarkb\u00e4llchen\" width=\"450\" height=\"677\" srcset=\"https:\/\/unser-quartier.de\/55plus-am-westpark\/files\/2019\/10\/Fr\u00fchst\u00fcck_Quarkb\u00e4llchen-681x1024.jpg 681w, https:\/\/unser-quartier.de\/55plus-am-westpark\/files\/2019\/10\/Fr\u00fchst\u00fcck_Quarkb\u00e4llchen-150x226.jpg 150w, https:\/\/unser-quartier.de\/55plus-am-westpark\/files\/2019\/10\/Fr\u00fchst\u00fcck_Quarkb\u00e4llchen-300x451.jpg 300w, https:\/\/unser-quartier.de\/55plus-am-westpark\/files\/2019\/10\/Fr\u00fchst\u00fcck_Quarkb\u00e4llchen-768x1155.jpg 768w, https:\/\/unser-quartier.de\/55plus-am-westpark\/files\/2019\/10\/Fr\u00fchst\u00fcck_Quarkb\u00e4llchen.jpg 798w\" sizes=\"auto, (max-width: 450px) 100vw, 450px\" \/><figcaption id=\"caption-attachment-5180\" class=\"wp-caption-text\">Die Quarkb\u00e4llchen waren der heimliche Renner. Foto: Meret Bergk<\/figcaption><\/figure>\n<p>&nbsp;<\/p>\n<p>&nbsp;<\/p>\n<p>\u201eWir wollen M\u00f6glichkeiten schaffen, dass \u00e4ltere Menschen zwanglos miteinander ins Gespr\u00e4ch kommen und neue Kontakte kn\u00fcpfen k\u00f6nnen.\u201c Das Kuckucksnest, eine Kultkneipe im Aachener Westen, war daf\u00fcr die perfekte Location. Liebevoll dekorierte und eingedeckte Tische sowie eine leckere Verpflegung taten ihr \u00dcbriges, damit die Seniorinnen und Senioren sich wohlf\u00fchlten.<\/p>\n<p>Zum anschlie\u00dfenden offenen Singen in der Rotunde des Elisenbrunnens waren rund 150 Menschen erschienen, um sich von der S\u00e4ngerin und Chorleiterin Tanja Raich mitnehmen und mitrei\u00dfen zu lassen. Die anf\u00e4ngliche Scheu, nicht gut singen zu k\u00f6nnen, verflog rasch. \u201eEs war sch\u00f6n zu beobachten, wie sich die Menschen w\u00e4hrend des Singens \u00f6ffneten und aus sich herausgingen\u201c so Ulrike Overs (engagiert \u00e4lter werden in Aachen-West). Beim Udo J\u00fcrgens Hit <em>\u201eMit 66 Jahren\u201c <\/em>sa\u00df dann auch niemand mehr auf den St\u00fchlen, alle tanzten ausgelassen mit.<\/p>\n<p>Zur\u00fcck im Kuckucksnest wurde weiter getanzt. Das Prinzip der<em> Silent Disco <\/em>war schnell erkl\u00e4rt: Kopfh\u00f6rer aufsetzen, Lautst\u00e4rke einstellen und lostanzen. Was von au\u00dfen seltsam aussehen mochte, entwickelte eine Art Sogwirkung. \u201eKaum hatte ich den Kopfh\u00f6rer aufgesetzt, konnte ich nicht anders als mich zur Musik zu bewegen und auf die Tanzfl\u00e4che zu gehen\u201c, best\u00e4tigte eine Besucherin dieses Ph\u00e4nomen. DJ David Jankowski von <em>life is music<\/em> gelang es spielend, die Seniorinnen und Senioren mit der richtigen Musik zum Tanzen zu animieren, erf\u00fcllte Liederw\u00fcnsche auf Zuruf und hatte sichtlich Spa\u00df. Am Rande der Tanzfl\u00e4che unterhielten sich Menschen w\u00e4hrend ihrer Tanzpausen miteinander und genossen die musikfreie Zone.<\/p>\n<p><img loading=\"lazy\" decoding=\"async\" class=\"aligncenter size-full wp-image-5205\" src=\"https:\/\/unser-quartier.de\/55plus-am-westpark\/files\/2019\/10\/Silent6.jpg\" alt=\"Menschen tanzen mit Kopfh\u00f6rern\" width=\"1200\" height=\"798\" srcset=\"https:\/\/unser-quartier.de\/55plus-am-westpark\/files\/2019\/10\/Silent6.jpg 1200w, https:\/\/unser-quartier.de\/55plus-am-westpark\/files\/2019\/10\/Silent6-150x100.jpg 150w, https:\/\/unser-quartier.de\/55plus-am-westpark\/files\/2019\/10\/Silent6-300x200.jpg 300w, https:\/\/unser-quartier.de\/55plus-am-westpark\/files\/2019\/10\/Silent6-768x511.jpg 768w, https:\/\/unser-quartier.de\/55plus-am-westpark\/files\/2019\/10\/Silent6-1024x681.jpg 1024w, https:\/\/unser-quartier.de\/55plus-am-westpark\/files\/2019\/10\/Silent6-600x400.jpg 600w, https:\/\/unser-quartier.de\/55plus-am-westpark\/files\/2019\/10\/Silent6-272x182.jpg 272w\" sizes=\"auto, (max-width: 1200px) 100vw, 1200px\" \/><\/p>\n<p>Alles in allem war dieser Weltseniorentag f\u00fcr das Organisationsteam ein voller Erfolg. \u201eWir haben heute in so viele strahlende Gesichter geschaut so viele positive R\u00fcckmeldungen bekommen, dass wir selber ganz beschwingt sind von diesem Tag\u201c so Marion Bergk. Das hauptamtliche Organisationsteam (Foto) bedankt sich herzlich bei allen, die zum Gelingen des Weltseniorentages 2019 in Aachen beigetragen haben.<\/p>\n<figure id=\"attachment_5172\" aria-describedby=\"caption-attachment-5172\" style=\"width: 1014px\" class=\"wp-caption alignleft\"><img loading=\"lazy\" decoding=\"async\" class=\"wp-image-5172 size-large\" src=\"https:\/\/unser-quartier.de\/55plus-am-westpark\/files\/2019\/10\/Die_fantastischen_Vier_plus_DJ-1024x681.jpg\" alt=\"Das hauptamtliche Orgateam\" width=\"1024\" height=\"681\" srcset=\"https:\/\/unser-quartier.de\/55plus-am-westpark\/files\/2019\/10\/Die_fantastischen_Vier_plus_DJ-1024x681.jpg 1024w, https:\/\/unser-quartier.de\/55plus-am-westpark\/files\/2019\/10\/Die_fantastischen_Vier_plus_DJ-150x100.jpg 150w, https:\/\/unser-quartier.de\/55plus-am-westpark\/files\/2019\/10\/Die_fantastischen_Vier_plus_DJ-300x200.jpg 300w, https:\/\/unser-quartier.de\/55plus-am-westpark\/files\/2019\/10\/Die_fantastischen_Vier_plus_DJ-768x511.jpg 768w, https:\/\/unser-quartier.de\/55plus-am-westpark\/files\/2019\/10\/Die_fantastischen_Vier_plus_DJ-600x400.jpg 600w, https:\/\/unser-quartier.de\/55plus-am-westpark\/files\/2019\/10\/Die_fantastischen_Vier_plus_DJ-272x182.jpg 272w, https:\/\/unser-quartier.de\/55plus-am-westpark\/files\/2019\/10\/Die_fantastischen_Vier_plus_DJ.jpg 1200w\" sizes=\"auto, (max-width: 1024px) 100vw, 1024px\" \/><figcaption id=\"caption-attachment-5172\" class=\"wp-caption-text\">Das hauptamtliche Orgateam (von links nach rechts: Ulrike Overs \u2013 engagiert \u00e4lter werden Aachen-West, Marita Delheid \u2013 kath. Kirchengemeinde St. Jakob, Marion Bergk \u2013 Quartier 55plus am Westpark, Lena-Marie Hackenbruch \u2013Quartiersmanagement Kronenberg\/Kullen). Foto: Meret Bergk<\/figcaption><\/figure>\n","protected":false},"excerpt":{"rendered":"<p>Premiere in Aachen: 150 Menschen feierten den Weltseniorentag \u2013 Die WDR Lokalzeit Aachen war auch dabei, den Beitrag finden Sie bei YouTube &nbsp; F\u00fcr das Fr\u00fchst\u00fcck hatten sich \u00fcber 60 Seniorinnen und Senioren aus ganz Aachen angemeldet. Bei freier Platzwahl kamen Menschen miteinander ins Gespr\u00e4ch, die sich vorher noch nie begegnet waren. \u201eZiel erreicht\u201c res\u00fcmiert&hellip; <a class=\"continue\" href=\"https:\/\/unser-quartier.de\/55plus-am-westpark\/unsere-projekte\/weltseniorentag\/\" data-wpel-link=\"internal\"> \u00bb weiterlesen: <span> Weltseniorentag<\/span><\/a><\/p>\n","protected":false},"author":701,"featured_media":0,"parent":1691,"menu_order":3,"comment_status":"closed","ping_status":"closed","template":"","meta":{"generate_page_header":"","footnotes":""},"class_list":["post-5807","page","type-page","status-publish"],"_links":{"self":[{"href":"https:\/\/unser-quartier.de\/55plus-am-westpark\/wp-json\/wp\/v2\/pages\/5807","targetHints":{"allow":["GET"]}}],"collection":[{"href":"https:\/\/unser-quartier.de\/55plus-am-westpark\/wp-json\/wp\/v2\/pages"}],"about":[{"href":"https:\/\/unser-quartier.de\/55plus-am-westpark\/wp-json\/wp\/v2\/types\/page"}],"author":[{"embeddable":true,"href":"https:\/\/unser-quartier.de\/55plus-am-westpark\/wp-json\/wp\/v2\/users\/701"}],"replies":[{"embeddable":true,"href":"https:\/\/unser-quartier.de\/55plus-am-westpark\/wp-json\/wp\/v2\/comments?post=5807"}],"version-history":[{"count":0,"href":"https:\/\/unser-quartier.de\/55plus-am-westpark\/wp-json\/wp\/v2\/pages\/5807\/revisions"}],"up":[{"embeddable":true,"href":"https:\/\/unser-quartier.de\/55plus-am-westpark\/wp-json\/wp\/v2\/pages\/1691"}],"wp:attachment":[{"href":"https:\/\/unser-quartier.de\/55plus-am-westpark\/wp-json\/wp\/v2\/media?parent=5807"}],"curies":[{"name":"wp","href":"https:\/\/api.w.org\/{rel}","templated":true}]}}