{"id":5828,"date":"2020-01-28T15:31:36","date_gmt":"2020-01-28T14:31:36","guid":{"rendered":"https:\/\/unser-quartier.de\/55plus-am-westpark\/?page_id=5828"},"modified":"2020-01-29T12:25:30","modified_gmt":"2020-01-29T11:25:30","slug":"weltseniorentag","status":"publish","type":"page","link":"https:\/\/unser-quartier.de\/55plus-am-westpark\/weltseniorentag\/","title":{"rendered":"Weltseniorentag"},"content":{"rendered":"<p><strong>Singen und Tanzen am Weltseniorentag 2019 \u2013 Weil Lebensfreude kein Alter kennt<\/strong><\/p>\n<p>Der Weltseniorentag, der am 01. Oktober begangen wird, wurde1990 durch die UNO initiiert, um die Leistungen der \u00c4lteren und den Gewinn, den sie f\u00fcr das gesellschaftliche Zusammenleben darstellen, zu w\u00fcrdigen. \u201eWir im Aachener Westen m\u00f6chten diesen Tag mit allen Seniorinnen und Senioren in Aachen geb\u00fchrend feiern und zeigen, dass Lebensfreude nichts mit dem Alter zu tun hat\u201c, so Quartiersmanagerin Marion Bergk vom \u201eQuartier 55plus im Westpark\u201c.<\/p>\n<p>Das Programm konnte sich sehen lassen: Von 09:30 bis 10:30 Uhr Fr\u00fchst\u00fcck im Kuckucksnest, 11:30 Uhr in der Rotunde des Elisenbrunnens ein offenes Singen mit Tanja Raich und von 16:00 \u2013 18:00 Uhr Silent Disco, wieder im Kuckucksnest. Der WDR war von der Aktion so begeistert, dass ein Team der <a href=\"https:\/\/www.youtube.com\/watch?v=yZ0ezrh1ppc&amp;feature=youtu.be\" data-wpel-link=\"external\" target=\"_blank\" rel=\"nofollow external noopener noreferrer\" title=\"Externer Link: Lokalzeit Aachen\" class=\"ext-link wpel-icon-right\">Lokalzeit Aachen<span class=\"wpel-icon wpel-image wpel-icon-6\"><\/span><\/a> sie den ganzen Tag begleitete und abends einen <a href=\"https:\/\/www.youtube.com\/watch?v=yZ0ezrh1ppc&amp;feature=youtu.be\" data-wpel-link=\"external\" target=\"_blank\" rel=\"nofollow external noopener noreferrer\" title=\"Externer Link: ausf\u00fchrlichen Beitrag\" class=\"ext-link wpel-icon-right\">ausf\u00fchrlichen Beitrag<span class=\"wpel-icon wpel-image wpel-icon-6\"><\/span><\/a> sendetet.<\/p>\n<p>F\u00fcr das Fr\u00fchst\u00fcck hatten sich \u00fcber 60 Seniorinnen und Senioren aus ganz Aachen angemeldet. Bei freier Platzwahl kamen Menschen miteinander ins Gespr\u00e4ch, die sich vorher noch nie begegnet waren. \u201eZiel erreicht\u201c res\u00fcmiert Marion Bergk, auf deren Initiative hin der Weltseniorentag in diesem Jahr in Aachen erstmalig so gro\u00df gefeiert wurde.<\/p>\n<figure id=\"attachment_5839\" aria-describedby=\"caption-attachment-5839\" style=\"width: 1014px\" class=\"wp-caption alignleft\"><img loading=\"lazy\" decoding=\"async\" class=\"wp-image-5839 size-large\" src=\"https:\/\/unser-quartier.de\/55plus-am-westpark\/files\/2020\/01\/IMG_20191001_091624-1024x576.jpg\" alt=\"Gedeckter Tisch\" width=\"1024\" height=\"576\" srcset=\"https:\/\/unser-quartier.de\/55plus-am-westpark\/files\/2020\/01\/IMG_20191001_091624-1024x576.jpg 1024w, https:\/\/unser-quartier.de\/55plus-am-westpark\/files\/2020\/01\/IMG_20191001_091624-300x168.jpg 300w, https:\/\/unser-quartier.de\/55plus-am-westpark\/files\/2020\/01\/IMG_20191001_091624-150x84.jpg 150w, https:\/\/unser-quartier.de\/55plus-am-westpark\/files\/2020\/01\/IMG_20191001_091624-768x432.jpg 768w, https:\/\/unser-quartier.de\/55plus-am-westpark\/files\/2020\/01\/IMG_20191001_091624-1536x864.jpg 1536w, https:\/\/unser-quartier.de\/55plus-am-westpark\/files\/2020\/01\/IMG_20191001_091624-2048x1152.jpg 2048w, https:\/\/unser-quartier.de\/55plus-am-westpark\/files\/2020\/01\/IMG_20191001_091624.jpg 1200w\" sizes=\"auto, (max-width: 1024px) 100vw, 1024px\" \/><figcaption id=\"caption-attachment-5839\" class=\"wp-caption-text\">Das Fr\u00fchst\u00fcck &#8211; klein und fein. Foto. Meret Bergk<\/figcaption><\/figure>\n<p>Als Kooperationspartner konnte sie <a href=\"https:\/\/www.engagiert-aelter-in-aachen.de\/programm-engagiert\/engagiert-aelter-werden-in-aachen-west\/\" data-wpel-link=\"external\" target=\"_blank\" rel=\"nofollow external noopener noreferrer\" title=\"Externer Link: \u201eengagiert \u00e4lter werden in Aachen-West\u201c\" class=\"ext-link wpel-icon-right\">\u201eengagiert \u00e4lter werden in Aachen-West\u201c<span class=\"wpel-icon wpel-image wpel-icon-6\"><\/span><\/a> der evangelischen Genezareth-Kirche, die <a href=\"https:\/\/pfarrei-sankt-jakob.de\/\" data-wpel-link=\"external\" target=\"_blank\" rel=\"nofollow external noopener noreferrer\" title=\"Externer Link: katholische Kirchengemeinde St. Jakob\" class=\"ext-link wpel-icon-right\">katholische Kirchengemeinde St. Jakob<span class=\"wpel-icon wpel-image wpel-icon-6\"><\/span><\/a> sowie das <a href=\"https:\/\/serviceportal.aachen.de\/suche\/-\/egov-bis-search\/employee\/58782\" data-wpel-link=\"external\" target=\"_blank\" rel=\"nofollow external noopener noreferrer\" title=\"Externer Link: Quartiersmanagement Kronenberg\/Kullen\" class=\"ext-link wpel-icon-right\">Quartiersmanagement Kronenberg\/Kullen<span class=\"wpel-icon wpel-image wpel-icon-6\"><\/span><\/a> der Stadt Aachen f\u00fcr die Aktion gewinnen. \u201eWir wollen M\u00f6glichkeiten schaffen, dass \u00e4ltere Menschen zwanglos miteinander ins Gespr\u00e4ch kommen und neue Kontakte kn\u00fcpfen k\u00f6nnen.\u201c Das Kuckucksnest, eine Kultkneipe im Aachener Westen, war daf\u00fcr die perfekte Location. Liebevoll dekorierte und eingedeckte Tische sowie eine leckere Verpflegung taten ihr \u00dcbriges, damit die Seniorinnen und Senioren sich wohlf\u00fchlten.<\/p>\n<figure id=\"attachment_5848\" aria-describedby=\"caption-attachment-5848\" style=\"width: 1014px\" class=\"wp-caption alignleft\"><img loading=\"lazy\" decoding=\"async\" class=\"wp-image-5848 size-large\" src=\"https:\/\/unser-quartier.de\/55plus-am-westpark\/files\/2020\/01\/DSC_0802-1024x680.jpg\" alt=\"Menschen beim Fr\u00fchst\u00fcck\" width=\"1024\" height=\"680\" srcset=\"https:\/\/unser-quartier.de\/55plus-am-westpark\/files\/2020\/01\/DSC_0802-1024x680.jpg 1024w, https:\/\/unser-quartier.de\/55plus-am-westpark\/files\/2020\/01\/DSC_0802-300x199.jpg 300w, https:\/\/unser-quartier.de\/55plus-am-westpark\/files\/2020\/01\/DSC_0802-150x99.jpg 150w, https:\/\/unser-quartier.de\/55plus-am-westpark\/files\/2020\/01\/DSC_0802-768x510.jpg 768w, https:\/\/unser-quartier.de\/55plus-am-westpark\/files\/2020\/01\/DSC_0802-1536x1021.jpg 1536w, https:\/\/unser-quartier.de\/55plus-am-westpark\/files\/2020\/01\/DSC_0802-2048x1361.jpg 2048w, https:\/\/unser-quartier.de\/55plus-am-westpark\/files\/2020\/01\/DSC_0802-272x182.jpg 272w, https:\/\/unser-quartier.de\/55plus-am-westpark\/files\/2020\/01\/DSC_0802.jpg 1200w\" sizes=\"auto, (max-width: 1024px) 100vw, 1024px\" \/><figcaption id=\"caption-attachment-5848\" class=\"wp-caption-text\">Gute Unterhaltungen. Foto: Meret Bergk<\/figcaption><\/figure>\n<p>Zum anschlie\u00dfenden offenen Singen in der Rotunde des Elisenbrunnens waren rund 150 Menschen erschienen, um sich von der S\u00e4ngerin und Chorleiterin Tanja Raich mitnehmen und mitrei\u00dfen zu lassen. Die anf\u00e4ngliche Scheu, nicht gut singen zu k\u00f6nnen, verflog rasch. \u201eEs war sch\u00f6n zu beobachten, wie sich die Menschen w\u00e4hrend des Singens \u00f6ffneten und aus sich herausgingen\u201c so Ulrike Overs (engagiert \u00e4lter werden in Aachen-West). Beim Udo J\u00fcrgens Hit <em>\u201eMit 66 Jahren\u201c <\/em>sa\u00df dann auch niemand mehr auf den St\u00fchlen, alle tanzten ausgelassen mit.<\/p>\n<figure id=\"attachment_5840\" aria-describedby=\"caption-attachment-5840\" style=\"width: 1014px\" class=\"wp-caption alignleft\"><img loading=\"lazy\" decoding=\"async\" class=\"wp-image-5840 size-large\" src=\"https:\/\/unser-quartier.de\/55plus-am-westpark\/files\/2020\/01\/DSC_0877-1024x680.jpg\" alt=\"Menschen sthen im Halbkreis und heben die Arme\" width=\"1024\" height=\"680\" srcset=\"https:\/\/unser-quartier.de\/55plus-am-westpark\/files\/2020\/01\/DSC_0877-1024x680.jpg 1024w, https:\/\/unser-quartier.de\/55plus-am-westpark\/files\/2020\/01\/DSC_0877-300x199.jpg 300w, https:\/\/unser-quartier.de\/55plus-am-westpark\/files\/2020\/01\/DSC_0877-150x99.jpg 150w, https:\/\/unser-quartier.de\/55plus-am-westpark\/files\/2020\/01\/DSC_0877-768x510.jpg 768w, https:\/\/unser-quartier.de\/55plus-am-westpark\/files\/2020\/01\/DSC_0877-1536x1021.jpg 1536w, https:\/\/unser-quartier.de\/55plus-am-westpark\/files\/2020\/01\/DSC_0877-2048x1361.jpg 2048w, https:\/\/unser-quartier.de\/55plus-am-westpark\/files\/2020\/01\/DSC_0877-272x182.jpg 272w, https:\/\/unser-quartier.de\/55plus-am-westpark\/files\/2020\/01\/DSC_0877.jpg 1200w\" sizes=\"auto, (max-width: 1024px) 100vw, 1024px\" \/><figcaption id=\"caption-attachment-5840\" class=\"wp-caption-text\">Aufw\u00e4rm\u00fcbungen sorgten f\u00fcr die n\u00f6tige Lockerheit. Foto: Meret Bergk<\/figcaption><\/figure>\n<p>Zur\u00fcck im Kuckucksnest wurde weiter getanzt. Das Prinzip der<em> Silent Disco <\/em>war schnell erkl\u00e4rt: Kopfh\u00f6rer aufsetzen, Lautst\u00e4rke einstellen und lostanzen. Was von au\u00dfen seltsam aussehen mochte, entwickelte eine Art Sogwirkung. \u201eKaum hatte ich den Kopfh\u00f6rer aufgesetzt, konnte ich nicht anders als mich zur Musik zu bewegen und auf die Tanzfl\u00e4che zu gehen\u201c, best\u00e4tigte eine Besucherin dieses Ph\u00e4nomen. DJ David Jankowski von <em>life is music<\/em> gelang es spielend, die Seniorinnen und Senioren mit der richtigen Musik zum Tanzen zu animieren, erf\u00fcllte Liederw\u00fcnsche auf Zuruf und hatte sichtlich Spa\u00df. Am Rande der Tanzfl\u00e4che unterhielten sich Menschen w\u00e4hrend ihrer Tanzpausen miteinander und genossen die musikfreie Zone. Dass\u00a0 eine Silent Disco aber keineswegs leise ist, sehen in diesem <a href=\"https:\/\/www.facebook.com\/lifeismusicdjbookingagentur\/videos\/938348023195938\/\" data-wpel-link=\"exclude\">Video<\/a>.<\/p>\n<figure id=\"attachment_5841\" aria-describedby=\"caption-attachment-5841\" style=\"width: 1190px\" class=\"wp-caption aligncenter\"><img loading=\"lazy\" decoding=\"async\" class=\"wp-image-5841 size-full\" src=\"https:\/\/unser-quartier.de\/55plus-am-westpark\/files\/2020\/01\/DSC_0985.jpg\" alt=\"Menschen mit leuchtenden Kopfh\u00f6rern tanzen\" width=\"1200\" height=\"798\" srcset=\"https:\/\/unser-quartier.de\/55plus-am-westpark\/files\/2020\/01\/DSC_0985.jpg 1200w, https:\/\/unser-quartier.de\/55plus-am-westpark\/files\/2020\/01\/DSC_0985-300x199.jpg 300w, https:\/\/unser-quartier.de\/55plus-am-westpark\/files\/2020\/01\/DSC_0985-1024x680.jpg 1024w, https:\/\/unser-quartier.de\/55plus-am-westpark\/files\/2020\/01\/DSC_0985-150x99.jpg 150w, https:\/\/unser-quartier.de\/55plus-am-westpark\/files\/2020\/01\/DSC_0985-768x510.jpg 768w, https:\/\/unser-quartier.de\/55plus-am-westpark\/files\/2020\/01\/DSC_0985-600x400.jpg 600w, https:\/\/unser-quartier.de\/55plus-am-westpark\/files\/2020\/01\/DSC_0985-1536x1021.jpg 1536w, https:\/\/unser-quartier.de\/55plus-am-westpark\/files\/2020\/01\/DSC_0985-2048x1361.jpg 2048w, https:\/\/unser-quartier.de\/55plus-am-westpark\/files\/2020\/01\/DSC_0985-272x182.jpg 272w\" sizes=\"auto, (max-width: 1200px) 100vw, 1200px\" \/><figcaption id=\"caption-attachment-5841\" class=\"wp-caption-text\">Die Silent Disco war keineswegs leise. Foto: Meret Bergk<\/figcaption><\/figure>\n<p>Alles in allem war dieser Weltseniorentag f\u00fcr das Organisationsteam ein voller Erfolg. \u201eWir haben heute in so viele strahlende Gesichter geschaut so viele positive R\u00fcckmeldungen bekommen, dass wir selber ganz beschwingt sind von diesem Tag\u201c so Marion Bergk. Das hauptamtliche Organisationsteam\u00a0 bedankt sich herzlich bei allen, die zum Gelingen des Weltseniorentages 2019 in Aachen beigetragen haben.<\/p>\n<figure id=\"attachment_5850\" aria-describedby=\"caption-attachment-5850\" style=\"width: 1190px\" class=\"wp-caption aligncenter\"><img loading=\"lazy\" decoding=\"async\" class=\"size-full wp-image-5850\" src=\"https:\/\/unser-quartier.de\/55plus-am-westpark\/files\/2020\/01\/Pressefoto_2019_09_10.jpg\" alt=\"Orgateam Weltsenuiorentag 2019 Aachen\" width=\"1200\" height=\"823\" srcset=\"https:\/\/unser-quartier.de\/55plus-am-westpark\/files\/2020\/01\/Pressefoto_2019_09_10.jpg 1200w, https:\/\/unser-quartier.de\/55plus-am-westpark\/files\/2020\/01\/Pressefoto_2019_09_10-300x205.jpg 300w, https:\/\/unser-quartier.de\/55plus-am-westpark\/files\/2020\/01\/Pressefoto_2019_09_10-1024x702.jpg 1024w, https:\/\/unser-quartier.de\/55plus-am-westpark\/files\/2020\/01\/Pressefoto_2019_09_10-150x102.jpg 150w, https:\/\/unser-quartier.de\/55plus-am-westpark\/files\/2020\/01\/Pressefoto_2019_09_10-768x526.jpg 768w, https:\/\/unser-quartier.de\/55plus-am-westpark\/files\/2020\/01\/Pressefoto_2019_09_10-1536x1053.jpg 1536w, https:\/\/unser-quartier.de\/55plus-am-westpark\/files\/2020\/01\/Pressefoto_2019_09_10-2048x1404.jpg 2048w\" sizes=\"auto, (max-width: 1200px) 100vw, 1200px\" \/><figcaption id=\"caption-attachment-5850\" class=\"wp-caption-text\">Orgateam Weltseniorentag 2019 in Aachen. Foto: Ralf Roeger<\/figcaption><\/figure>\n<p>Danke an STAWAG, ASEAG, Caf\u00e94you, Hans-Georg Salz und K-aix, die uns finanziell unterst\u00fctzt haben.\u00a0 Danke Tanja Raich und Luc Nellissen, Philipp Schulte und David Jankowski f\u00fcr die Musik. Danke den vielen freiwilligen Helferinnen und Helfer, die die Tische gedeckt, den Kaffee gekocht, St\u00fchle geschleppt und aufger\u00e4umt haben. Danke den vielen Seniorinnen und Senioren, die unseren Spa\u00df und Begeisterung geteilt haben. Wir freuen uns auf eine Neuauflage im n\u00e4chsten Jahr.<\/p>\n<p>&nbsp;<\/p>\n<p>&nbsp;<\/p>\n<p><strong>\u00a0<\/strong><\/p>\n","protected":false},"excerpt":{"rendered":"<p>Singen und Tanzen am Weltseniorentag 2019 \u2013 Weil Lebensfreude kein Alter kennt Der Weltseniorentag, der am 01. Oktober begangen wird, wurde1990 durch die UNO initiiert, um die Leistungen der \u00c4lteren und den Gewinn, den sie f\u00fcr das gesellschaftliche Zusammenleben darstellen, zu w\u00fcrdigen. \u201eWir im Aachener Westen m\u00f6chten diesen Tag mit allen Seniorinnen und Senioren in&hellip; <a class=\"continue\" href=\"https:\/\/unser-quartier.de\/55plus-am-westpark\/weltseniorentag\/\" data-wpel-link=\"internal\"> \u00bb weiterlesen: <span> Weltseniorentag<\/span><\/a><\/p>\n","protected":false},"author":701,"featured_media":0,"parent":0,"menu_order":0,"comment_status":"closed","ping_status":"closed","template":"","meta":{"generate_page_header":"","footnotes":""},"class_list":["post-5828","page","type-page","status-publish"],"_links":{"self":[{"href":"https:\/\/unser-quartier.de\/55plus-am-westpark\/wp-json\/wp\/v2\/pages\/5828","targetHints":{"allow":["GET"]}}],"collection":[{"href":"https:\/\/unser-quartier.de\/55plus-am-westpark\/wp-json\/wp\/v2\/pages"}],"about":[{"href":"https:\/\/unser-quartier.de\/55plus-am-westpark\/wp-json\/wp\/v2\/types\/page"}],"author":[{"embeddable":true,"href":"https:\/\/unser-quartier.de\/55plus-am-westpark\/wp-json\/wp\/v2\/users\/701"}],"replies":[{"embeddable":true,"href":"https:\/\/unser-quartier.de\/55plus-am-westpark\/wp-json\/wp\/v2\/comments?post=5828"}],"version-history":[{"count":0,"href":"https:\/\/unser-quartier.de\/55plus-am-westpark\/wp-json\/wp\/v2\/pages\/5828\/revisions"}],"wp:attachment":[{"href":"https:\/\/unser-quartier.de\/55plus-am-westpark\/wp-json\/wp\/v2\/media?parent=5828"}],"curies":[{"name":"wp","href":"https:\/\/api.w.org\/{rel}","templated":true}]}}