{"id":2,"date":"2014-11-10T06:49:11","date_gmt":"2014-11-10T06:49:11","guid":{"rendered":"http:\/\/unser-quartier.de\/adventkalender\/?page_id=2"},"modified":"2014-12-02T09:33:04","modified_gmt":"2014-12-02T07:33:04","slug":"home","status":"publish","type":"page","link":"https:\/\/unser-quartier.de\/adventskalender\/","title":{"rendered":"Weihnachten im Quartier"},"content":{"rendered":"<p>Herzlich willkommen auf dem Adventskalender 2014 des <a title=\"Netzwerk Lokale Online-Gemeinschaften | Unser Quartier\" href=\"https:\/\/unser-quartier.de\/netzwerk\/netzwerk-lokale-online-gemeinschaften\/\" data-wpel-link=\"external\" rel=\"nofollow external noopener noreferrer\" class=\"ext-link wpel-icon-right\">Netzwerk Lokale Online-Gemeinschaften<span class=\"wpel-icon wpel-image wpel-icon-4\"><\/span><\/a>.<\/p>\n<p>Hier erwarten Dich vom 1. bis 24. Dezember 2014 t\u00e4glich interessante Beitr\u00e4ge zum Thema &#8222;<strong>Weihnachten im Quartier<\/strong>&#8222;.<\/p>\n<p>Du kannst entweder <a title=\"Der Adventkalender 2014\" href=\"https:\/\/unser-quartier.de\/adventskalender\/tuerchen\/\" data-wpel-link=\"internal\">in unserem Kalender st\u00f6bern<\/a> oder Dir die <a title=\"Chronologisch | Der Adventskalender | des Netzwerk Lokale Online-Gemeinschaften\" href=\"https:\/\/unser-quartier.de\/adventskalender\/chronologisch\/\" data-wpel-link=\"internal\">Beitr\u00e4ge chronologisch anschauen<\/a>.<\/p>\n<div style=\"background: #c0c0c0; padding: 20px;\">\n<p>Wenn Du nichts verpassen m\u00f6chtest, abonniere die Beitr\u00e4ge per E-Mail:<\/p>\n<p>[jetpack_subscription_form show_subscribers_total=0 title=&#8220;Weihnachtsmail&#8220; subscribe_text=&#8220;Gib Deine E-Mail-Adresse an, um den Advent-Kalender zu abonnieren und die Benachrichtigungen \u00fcber neue ge\u00f6ffnete T\u00fcrchen via E-Mail zu erhalten.&#8220;\u00a0subscribe_button=&#8220;Einschreiben!&#8220;]<\/p>\n<\/div>\n<p style=\"text-align: right;\">\u00a0<\/p>\n<p style=\"text-align: right;\"><em>\u00a0Foto: <a href=\"https:\/\/www.flickr.com\/photos\/pagedooley\/11471962013\/\" target=\"_blank\" data-wpel-link=\"external\" rel=\"nofollow external noopener noreferrer\" class=\"ext-link wpel-icon-right\">Kevin Dooley<span class=\"wpel-icon wpel-image wpel-icon-4\"><\/span><\/a> &#8211; <a href=\"http:\/\/creativecommons.org\/licenses\/by\/2.0\/\" data-wpel-link=\"external\" rel=\"nofollow external noopener noreferrer\" class=\"ext-link wpel-icon-right\">CC BY 2.0<span class=\"wpel-icon wpel-image wpel-icon-4\"><\/span><\/a><\/em><\/p>\n<p style=\"text-align: right;\">Vielen Dank auch an <a title=\"Adventskalender mit WordPress erstellen - Webwiese\" href=\"http:\/\/www.web-texter-wiese.de\/blog\/adventskalender-mit-worpress-erstellen\/\" data-wpel-link=\"external\" rel=\"nofollow external noopener noreferrer\" class=\"ext-link wpel-icon-right\">Webwiese<span class=\"wpel-icon wpel-image wpel-icon-4\"><\/span><\/a> f\u00fcr die Ratschl\u00e4ge bei der Umsetzung!<\/p>\n","protected":false},"excerpt":{"rendered":"<p>Herzlich willkommen auf dem Adventskalender 2014 des Netzwerk Lokale Online-Gemeinschaften. Hier erwarten Dich vom 1. bis 24. Dezember 2014 t\u00e4glich interessante Beitr\u00e4ge zum Thema &#8222;Weihnachten im Quartier&#8222;. Du kannst entweder in unserem Kalender st\u00f6bern oder Dir die Beitr\u00e4ge chronologisch anschauen. Wenn Du nichts verpassen m\u00f6chtest, abonniere die Beitr\u00e4ge per E-Mail: [jetpack_subscription_form show_subscribers_total=0 title=&#8220;Weihnachtsmail&#8220; subscribe_text=&#8220;Gib Deine [&hellip;]<\/p>\n","protected":false},"author":78,"featured_media":0,"parent":0,"menu_order":1,"comment_status":"closed","ping_status":"open","template":"page-templates\/page-nosidebar.php","meta":{"footnotes":""},"class_list":["post-2","page","type-page","status-publish","hentry"],"_links":{"self":[{"href":"https:\/\/unser-quartier.de\/adventskalender\/wp-json\/wp\/v2\/pages\/2","targetHints":{"allow":["GET"]}}],"collection":[{"href":"https:\/\/unser-quartier.de\/adventskalender\/wp-json\/wp\/v2\/pages"}],"about":[{"href":"https:\/\/unser-quartier.de\/adventskalender\/wp-json\/wp\/v2\/types\/page"}],"author":[{"embeddable":true,"href":"https:\/\/unser-quartier.de\/adventskalender\/wp-json\/wp\/v2\/users\/78"}],"replies":[{"embeddable":true,"href":"https:\/\/unser-quartier.de\/adventskalender\/wp-json\/wp\/v2\/comments?post=2"}],"version-history":[{"count":0,"href":"https:\/\/unser-quartier.de\/adventskalender\/wp-json\/wp\/v2\/pages\/2\/revisions"}],"wp:attachment":[{"href":"https:\/\/unser-quartier.de\/adventskalender\/wp-json\/wp\/v2\/media?parent=2"}],"curies":[{"name":"wp","href":"https:\/\/api.w.org\/{rel}","templated":true}]}}