{"id":29,"date":"2014-11-10T09:48:39","date_gmt":"2014-11-10T07:48:39","guid":{"rendered":"http:\/\/unser-quartier.de\/adventkalender\/?page_id=29"},"modified":"2014-12-01T21:06:18","modified_gmt":"2014-12-01T19:06:18","slug":"ueber-diesen-adventkalender","status":"publish","type":"page","link":"https:\/\/unser-quartier.de\/adventskalender\/ueber-diesen-adventkalender\/","title":{"rendered":"\u00dcber diesen Adventskalender"},"content":{"rendered":"<p>Dieser Adventskalender ist eine gemeinsame Aktion des <a title=\"Netzwerk Lokale Online-Gemeinschaften | Unser Quartier\" href=\"https:\/\/unser-quartier.de\/netzwerk\/netzwerk-lokale-online-gemeinschaften\/\" data-wpel-link=\"external\" rel=\"nofollow external noopener noreferrer\" class=\"ext-link wpel-icon-right\">Netzwerks Lokale Online-Gemeinschaften<span class=\"wpel-icon wpel-image wpel-icon-4\"><\/span><\/a>. Im Jahre 2014 haben wir das gemeinsame Thema &#8222;Weihnachten im Quartier&#8220; gew\u00e4hlt.<\/p>\n<p>Weihnachten und Quartier wecken in uns verschiedenste Assoziationen und Erinnerungen. Mit dem Adventskalender ver\u00f6ffentlichen die Autorinnen und Autoren 24 individuelle Sichtweisen auf diese beiden Worte.<\/p>\n<p>Vor dem Hintergrund pers\u00f6nlicher Erinnerungen oder Geschichten aus Vergangenheit und Gegenwart, fachlicher Tipps oder besinnlicher Hinweise kann jeden Tag ein neues T\u00fcrchen ge\u00f6ffnet werden. <strong>Lassen Sie sich \u00fcberraschen<\/strong>!<\/p>\n<p>Es erwarten Sie die verschiedensten Beitr\u00e4ge, Gedichte, Texte, Videos oder Spiele, die einen Zusammenhang zwischen Weihnachten, dem Begriff Quartier und dem Inhalt des eigenen Blogs der Autor\/innen herstellen.<\/p>\n<p>Bitte besuchen Sie auch die einzelnen Webseiten oder hinterlassen Kommentare.<\/p>\n<p>Mitwirkende 2014:<\/p>\n<p><em>Karl-Heinz Bayer<\/em>, <a href=\"https:\/\/unser-quartier.de\/slr-lohmar\/\" data-wpel-link=\"external\" rel=\"nofollow external noopener noreferrer\" class=\"ext-link wpel-icon-right\">Senioren in Lohmar<span class=\"wpel-icon wpel-image wpel-icon-4\"><\/span><\/a><\/p>\n<p><em>Antonie Dell<\/em>, <a href=\"https:\/\/unser-quartier.de\/siegen-mitte\" data-wpel-link=\"external\" rel=\"nofollow external noopener noreferrer\" class=\"ext-link wpel-icon-right\">Siegen Mitte<span class=\"wpel-icon wpel-image wpel-icon-4\"><\/span><\/a><\/p>\n<p><em>Daniel Hoffmann<\/em>, <a href=\"https:\/\/unser-quartier.de\/\" data-wpel-link=\"external\" rel=\"nofollow external noopener noreferrer\" class=\"ext-link wpel-icon-right\">Unser Quartier<span class=\"wpel-icon wpel-image wpel-icon-4\"><\/span><\/a><\/p>\n<p><em>Gabi Klein<\/em>, <a href=\"http:\/\/forum-seniorenarbeit.de\/\" data-wpel-link=\"external\" rel=\"nofollow external noopener noreferrer\" class=\"ext-link wpel-icon-right\">Forum Seniorenarbeit<span class=\"wpel-icon wpel-image wpel-icon-4\"><\/span><\/a><\/p>\n<p><em>Hans-J\u00fcrgen Knabben<\/em>, <a href=\"https:\/\/unser-quartier.de\/stadt-bergheim\/\" data-wpel-link=\"external\" rel=\"nofollow external noopener noreferrer\" class=\"ext-link wpel-icon-right\">Fachforum Seniorenarbeit Bergheim<span class=\"wpel-icon wpel-image wpel-icon-4\"><\/span><\/a><\/p>\n<p><em>Franz K\u00f6nig<\/em>, <a href=\"https:\/\/unser-quartier.de\/slr-lohmar\/\" data-wpel-link=\"external\" rel=\"nofollow external noopener noreferrer\" class=\"ext-link wpel-icon-right\">Senioren in Lohmar<span class=\"wpel-icon wpel-image wpel-icon-4\"><\/span><\/a><\/p>\n<p><em>Chantal Panacci<\/em>, <a href=\"https:\/\/unser-quartier.de\/an-der-uni\/\" data-wpel-link=\"external\" rel=\"nofollow external noopener noreferrer\" class=\"ext-link wpel-icon-right\">An der Uni<span class=\"wpel-icon wpel-image wpel-icon-4\"><\/span><\/a><\/p>\n<p><em>Brigitte Reu\u00df<\/em>, <a href=\"https:\/\/unser-quartier.de\/zzb-muelheim\/\" data-wpel-link=\"external\" rel=\"nofollow external noopener noreferrer\" class=\"ext-link wpel-icon-right\">Zeitzeugenb\u00f6rse M\u00fclheim an der Ruhr<span class=\"wpel-icon wpel-image wpel-icon-4\"><\/span><\/a> \/ <a href=\"https:\/\/unser-quartier.de\/efi-muelheim\/\" data-wpel-link=\"external\" rel=\"nofollow external noopener noreferrer\" class=\"ext-link wpel-icon-right\">EFI M\u00fclheim<span class=\"wpel-icon wpel-image wpel-icon-4\"><\/span><\/a><\/p>\n<p><em>Horst Roos<\/em>, <a href=\"http:\/\/miteinander-in-ft.de\" data-wpel-link=\"external\" rel=\"nofollow external noopener noreferrer\" class=\"ext-link wpel-icon-right\">Miteinander in Frankenthal<span class=\"wpel-icon wpel-image wpel-icon-4\"><\/span><\/a><\/p>\n<p><em>Annette Scholl<\/em>, <a href=\"http:\/\/nachbarschaft-heute.de\/\" data-wpel-link=\"external\" rel=\"nofollow external noopener noreferrer\" class=\"ext-link wpel-icon-right\">Nachachbarschaft heute<span class=\"wpel-icon wpel-image wpel-icon-4\"><\/span><\/a><\/p>\n<p>&nbsp;<\/p>\n","protected":false},"excerpt":{"rendered":"<p>Dieser Adventskalender ist eine gemeinsame Aktion des Netzwerks Lokale Online-Gemeinschaften. Im Jahre 2014 haben wir das gemeinsame Thema &#8222;Weihnachten im Quartier&#8220; gew\u00e4hlt. Weihnachten und Quartier wecken in uns verschiedenste Assoziationen und Erinnerungen. Mit dem Adventskalender ver\u00f6ffentlichen die Autorinnen und Autoren 24 individuelle Sichtweisen auf diese beiden Worte. Vor dem Hintergrund pers\u00f6nlicher Erinnerungen oder Geschichten aus [&hellip;]<\/p>\n","protected":false},"author":78,"featured_media":0,"parent":0,"menu_order":3,"comment_status":"closed","ping_status":"open","template":"","meta":{"footnotes":""},"class_list":["post-29","page","type-page","status-publish","hentry"],"_links":{"self":[{"href":"https:\/\/unser-quartier.de\/adventskalender\/wp-json\/wp\/v2\/pages\/29","targetHints":{"allow":["GET"]}}],"collection":[{"href":"https:\/\/unser-quartier.de\/adventskalender\/wp-json\/wp\/v2\/pages"}],"about":[{"href":"https:\/\/unser-quartier.de\/adventskalender\/wp-json\/wp\/v2\/types\/page"}],"author":[{"embeddable":true,"href":"https:\/\/unser-quartier.de\/adventskalender\/wp-json\/wp\/v2\/users\/78"}],"replies":[{"embeddable":true,"href":"https:\/\/unser-quartier.de\/adventskalender\/wp-json\/wp\/v2\/comments?post=29"}],"version-history":[{"count":0,"href":"https:\/\/unser-quartier.de\/adventskalender\/wp-json\/wp\/v2\/pages\/29\/revisions"}],"wp:attachment":[{"href":"https:\/\/unser-quartier.de\/adventskalender\/wp-json\/wp\/v2\/media?parent=29"}],"curies":[{"name":"wp","href":"https:\/\/api.w.org\/{rel}","templated":true}]}}