{"id":1576,"date":"2021-01-07T14:15:50","date_gmt":"2021-01-07T13:15:50","guid":{"rendered":"http:\/\/unser-quartier.de\/bauchem\/?page_id=1576"},"modified":"2023-08-13T13:30:39","modified_gmt":"2023-08-13T11:30:39","slug":"das-team","status":"publish","type":"page","link":"https:\/\/unser-quartier.de\/bauchem\/ueber-uns\/das-team\/","title":{"rendered":"Das Team"},"content":{"rendered":"<h3>Melanie Hafers-Weinberg<\/h3>\n<p>Quartiersmanagerin &#8211; Koordination der Quartiersentwicklung Bauchem \/ Stadt Mitte \/ H\u00fcnshoven<\/p>\n<h3>Maike Aatz<\/h3>\n<p>Mitarbeiterin &#8211; berichtet auf dieser Homepage \u00fcber interessante Themen und pflegt den Veranstaltungskalender.<\/p>\n<h3>Waltraud G\u00fcnther<\/h3>\n<p>Mitarbeiterin &#8211; unterst\u00fctzt diese Hompage technisch und pflegt den Veranstaltungskalender.<\/p>\n<h3>Sebastian Comans<\/h3>\n<p>Ehrenamtlicher Mitarbeiter &#8211; unterst\u00fctzt diese Hompage technisch.<\/p>\n","protected":false},"excerpt":{"rendered":"<p>Melanie Hafers-Weinberg Quartiersmanagerin &#8211; Koordination der Quartiersentwicklung Bauchem \/ Stadt Mitte \/ H\u00fcnshoven Maike Aatz Mitarbeiterin &#8211; berichtet auf dieser Homepage \u00fcber interessante Themen und pflegt den Veranstaltungskalender. Waltraud G\u00fcnther Mitarbeiterin &#8211; unterst\u00fctzt diese Hompage technisch und pflegt den Veranstaltungskalender. Sebastian Comans Ehrenamtlicher Mitarbeiter &#8211; unterst\u00fctzt diese Hompage technisch.<\/p>\n","protected":false},"author":405,"featured_media":0,"parent":18,"menu_order":7,"comment_status":"closed","ping_status":"closed","template":"","meta":{"ngg_post_thumbnail":0,"generate_page_header":"","footnotes":""},"class_list":["post-1576","page","type-page","status-publish"],"_links":{"self":[{"href":"https:\/\/unser-quartier.de\/bauchem\/wp-json\/wp\/v2\/pages\/1576","targetHints":{"allow":["GET"]}}],"collection":[{"href":"https:\/\/unser-quartier.de\/bauchem\/wp-json\/wp\/v2\/pages"}],"about":[{"href":"https:\/\/unser-quartier.de\/bauchem\/wp-json\/wp\/v2\/types\/page"}],"author":[{"embeddable":true,"href":"https:\/\/unser-quartier.de\/bauchem\/wp-json\/wp\/v2\/users\/405"}],"replies":[{"embeddable":true,"href":"https:\/\/unser-quartier.de\/bauchem\/wp-json\/wp\/v2\/comments?post=1576"}],"version-history":[{"count":1,"href":"https:\/\/unser-quartier.de\/bauchem\/wp-json\/wp\/v2\/pages\/1576\/revisions"}],"predecessor-version":[{"id":6757,"href":"https:\/\/unser-quartier.de\/bauchem\/wp-json\/wp\/v2\/pages\/1576\/revisions\/6757"}],"up":[{"embeddable":true,"href":"https:\/\/unser-quartier.de\/bauchem\/wp-json\/wp\/v2\/pages\/18"}],"wp:attachment":[{"href":"https:\/\/unser-quartier.de\/bauchem\/wp-json\/wp\/v2\/media?parent=1576"}],"curies":[{"name":"wp","href":"https:\/\/api.w.org\/{rel}","templated":true}]}}