{"id":18,"date":"2014-01-22T08:48:18","date_gmt":"2014-01-22T07:48:18","guid":{"rendered":"http:\/\/unser-quartier.de\/bauchem\/?page_id=18"},"modified":"2021-03-25T10:57:00","modified_gmt":"2021-03-25T09:57:00","slug":"ueber-uns","status":"publish","type":"page","link":"https:\/\/unser-quartier.de\/bauchem\/ueber-uns\/","title":{"rendered":"\u00dcber uns"},"content":{"rendered":"<h1>Von der Idee zur Internetpr\u00e4senz<\/h1>\n<p><a href=\"https:\/\/unser-quartier.de\/bauchem\/files\/2015\/03\/header_unser-quartier.jpg\" data-wpel-link=\"internal\"><img loading=\"lazy\" decoding=\"async\" class=\"alignleft size-medium wp-image-123\" src=\"https:\/\/unser-quartier.de\/bauchem\/files\/2015\/03\/header_unser-quartier-300x221.jpg\" alt=\"Kopf unser-quartier.de Musterseiten\" width=\"300\" height=\"221\" srcset=\"https:\/\/unser-quartier.de\/bauchem\/files\/2015\/03\/header_unser-quartier-300x221.jpg 300w, https:\/\/unser-quartier.de\/bauchem\/files\/2015\/03\/header_unser-quartier-150x110.jpg 150w, https:\/\/unser-quartier.de\/bauchem\/files\/2015\/03\/header_unser-quartier-80x60.jpg 80w, https:\/\/unser-quartier.de\/bauchem\/files\/2015\/03\/header_unser-quartier.jpg 1200w\" sizes=\"auto, (max-width: 300px) 100vw, 300px\" \/><\/a>Auch Alter sch\u00fctzt nicht vor Innovationen. Technische Neuerungen, die auch das Zusammenleben und die Kommunikation im Stadtteil f\u00f6rdern und einfacher machen. Daraus entstand die Idee im Kuratorium Deutsche Altenhilfe, eine Internetplattform zu schaffen, die auch \u00e4ltere Menschen mit den Netz verbindet. M\u00f6glichst barrierefrei, das hei\u00dft: einfach benutzbar sein, auch ohne gro\u00dfe Vorkenntnisse. Also wurden f\u00fcr das Quartier Bauchem Menschen gesucht, die diese Internetpr\u00e4senz einrichten, gestalten und pflegen.<\/p>\n<p>In einem Workshop, der insgesamt \u00fcber f\u00fcnf Tage angelegt war, wurde geschult und ge\u00fcbt. In der Jugendherberge Duisburg-Wedau machte Daniel Hoffmann die Teilnehmer fit f\u00fcr diese Aufgabe. Und am Ende kann sich das Resultat sehen lassen. Es entstand eine Homepage, die den B\u00fcrgern, Vereinen und Organisationen in Bauchem m\u00f6glichst alle Informationen bieten soll, die sie f\u00fcr ihren Alltag brauchen. Der Stadtteil soll m\u00f6glichst weit vernetzt werden.<\/p>\n","protected":false},"excerpt":{"rendered":"<p>Von der Idee zur Internetpr\u00e4senz Auch Alter sch\u00fctzt nicht vor Innovationen. Technische Neuerungen, die auch das Zusammenleben und die Kommunikation im Stadtteil f\u00f6rdern und einfacher machen. Daraus entstand die Idee im Kuratorium Deutsche Altenhilfe, eine Internetplattform zu schaffen, die auch \u00e4ltere Menschen mit den Netz verbindet. M\u00f6glichst barrierefrei, das hei\u00dft: einfach benutzbar sein, auch ohne&hellip; <a class=\"continue\" href=\"https:\/\/unser-quartier.de\/bauchem\/ueber-uns\/\" data-wpel-link=\"internal\"> \u00bb weiterlesen: <span> \u00dcber uns<\/span><\/a><\/p>\n","protected":false},"author":398,"featured_media":0,"parent":0,"menu_order":8,"comment_status":"closed","ping_status":"closed","template":"","meta":{"ngg_post_thumbnail":0,"generate_page_header":"","footnotes":""},"class_list":["post-18","page","type-page","status-publish"],"_links":{"self":[{"href":"https:\/\/unser-quartier.de\/bauchem\/wp-json\/wp\/v2\/pages\/18","targetHints":{"allow":["GET"]}}],"collection":[{"href":"https:\/\/unser-quartier.de\/bauchem\/wp-json\/wp\/v2\/pages"}],"about":[{"href":"https:\/\/unser-quartier.de\/bauchem\/wp-json\/wp\/v2\/types\/page"}],"author":[{"embeddable":true,"href":"https:\/\/unser-quartier.de\/bauchem\/wp-json\/wp\/v2\/users\/398"}],"replies":[{"embeddable":true,"href":"https:\/\/unser-quartier.de\/bauchem\/wp-json\/wp\/v2\/comments?post=18"}],"version-history":[{"count":0,"href":"https:\/\/unser-quartier.de\/bauchem\/wp-json\/wp\/v2\/pages\/18\/revisions"}],"wp:attachment":[{"href":"https:\/\/unser-quartier.de\/bauchem\/wp-json\/wp\/v2\/media?parent=18"}],"curies":[{"name":"wp","href":"https:\/\/api.w.org\/{rel}","templated":true}]}}