{"id":6918,"date":"2023-09-15T17:52:49","date_gmt":"2023-09-15T15:52:49","guid":{"rendered":"https:\/\/unser-quartier.de\/bauchem\/?page_id=6918"},"modified":"2023-11-13T13:01:57","modified_gmt":"2023-11-13T12:01:57","slug":"das-macht-uns-aus","status":"publish","type":"page","link":"https:\/\/unser-quartier.de\/bauchem\/das-macht-uns-aus\/","title":{"rendered":"Das macht uns aus"},"content":{"rendered":"<p>Wir m\u00f6chten uns mit unserer Quartiersarbeit f\u00fcr Geilenkirchen, Bauchem und H\u00fcnshoven an den Bed\u00fcrfnissen und Interessen aller Menschen im Quartier orientieren.<\/p>\n<p>\nZudem sind wir f\u00fcr alle Menschen und Themen, die uns im Alltag begegnen eine Anlauf \u2013 und Vernetzungsstelle. Dar\u00fcber hinaus sind f\u00fcr unsere Arbeit b\u00fcrgernahe Aktivit\u00e4ten, die Gemeinschaft sowie Zusammenhalt mit den unterschiedlichsten Kooperationspartner von gro\u00dfer Bedeutung.<\/p>\n<p>\nUnsere Internetseite dient dazu, durch Beitr\u00e4ge mitten aus dem Quartier zu berichten sowie \u00fcber aktuelle Veranstaltungen zu informieren.<\/p>\n<p>\nJeder, der sich gerne ehrenamtlich engagieren m\u00f6chte, an unserer Seite mitzuwirken oder Ideen f\u00fcr unsere Arbeit hat, kann uns gerne ansprechen oder anschreiben!<\/p>\n","protected":false},"excerpt":{"rendered":"<p>Wir m\u00f6chten uns mit unserer Quartiersarbeit f\u00fcr Geilenkirchen, Bauchem und H\u00fcnshoven an den Bed\u00fcrfnissen und Interessen aller Menschen im Quartier orientieren. Zudem sind wir f\u00fcr alle Menschen und Themen, die uns im Alltag begegnen eine Anlauf \u2013 und Vernetzungsstelle. Dar\u00fcber hinaus sind f\u00fcr unsere Arbeit b\u00fcrgernahe Aktivit\u00e4ten, die Gemeinschaft sowie Zusammenhalt mit den unterschiedlichsten Kooperationspartner&hellip; <a class=\"continue\" href=\"https:\/\/unser-quartier.de\/bauchem\/das-macht-uns-aus\/\" data-wpel-link=\"internal\"> \u00bb weiterlesen: <span> Das macht uns aus<\/span><\/a><\/p>\n","protected":false},"author":909,"featured_media":0,"parent":0,"menu_order":0,"comment_status":"closed","ping_status":"closed","template":"","meta":{"ngg_post_thumbnail":0,"generate_page_header":"","footnotes":""},"class_list":["post-6918","page","type-page","status-publish"],"_links":{"self":[{"href":"https:\/\/unser-quartier.de\/bauchem\/wp-json\/wp\/v2\/pages\/6918","targetHints":{"allow":["GET"]}}],"collection":[{"href":"https:\/\/unser-quartier.de\/bauchem\/wp-json\/wp\/v2\/pages"}],"about":[{"href":"https:\/\/unser-quartier.de\/bauchem\/wp-json\/wp\/v2\/types\/page"}],"author":[{"embeddable":true,"href":"https:\/\/unser-quartier.de\/bauchem\/wp-json\/wp\/v2\/users\/909"}],"replies":[{"embeddable":true,"href":"https:\/\/unser-quartier.de\/bauchem\/wp-json\/wp\/v2\/comments?post=6918"}],"version-history":[{"count":2,"href":"https:\/\/unser-quartier.de\/bauchem\/wp-json\/wp\/v2\/pages\/6918\/revisions"}],"predecessor-version":[{"id":7219,"href":"https:\/\/unser-quartier.de\/bauchem\/wp-json\/wp\/v2\/pages\/6918\/revisions\/7219"}],"wp:attachment":[{"href":"https:\/\/unser-quartier.de\/bauchem\/wp-json\/wp\/v2\/media?parent=6918"}],"curies":[{"name":"wp","href":"https:\/\/api.w.org\/{rel}","templated":true}]}}