{"id":1346,"date":"2014-01-01T13:39:09","date_gmt":"2014-01-01T13:39:09","guid":{"rendered":"http:\/\/unser-quartier.de\/boeckmanns-laden\/?page_id=1346"},"modified":"2017-01-17T00:20:35","modified_gmt":"2017-01-17T00:20:35","slug":"prospektarchiv","status":"publish","type":"page","link":"https:\/\/unser-quartier.de\/boeckmanns-laden\/service\/prospektarchiv\/","title":{"rendered":"Prospektarchiv"},"content":{"rendered":"<p>Die Prospekte der abgelaufenen Jahre sind weiterhin gespeichert. Sie sind in diesem Archiv weiterhin abrufbar. Die Auflistung wurde erg\u00e4nzt um eine Jahresgesamtausgabe, wo alle Einzelbl\u00e4tter hintereinander geh\u00e4ngt sind. Das ist zwar eine recht gro\u00dfe Datei, daf\u00fcr l\u00e4sst die sich aber &#8222;auf einen Rutsch&#8220; durchsuchen, wenn man zum Beispiel nachschauen m\u00f6chte, wann die Fahrt zum Obersee war. R\u00fcckmeldungen dar\u00fcber, ob das irgendwen interessiert, sind herzlich willkommen.<\/p>\n<p><strong>Liste der Prospekte 2016:<\/strong><\/p>\n<p><a href=\"https:\/\/unser-quartier.de\/boeckmanns-laden\/files\/2015\/12\/B\u00f6ckmanns-Laden-Januar-2016.pdf\">Prospekt Januar 2016<\/a><br \/>\n<a href=\"https:\/\/unser-quartier.de\/boeckmanns-laden\/files\/2016\/02\/B\u00f6ckmanns-Laden-Februar-2016.1.pdf\">Prospekt Februar 2016<\/a><br \/>\n<a href=\"https:\/\/unser-quartier.de\/boeckmanns-laden\/files\/2016\/03\/B\u00f6ckmanns-Laden-M\u00e4rz-2016.pdf\">Prospekt M\u00e4rz 2016<\/a><br \/>\n<a href=\"https:\/\/unser-quartier.de\/boeckmanns-laden\/files\/2016\/04\/B\u00f6ckmanns-Laden-April-2016.pdf\">Prospekt April 2016<\/a><br \/>\n<a href=\"https:\/\/unser-quartier.de\/boeckmanns-laden\/files\/2017\/01\/B\u00f6ckmanns-Laden-Mai-2016.pdf\">Prospekt Mai 2016<\/a><br \/>\n<a href=\"https:\/\/unser-quartier.de\/boeckmanns-laden\/files\/2016\/06\/B\u00f6ckmanns-Laden-Juni-2016.pdf\">Prospekt Juni 2016<\/a><br \/>\n<a href=\"https:\/\/unser-quartier.de\/boeckmanns-laden\/files\/2017\/01\/B\u00f6ckmanns-Laden-Juli-2016.pdf\">Prospekt Juli 2016<\/a><br \/>\n<a href=\"https:\/\/unser-quartier.de\/boeckmanns-laden\/files\/2016\/08\/B\u00f6ckmanns-Laden-August-2016.pdf\">Prospekt August 2016<\/a><br \/>\n<a href=\"https:\/\/unser-quartier.de\/boeckmanns-laden\/files\/2016\/09\/B\u00f6ckmanns-Laden-September-2016.pdf\">Prospekt September 2016<\/a><br \/>\n<a href=\"https:\/\/unser-quartier.de\/boeckmanns-laden\/files\/2016\/10\/B\u00f6ckmanns-Laden-Oktober-2016.pdf\">Prospekt Oktober 2016<\/a><br \/>\n<a href=\"https:\/\/unser-quartier.de\/boeckmanns-laden\/files\/2016\/11\/B\u00f6ckmanns-Laden-November-2016.pdf\">Prospekt November 2016<\/a><br \/>\n<a href=\"https:\/\/unser-quartier.de\/boeckmanns-laden\/files\/2016\/12\/B\u00f6ckmanns-Laden-Dezember-2016.pdf\">Prospekt Dezember 2016<\/a><\/p>\n<p><strong>Liste der Prospekte 2015:<\/strong><\/p>\n<p><a href=\"https:\/\/unser-quartier.de\/boeckmanns-laden\/files\/2015\/01\/B\u00f6ckmanns-Laden-Januar-2015.pdf\">Prospekt Januar 2015<\/a><br \/>\n<a href=\"https:\/\/unser-quartier.de\/boeckmanns-laden\/files\/2015\/02\/B\u00f6ckmanns-Laden-Februar-2015.pdf\">Prospekt Februar 2015<\/a><br \/>\n<a href=\"https:\/\/unser-quartier.de\/boeckmanns-laden\/files\/2015\/03\/B\u00f6ckmanns-Laden-M\u00e4rz-2015.pdf\">Prospekt M\u00e4rz 2015<\/a><br \/>\n<a href=\"https:\/\/unser-quartier.de\/boeckmanns-laden\/files\/2015\/04\/B\u00f6ckmanns-Laden-April-2015.pdf\">Prospekt April 2015<\/a><br \/>\n<a href=\"https:\/\/unser-quartier.de\/boeckmanns-laden\/files\/2015\/05\/B\u00f6ckmanns-Laden-Mai-2015.pdf\">Prospekt Mai 2015<\/a><br \/>\n<a href=\"https:\/\/unser-quartier.de\/boeckmanns-laden\/files\/2015\/05\/B\u00f6ckmanns-Laden-Juni-2015.pdf\">Prospekt Juni 2015<\/a><br \/>\n<a href=\"https:\/\/unser-quartier.de\/boeckmanns-laden\/files\/2015\/07\/B\u00f6ckmanns-Laden-Juli-2015.pdf\">Prospekt Juli 2015<\/a><br \/>\n<a href=\"https:\/\/unser-quartier.de\/boeckmanns-laden\/files\/2015\/08\/B\u00f6ckmanns-Laden-August-2015.pdf\">Prospekt August 2015<\/a><br \/>\n<a href=\"https:\/\/unser-quartier.de\/boeckmanns-laden\/files\/2015\/09\/B\u00f6ckmanns-Laden-September-2015.pdf\">Prospekt September 2015<\/a><br \/>\n<a href=\"https:\/\/unser-quartier.de\/boeckmanns-laden\/files\/2015\/10\/B\u00f6ckmanns-Laden-Oktober-2015.pdf\">Prospekt Oktober 2015<\/a><br \/>\n<a href=\"https:\/\/unser-quartier.de\/boeckmanns-laden\/files\/2015\/11\/B\u00f6ckmanns-Laden-November-2015.pdf\">Prospekt November 2015<\/a><br \/>\n<a href=\"https:\/\/unser-quartier.de\/boeckmanns-laden\/files\/2015\/12\/B\u00f6ckmanns-Laden-Dezember-2015.pdf\">Prospekt Dezember 2015<\/a><\/p>\n<p><strong>Liste der Prospekte 2014:<\/strong><\/p>\n<p><a href=\"https:\/\/unser-quartier.de\/boeckmanns-laden\/files\/2014\/01\/B\u00f6ckmanns-Laden-Januar-2014.pdf\">Prospekt Januar 2014<\/a><br \/>\n<a href=\"https:\/\/unser-quartier.de\/boeckmanns-laden\/files\/2014\/02\/B\u00f6ckmanns-Laden-Februar-2014.pdf\">Prospekt Februar 2014<\/a><br \/>\n<a href=\"https:\/\/unser-quartier.de\/boeckmanns-laden\/files\/2014\/05\/B\u00f6ckmanns-Laden-M\u00e4rz-2014.pdf\">Prospekt M\u00e4rz 2014<\/a><br \/>\n<a href=\"https:\/\/unser-quartier.de\/boeckmanns-laden\/files\/2014\/04\/B\u00f6ckmanns-Laden-April-2014.pdf\">Prospekt April 2014<\/a><br \/>\n<a href=\"https:\/\/unser-quartier.de\/boeckmanns-laden\/files\/2014\/05\/B\u00f6ckmanns-Laden-Mai-2014.pdf\">Prospekt Mai 2014<\/a><br \/>\n<a href=\"https:\/\/unser-quartier.de\/boeckmanns-laden\/files\/2014\/06\/B\u00f6ckmanns-Laden-Juni-2014.pdf\">Prospekt Juni 2014<\/a><br \/>\n<a href=\"https:\/\/unser-quartier.de\/boeckmanns-laden\/files\/2014\/07\/B\u00f6ckmanns-Laden-Juli-2014.pdf\">Prospekt Juli 2014<\/a><br \/>\n<a href=\"https:\/\/unser-quartier.de\/boeckmanns-laden\/files\/2014\/08\/B\u00f6ckmanns-Laden-August-2014.pdf\">Prospekt August 2014<\/a><br \/>\n<a href=\"https:\/\/unser-quartier.de\/boeckmanns-laden\/files\/2014\/09\/B\u00f6ckmanns-Laden-September-2014.2.pdf\">Prospekt September 2014<\/a><br \/>\n<a href=\"https:\/\/unser-quartier.de\/boeckmanns-laden\/files\/2017\/01\/B\u00f6ckmanns-Laden-Oktober-2014.4.pdf\">Prospekt Oktober 2014<\/a><br \/>\n<a href=\"https:\/\/unser-quartier.de\/boeckmanns-laden\/files\/2014\/11\/B\u00f6ckmanns-Laden-November-2014.4.pdf\">Prospekt November 2014<\/a><br \/>\n<a href=\"https:\/\/unser-quartier.de\/boeckmanns-laden\/files\/2014\/12\/B\u00f6ckmanns-Laden-Dezember-2014.pdf\">Prospekt Dezember 2014<\/a><\/p>\n<p>&nbsp;<\/p>\n<p><strong>Liste der Prospekte 2013:<\/strong><\/p>\n<p><a href=\"https:\/\/unser-quartier.de\/boeckmanns-laden\/files\/2013\/01\/B\u00f6ckmanns-Laden-Januar-2013.pdf\" target=\"_blank\">Prospekt Januar 2013<\/a><br \/>\n<a href=\"https:\/\/unser-quartier.de\/boeckmanns-laden\/files\/2013\/02\/B\u00f6ckmanns-Laden-Februar-2013.pdf\" target=\"_blank\">Prospekt Februar 2013<\/a><br \/>\n<a href=\"https:\/\/unser-quartier.de\/boeckmanns-laden\/files\/2013\/03\/B\u00f6ckmanns-Laden-M\u00e4rz-2013.pdf\" target=\"_blank\">Prospekt M\u00e4rz 2013<\/a><br \/>\n<a href=\"https:\/\/unser-quartier.de\/boeckmanns-laden\/files\/2013\/04\/B\u00f6ckmanns-Laden-April-2013.pdf\" target=\"_blank\">Prospekt April 2013<\/a><br \/>\n<a href=\"https:\/\/unser-quartier.de\/boeckmanns-laden\/files\/2013\/05\/B\u00f6ckmanns-Laden-Mai-2013.pdf\" target=\"_blank\">Prospekt Mai 2013<\/a><br \/>\n<a href=\"https:\/\/unser-quartier.de\/boeckmanns-laden\/files\/2013\/05\/B\u00f6ckmanns-Laden-Juni-2013.pdf\" target=\"_blank\">Prospekt Juni 2013<\/a><br \/>\n<a href=\"https:\/\/unser-quartier.de\/boeckmanns-laden\/files\/2013\/07\/B\u00f6ckmanns-Laden-Juli-2013.pdf\" target=\"_blank\">Prospekt Juli 2013<\/a><br \/>\n<a href=\"https:\/\/unser-quartier.de\/boeckmanns-laden\/files\/2013\/08\/B\u00f6ckmanns-Laden-August-2013.pdf\" target=\"_blank\">Prospekt August 2013<\/a><br \/>\n<a href=\"https:\/\/unser-quartier.de\/boeckmanns-laden\/files\/2013\/09\/B\u00f6ckmanns-Laden-September-2013.pdf\" target=\"_blank\">Prospekt September 2013<\/a><br \/>\n<a href=\"https:\/\/unser-quartier.de\/boeckmanns-laden\/files\/2013\/10\/B\u00f6ckmanns-Laden-Oktober-2013.pdf\" target=\"_blank\">Prospekt Oktober 2013<\/a><br \/>\n<a href=\"https:\/\/unser-quartier.de\/boeckmanns-laden\/files\/2013\/11\/B\u00f6ckmanns-Laden-November-2013.pdf\" target=\"_blank\">Prospekt November 2013<\/a><br \/>\n<a href=\"https:\/\/unser-quartier.de\/boeckmanns-laden\/files\/2013\/12\/B\u00f6ckmanns-Laden-Dezember-2013.pdf\" target=\"_blank\">Prospekt Dezember 2013<\/a><\/p>\n<p><a href=\"https:\/\/unser-quartier.de\/boeckmanns-laden\/files\/2014\/01\/B\u00f6ckmanns-Laden-2013-Gesamt.pdf\" target=\"_blank\">Prospekt 2013 Gesamt<\/a><\/p>\n","protected":false},"excerpt":{"rendered":"<p>Die Prospekte der abgelaufenen Jahre sind weiterhin gespeichert. Sie sind in diesem Archiv weiterhin abrufbar. Die Auflistung wurde erg\u00e4nzt um eine Jahresgesamtausgabe, wo alle Einzelbl\u00e4tter hintereinander geh\u00e4ngt sind. Das ist zwar eine recht gro\u00dfe Datei, daf\u00fcr l\u00e4sst die sich aber &#8222;auf einen Rutsch&#8220; durchsuchen, wenn man zum Beispiel nachschauen m\u00f6chte, wann die Fahrt zum Obersee &hellip; <a href=\"https:\/\/unser-quartier.de\/boeckmanns-laden\/service\/prospektarchiv\/\" class=\"more-link\"><span class=\"screen-reader-text\">\u201eProspektarchiv\u201c<\/span> weiterlesen<\/a><\/p>\n","protected":false},"author":24,"featured_media":0,"parent":1350,"menu_order":2,"comment_status":"open","ping_status":"open","template":"","meta":{"_bbp_topic_count":0,"_bbp_reply_count":0,"_bbp_total_topic_count":0,"_bbp_total_reply_count":0,"_bbp_voice_count":0,"_bbp_anonymous_reply_count":0,"_bbp_topic_count_hidden":0,"_bbp_reply_count_hidden":0,"_bbp_forum_subforum_count":0,"ngg_post_thumbnail":0,"jetpack_post_was_ever_published":false,"footnotes":""},"class_list":["post-1346","page","type-page","status-publish","hentry"],"jetpack_sharing_enabled":true,"_links":{"self":[{"href":"https:\/\/unser-quartier.de\/boeckmanns-laden\/wp-json\/wp\/v2\/pages\/1346","targetHints":{"allow":["GET"]}}],"collection":[{"href":"https:\/\/unser-quartier.de\/boeckmanns-laden\/wp-json\/wp\/v2\/pages"}],"about":[{"href":"https:\/\/unser-quartier.de\/boeckmanns-laden\/wp-json\/wp\/v2\/types\/page"}],"author":[{"embeddable":true,"href":"https:\/\/unser-quartier.de\/boeckmanns-laden\/wp-json\/wp\/v2\/users\/24"}],"replies":[{"embeddable":true,"href":"https:\/\/unser-quartier.de\/boeckmanns-laden\/wp-json\/wp\/v2\/comments?post=1346"}],"version-history":[{"count":0,"href":"https:\/\/unser-quartier.de\/boeckmanns-laden\/wp-json\/wp\/v2\/pages\/1346\/revisions"}],"up":[{"embeddable":true,"href":"https:\/\/unser-quartier.de\/boeckmanns-laden\/wp-json\/wp\/v2\/pages\/1350"}],"wp:attachment":[{"href":"https:\/\/unser-quartier.de\/boeckmanns-laden\/wp-json\/wp\/v2\/media?parent=1346"}],"curies":[{"name":"wp","href":"https:\/\/api.w.org\/{rel}","templated":true}]}}