{"id":1348,"date":"2014-01-01T13:51:09","date_gmt":"2014-01-01T13:51:09","guid":{"rendered":"http:\/\/unser-quartier.de\/boeckmanns-laden\/?page_id=1348"},"modified":"2014-01-01T14:10:54","modified_gmt":"2014-01-01T14:10:54","slug":"pressespiegel","status":"publish","type":"page","link":"https:\/\/unser-quartier.de\/boeckmanns-laden\/service\/pressespiegel\/","title":{"rendered":"Pressespiegel"},"content":{"rendered":"<p>Auf dieser Seite kann man kann Zeitungsartikel einsehen, in denen \u00fcber unsere Veranstaltungshinweise hinaus \u00fcber B\u00f6ckmanns Laden berichtet wurde.<\/p>\n<p>\u00dcber unser Sommerfest 2013<br \/> <a href=\"https:\/\/unser-quartier.de\/boeckmanns-laden\/files\/2014\/01\/NW-03.08.2013-Sommerfest.jpg\" target=\"_blank\">(Artikel in der NW vom 03.08.2013)<\/a><\/p>\n<p>\u00dcber die Radtour durch die Senne vom 23.08.2013<br \/> <a href=\"https:\/\/unser-quartier.de\/boeckmanns-laden\/files\/2014\/01\/NW-27.08.2013-Radtour-Senne.jpg\" target=\"_blank\">(Artikel in der NW vom 27.08.2013)<\/a><br \/> <a href=\"https:\/\/unser-quartier.de\/boeckmanns-laden\/files\/2014\/01\/Kreisblatt-29.08.2013-Radtour-Senne.jpg\" target=\"_blank\">(Artikel im Kreisblatt vom 29.08.2013)<\/a><\/p>\n<p>\u00dcber die Helfer der Freiwilligen-Agentur<br \/> <a href=\"https:\/\/unser-quartier.de\/boeckmanns-laden\/files\/2014\/01\/Kreisblatt-13.09.2013-Freiwilligen-Agentur.jpg\" target=\"_blank\">(Artikel im Kreisblatt vom 13.09.2013)<\/a><\/p>\n<p>\u00dcber die Feier am Heiligen Abend<br \/> <a href=\"https:\/\/unser-quartier.de\/boeckmanns-laden\/files\/2014\/01\/NW-09.11.2013-Heiligabend.jpg\" target=\"_blank\">(Artikel in der NW vom 09.11.2013)<\/a><br \/> <a href=\"https:\/\/unser-quartier.de\/boeckmanns-laden\/files\/2014\/01\/Kreisblatt-09.11.2013-Heiligabend.jpg\" target=\"_blank\">(Artikel im Kreisblatt vom 09.11.2013)<\/a><br \/> <a href=\"https:\/\/unser-quartier.de\/boeckmanns-laden\/files\/2014\/01\/NW-21.12.2013-Baumschm\u00fccken.jpg\" target=\"_blank\">(Artikel in der NW vom 21.12.2013)<\/a><\/p>\n<p>\u00dcber die Ehrenamtsb\u00f6rse am 23.11.2013<br \/> <a href=\"https:\/\/unser-quartier.de\/boeckmanns-laden\/files\/2014\/01\/Kreisblatt-25.11.2013-Ehrenamtsb\u00f6rse.jpg\" target=\"_blank\">(Artikel im Kreisblatt vom 25.11.2013)<\/a><br \/> <a href=\"https:\/\/unser-quartier.de\/boeckmanns-laden\/files\/2014\/01\/UK-51-2013-Ehrenamtsb\u00f6rse.jpg\" target=\"_blank\">(Artikel in der UK 51\/2013)<\/a><\/p>\n<p>\u00dcber den Sternverkauf beim Otterheider Adventsmarkt<br \/> <a href=\"https:\/\/unser-quartier.de\/boeckmanns-laden\/files\/2014\/01\/UK52-2013-Sterne-f\u00fcr-B\u00f6ckmanns-Laden.jpg\" target=\"_blank\">(Artikel in der UK 52\/2013)<\/a><\/p>\n","protected":false},"excerpt":{"rendered":"<p>Auf dieser Seite kann man kann Zeitungsartikel einsehen, in denen \u00fcber unsere Veranstaltungshinweise hinaus \u00fcber B\u00f6ckmanns Laden berichtet wurde. \u00dcber unser Sommerfest 2013 (Artikel in der NW vom 03.08.2013) \u00dcber die Radtour durch die Senne vom 23.08.2013 (Artikel in der NW vom 27.08.2013) (Artikel im Kreisblatt vom 29.08.2013) \u00dcber die Helfer der Freiwilligen-Agentur (Artikel im &hellip; <a href=\"https:\/\/unser-quartier.de\/boeckmanns-laden\/service\/pressespiegel\/\" class=\"more-link\"><span class=\"screen-reader-text\">\u201ePressespiegel\u201c<\/span> weiterlesen<\/a><\/p>\n","protected":false},"author":24,"featured_media":0,"parent":1350,"menu_order":3,"comment_status":"open","ping_status":"open","template":"sidebar-page.php","meta":{"_bbp_topic_count":0,"_bbp_reply_count":0,"_bbp_total_topic_count":0,"_bbp_total_reply_count":0,"_bbp_voice_count":0,"_bbp_anonymous_reply_count":0,"_bbp_topic_count_hidden":0,"_bbp_reply_count_hidden":0,"_bbp_forum_subforum_count":0,"ngg_post_thumbnail":0,"jetpack_post_was_ever_published":false,"footnotes":""},"class_list":["post-1348","page","type-page","status-publish","hentry"],"jetpack_sharing_enabled":true,"_links":{"self":[{"href":"https:\/\/unser-quartier.de\/boeckmanns-laden\/wp-json\/wp\/v2\/pages\/1348","targetHints":{"allow":["GET"]}}],"collection":[{"href":"https:\/\/unser-quartier.de\/boeckmanns-laden\/wp-json\/wp\/v2\/pages"}],"about":[{"href":"https:\/\/unser-quartier.de\/boeckmanns-laden\/wp-json\/wp\/v2\/types\/page"}],"author":[{"embeddable":true,"href":"https:\/\/unser-quartier.de\/boeckmanns-laden\/wp-json\/wp\/v2\/users\/24"}],"replies":[{"embeddable":true,"href":"https:\/\/unser-quartier.de\/boeckmanns-laden\/wp-json\/wp\/v2\/comments?post=1348"}],"version-history":[{"count":0,"href":"https:\/\/unser-quartier.de\/boeckmanns-laden\/wp-json\/wp\/v2\/pages\/1348\/revisions"}],"up":[{"embeddable":true,"href":"https:\/\/unser-quartier.de\/boeckmanns-laden\/wp-json\/wp\/v2\/pages\/1350"}],"wp:attachment":[{"href":"https:\/\/unser-quartier.de\/boeckmanns-laden\/wp-json\/wp\/v2\/media?parent=1348"}],"curies":[{"name":"wp","href":"https:\/\/api.w.org\/{rel}","templated":true}]}}