{"id":1383,"date":"2014-01-22T15:02:56","date_gmt":"2014-01-22T15:02:56","guid":{"rendered":"http:\/\/unser-quartier.de\/boeckmanns-laden\/?page_id=1383"},"modified":"2014-01-22T15:09:22","modified_gmt":"2014-01-22T15:09:22","slug":"mittagessen","status":"publish","type":"page","link":"https:\/\/unser-quartier.de\/boeckmanns-laden\/ueber-uns\/mittagessen\/","title":{"rendered":"Mittagessen"},"content":{"rendered":"<p>An einem Mittwoch in jedem Monat gibt es Mittagessen in B\u00f6ckmanns Laden. Ein flei\u00dfiges K\u00fcchenteam kocht f\u00fcr bis zu 30 Personen ein leckeres Essen inclusive Vor- und Nachspeise. Die Bandbreite reicht, je nach Jahreszeit von Aufl\u00e4ufen, \u00fcber Spargel bis zu Gr\u00fcnkohl.<\/p>\n","protected":false},"excerpt":{"rendered":"<p>An einem Mittwoch in jedem Monat gibt es Mittagessen in B\u00f6ckmanns Laden. Ein flei\u00dfiges K\u00fcchenteam kocht f\u00fcr bis zu 30 Personen ein leckeres Essen inclusive Vor- und Nachspeise. Die Bandbreite reicht, je nach Jahreszeit von Aufl\u00e4ufen, \u00fcber Spargel bis zu Gr\u00fcnkohl.<\/p>\n","protected":false},"author":24,"featured_media":1385,"parent":44,"menu_order":9,"comment_status":"open","ping_status":"open","template":"sidebar-page.php","meta":{"_bbp_topic_count":0,"_bbp_reply_count":0,"_bbp_total_topic_count":0,"_bbp_total_reply_count":0,"_bbp_voice_count":0,"_bbp_anonymous_reply_count":0,"_bbp_topic_count_hidden":0,"_bbp_reply_count_hidden":0,"_bbp_forum_subforum_count":0,"ngg_post_thumbnail":0,"jetpack_post_was_ever_published":false,"footnotes":""},"class_list":["post-1383","page","type-page","status-publish","has-post-thumbnail","hentry"],"jetpack_sharing_enabled":true,"_links":{"self":[{"href":"https:\/\/unser-quartier.de\/boeckmanns-laden\/wp-json\/wp\/v2\/pages\/1383","targetHints":{"allow":["GET"]}}],"collection":[{"href":"https:\/\/unser-quartier.de\/boeckmanns-laden\/wp-json\/wp\/v2\/pages"}],"about":[{"href":"https:\/\/unser-quartier.de\/boeckmanns-laden\/wp-json\/wp\/v2\/types\/page"}],"author":[{"embeddable":true,"href":"https:\/\/unser-quartier.de\/boeckmanns-laden\/wp-json\/wp\/v2\/users\/24"}],"replies":[{"embeddable":true,"href":"https:\/\/unser-quartier.de\/boeckmanns-laden\/wp-json\/wp\/v2\/comments?post=1383"}],"version-history":[{"count":0,"href":"https:\/\/unser-quartier.de\/boeckmanns-laden\/wp-json\/wp\/v2\/pages\/1383\/revisions"}],"up":[{"embeddable":true,"href":"https:\/\/unser-quartier.de\/boeckmanns-laden\/wp-json\/wp\/v2\/pages\/44"}],"wp:featuredmedia":[{"embeddable":true,"href":"https:\/\/unser-quartier.de\/boeckmanns-laden\/wp-json\/wp\/v2\/media\/1385"}],"wp:attachment":[{"href":"https:\/\/unser-quartier.de\/boeckmanns-laden\/wp-json\/wp\/v2\/media?parent=1383"}],"curies":[{"name":"wp","href":"https:\/\/api.w.org\/{rel}","templated":true}]}}