{"id":14,"date":"2012-05-05T09:35:33","date_gmt":"2012-05-05T09:35:33","guid":{"rendered":"http:\/\/unser-quartier.de\/tmp-musterblog\/?page_id=14"},"modified":"2025-07-16T07:44:56","modified_gmt":"2025-07-16T07:44:56","slug":"links","status":"publish","type":"page","link":"https:\/\/unser-quartier.de\/boeckmanns-laden\/links\/","title":{"rendered":"Rat und Hilfe"},"content":{"rendered":"<p class=\"MsoNormal\"><strong><span style=\"text-decoration: underline;\"><span style=\"font-family: 'Arial','sans-serif';\">Guter Rat rund ums Alter:<\/span><\/span><\/strong><\/p>\n<p class=\"MsoNormal\"><span style=\"font-family: 'Arial','sans-serif';\">Ganz gleich ob Sie eine konkrete Information brauchen oder sich Kummer einfach mal \u201evon der Seele reden\u201c wollen. Bei uns sind Sie auf jeden Fall richtig. Durch die Kontakte innerhalb des Netzwerkes der Diakonie k\u00f6nnen wir zu Fragen rund ums Alter Auskunft geben und die ben\u00f6tigten Hilfen vermitteln.<\/span><b><\/b><\/p>\n<p class=\"MsoNormal\"><strong><span style=\"text-decoration: underline;\"><span style=\"font-size: 11.0pt; font-family: 'Arial','sans-serif';\">Kleine Hilfen im Alltag:<\/span><\/span><\/strong><\/p>\n<p class=\"MsoNormal\"><span style=\"font-size: 11.0pt; font-family: 'Arial','sans-serif';\">Die Freiwilligen-Agentur bietet kleine Alltagshilfen, wie Kleinstreparaturen oder Begleitung zu Einkauf oder Arztbesuchen an. Wer diese Hilfen in Anspruch nimmt, zahlt lediglich eine Pauschale von 2,00 \u20ac, sowie entstehende Auslagen, wie Fahrtkosten, Parkgeb\u00fchren oder f\u00fcr Reparaturen ben\u00f6tigtes Material.<\/span><\/p>\n<p class=\"MsoNormal\"><span style=\"font-size: 11.0pt; font-family: 'Arial','sans-serif';\">Anfragen k\u00f6nnen unter 05221\/27 68 44 gestellt werden.<\/span><\/p>\n<p class=\"MsoNormal\"><span style=\"font-size: 11.0pt; font-family: 'Arial','sans-serif';\">Die n\u00e4chsten Treffen der Helferinnen und Helfer finden am 04.11.2013 und am 02.12.2013 ab 15.30 Uhr statt.<\/span>&nbsp; &nbsp;<\/p>\n<p class=\"MsoNormal\"><span style=\"text-decoration: underline;\"><strong>Hilfreiches und N\u00fctzliches:<\/strong><\/span><\/p>\n<p>Die Diakonie im Kirchenkreis Herford h\u00e4lt ein breites Spektrum an Hilfeangeboten vor:<\/p>\n<p>Beim <a href=\"http:\/\/www.diakonie-herford.de\/\" target=\"_blank\" rel=\"noopener\">Diakonischen Werk Herford gGmbH<\/a> gibt es Beratungsstellen f\u00fcr verschiedenste Lebenssituationen.<\/p>\n<p>Die <a href=\"http:\/\/www.diakoniestationen-herford.de\/\" target=\"_blank\" rel=\"noopener\">Diakoniestationen<\/a> bieten ambulante Pflege im Gebiet des Kirchenkreises Herford an.<\/p>\n<p>Die <a href=\"https:\/\/www.diakoniestiftung-herford.de\/\" target=\"_blank\" rel=\"noopener\">Evangelische Diakoniestiftung Herford<\/a> betreibt Wohn- und Pflegezentren f\u00fcr \u00e4ltere Menschen und bietet Hilfen in sozialen Notsituationen.&nbsp;<\/p>\n","protected":false},"excerpt":{"rendered":"<p>Guter Rat rund ums Alter: Ganz gleich ob Sie eine konkrete Information brauchen oder sich Kummer einfach mal \u201evon der Seele reden\u201c wollen. Bei uns sind Sie auf jeden Fall richtig. Durch die Kontakte innerhalb des Netzwerkes der Diakonie k\u00f6nnen wir zu Fragen rund ums Alter Auskunft geben und die ben\u00f6tigten Hilfen vermitteln. Kleine Hilfen &hellip; <a href=\"https:\/\/unser-quartier.de\/boeckmanns-laden\/links\/\" class=\"more-link\"><span class=\"screen-reader-text\">\u201eRat und Hilfe\u201c<\/span> weiterlesen<\/a><\/p>\n","protected":false},"author":1,"featured_media":571,"parent":0,"menu_order":4,"comment_status":"closed","ping_status":"closed","template":"","meta":{"_bbp_topic_count":0,"_bbp_reply_count":0,"_bbp_total_topic_count":0,"_bbp_total_reply_count":0,"_bbp_voice_count":0,"_bbp_anonymous_reply_count":0,"_bbp_topic_count_hidden":0,"_bbp_reply_count_hidden":0,"_bbp_forum_subforum_count":0,"ngg_post_thumbnail":0,"jetpack_post_was_ever_published":false,"footnotes":""},"class_list":["post-14","page","type-page","status-publish","has-post-thumbnail","hentry"],"jetpack_sharing_enabled":true,"_links":{"self":[{"href":"https:\/\/unser-quartier.de\/boeckmanns-laden\/wp-json\/wp\/v2\/pages\/14","targetHints":{"allow":["GET"]}}],"collection":[{"href":"https:\/\/unser-quartier.de\/boeckmanns-laden\/wp-json\/wp\/v2\/pages"}],"about":[{"href":"https:\/\/unser-quartier.de\/boeckmanns-laden\/wp-json\/wp\/v2\/types\/page"}],"author":[{"embeddable":true,"href":"https:\/\/unser-quartier.de\/boeckmanns-laden\/wp-json\/wp\/v2\/users\/1"}],"replies":[{"embeddable":true,"href":"https:\/\/unser-quartier.de\/boeckmanns-laden\/wp-json\/wp\/v2\/comments?post=14"}],"version-history":[{"count":1,"href":"https:\/\/unser-quartier.de\/boeckmanns-laden\/wp-json\/wp\/v2\/pages\/14\/revisions"}],"predecessor-version":[{"id":5197,"href":"https:\/\/unser-quartier.de\/boeckmanns-laden\/wp-json\/wp\/v2\/pages\/14\/revisions\/5197"}],"wp:featuredmedia":[{"embeddable":true,"href":"https:\/\/unser-quartier.de\/boeckmanns-laden\/wp-json\/wp\/v2\/media\/571"}],"wp:attachment":[{"href":"https:\/\/unser-quartier.de\/boeckmanns-laden\/wp-json\/wp\/v2\/media?parent=14"}],"curies":[{"name":"wp","href":"https:\/\/api.w.org\/{rel}","templated":true}]}}