{"id":140,"date":"2012-10-14T11:04:32","date_gmt":"2012-10-14T11:04:32","guid":{"rendered":"http:\/\/unser-quartier.de\/boeckmanns-laden\/?page_id=140"},"modified":"2012-11-24T22:56:31","modified_gmt":"2012-11-24T22:56:31","slug":"baustellenforum","status":"publish","type":"page","link":"https:\/\/unser-quartier.de\/boeckmanns-laden\/baustellenforum\/","title":{"rendered":"Baustellenforum"},"content":{"rendered":"<p>Auf Dauer soll unsere Internetseite sich nat\u00fcrlich nicht mit sich selbst besch\u00e4ftigen. Bis alles einigerma\u00dfen steht, soll hier Platz f\u00fcr Ideen, Anregungen und R\u00fcckmeldungen zu unserer Seite sein. Diese R\u00fcckmeldungen sind gleichzeitig eine gute Gelegenheit, auszuprobieren, welche M\u00f6glichkeiten des Austausches die Technik dieser Plattform bietet. (Wenn die Handhabung der Kommentarfunktion Probleme bereitet, kann man uns selbstverst\u00e4ndlich wie gewohnt per Telefon oder Mail erreichen.)<\/p>\n<p>Um ein bisschen Ordnung in die Sache zu bekommen, haben wir drei Themenbereiche gebildet:<\/p>\n<p><a href=\"https:\/\/unser-quartier.de\/boeckmanns-laden\/baustellenforum-veranstaltungen\">Veranstaltungen:<\/a> Was soll in den Veranstaltungskalender? <a href=\"https:\/\/unser-quartier.de\/boeckmanns-laden\/baustellenforum-veranstaltungen\">(weiterlesen und antworten)<\/a><\/p>\n<p><a title=\"Baustellenforum Hilfereiches\" href=\"https:\/\/unser-quartier.de\/boeckmanns-laden\/baustellenforum\/baustellenforum-hilfreiches\">Hilfreiches:<\/a> Wir k\u00f6nnten auf der Seite hilfreiche Informationen bereitstellen. Aber was w\u00e4re denn hilfreich? <a title=\"Baustellenforum Hilfreiches\" href=\"https:\/\/unser-quartier.de\/boeckmanns-laden\/baustellenforum\/baustellenforum-hilfreiches\">(weiterlesen und antworten)\u00a0<\/a><\/p>\n<p><a href=\"https:\/\/unser-quartier.de\/boeckmanns-laden\/baustellenforum-sonstiges\">Allgemeines und Sonstiges:<\/a> F\u00fcr alle weiteren Themen <a href=\"https:\/\/unser-quartier.de\/boeckmanns-laden\/baustellenforum-sonstiges\">(weiterlesen und antworten)\u00a0<\/a><\/p>\n","protected":false},"excerpt":{"rendered":"<p>Auf Dauer soll unsere Internetseite sich nat\u00fcrlich nicht mit sich selbst besch\u00e4ftigen. Bis alles einigerma\u00dfen steht, soll hier Platz f\u00fcr Ideen, Anregungen und R\u00fcckmeldungen zu unserer Seite sein. Diese R\u00fcckmeldungen sind gleichzeitig eine gute Gelegenheit, auszuprobieren, welche M\u00f6glichkeiten des Austausches die Technik dieser Plattform bietet. (Wenn die Handhabung der Kommentarfunktion Probleme bereitet, kann man uns &hellip; <a href=\"https:\/\/unser-quartier.de\/boeckmanns-laden\/baustellenforum\/\" class=\"more-link\"><span class=\"screen-reader-text\">\u201eBaustellenforum\u201c<\/span> weiterlesen<\/a><\/p>\n","protected":false},"author":24,"featured_media":0,"parent":0,"menu_order":11,"comment_status":"open","ping_status":"open","template":"","meta":{"_bbp_topic_count":0,"_bbp_reply_count":0,"_bbp_total_topic_count":0,"_bbp_total_reply_count":0,"_bbp_voice_count":0,"_bbp_anonymous_reply_count":0,"_bbp_topic_count_hidden":0,"_bbp_reply_count_hidden":0,"_bbp_forum_subforum_count":0,"ngg_post_thumbnail":0,"jetpack_post_was_ever_published":false,"footnotes":""},"class_list":["post-140","page","type-page","status-publish","hentry"],"jetpack_sharing_enabled":true,"_links":{"self":[{"href":"https:\/\/unser-quartier.de\/boeckmanns-laden\/wp-json\/wp\/v2\/pages\/140","targetHints":{"allow":["GET"]}}],"collection":[{"href":"https:\/\/unser-quartier.de\/boeckmanns-laden\/wp-json\/wp\/v2\/pages"}],"about":[{"href":"https:\/\/unser-quartier.de\/boeckmanns-laden\/wp-json\/wp\/v2\/types\/page"}],"author":[{"embeddable":true,"href":"https:\/\/unser-quartier.de\/boeckmanns-laden\/wp-json\/wp\/v2\/users\/24"}],"replies":[{"embeddable":true,"href":"https:\/\/unser-quartier.de\/boeckmanns-laden\/wp-json\/wp\/v2\/comments?post=140"}],"version-history":[{"count":0,"href":"https:\/\/unser-quartier.de\/boeckmanns-laden\/wp-json\/wp\/v2\/pages\/140\/revisions"}],"wp:attachment":[{"href":"https:\/\/unser-quartier.de\/boeckmanns-laden\/wp-json\/wp\/v2\/media?parent=140"}],"curies":[{"name":"wp","href":"https:\/\/api.w.org\/{rel}","templated":true}]}}