{"id":1920,"date":"2014-08-19T08:59:31","date_gmt":"2014-08-19T08:59:31","guid":{"rendered":"http:\/\/unser-quartier.de\/boeckmanns-laden\/?page_id=1920"},"modified":"2014-10-01T12:06:47","modified_gmt":"2014-10-01T12:06:47","slug":"fahrradtouren-uebersicht","status":"publish","type":"page","link":"https:\/\/unser-quartier.de\/boeckmanns-laden\/service\/fahrradtouren-uebersicht\/","title":{"rendered":"Fahrradtouren \/ Ausfl\u00fcge"},"content":{"rendered":"<p>\u00dcber den folgenden Link findet ihr eine \u00dcbersicht \u00fcber die Fahrradtouren und Ausfl\u00fcge, die wir von B\u00f6ckmanns Laden veranstaltet haben (und zu denen es einen Beitrag auf unserer Internetseite gibt).<\/p>\n<p>Hier klicken: <a title=\"Fahrradtouren und Ausfl\u00fcge\" href=\"https:\/\/unser-quartier.de\/boeckmanns-laden\/category\/fahrradtouren-ausfluege\/\" class=\"broken_link\">Fahrradtouren und Ausfl\u00fcge<\/a><\/p>\n","protected":false},"excerpt":{"rendered":"<p>\u00dcber den folgenden Link findet ihr eine \u00dcbersicht \u00fcber die Fahrradtouren und Ausfl\u00fcge, die wir von B\u00f6ckmanns Laden veranstaltet haben (und zu denen es einen Beitrag auf unserer Internetseite gibt). Hier klicken: Fahrradtouren und Ausfl\u00fcge<\/p>\n","protected":false},"author":232,"featured_media":0,"parent":1350,"menu_order":1,"comment_status":"open","ping_status":"open","template":"","meta":{"_bbp_topic_count":0,"_bbp_reply_count":0,"_bbp_total_topic_count":0,"_bbp_total_reply_count":0,"_bbp_voice_count":0,"_bbp_anonymous_reply_count":0,"_bbp_topic_count_hidden":0,"_bbp_reply_count_hidden":0,"_bbp_forum_subforum_count":0,"ngg_post_thumbnail":0,"jetpack_post_was_ever_published":false,"footnotes":""},"class_list":["post-1920","page","type-page","status-publish","hentry"],"jetpack_sharing_enabled":true,"_links":{"self":[{"href":"https:\/\/unser-quartier.de\/boeckmanns-laden\/wp-json\/wp\/v2\/pages\/1920","targetHints":{"allow":["GET"]}}],"collection":[{"href":"https:\/\/unser-quartier.de\/boeckmanns-laden\/wp-json\/wp\/v2\/pages"}],"about":[{"href":"https:\/\/unser-quartier.de\/boeckmanns-laden\/wp-json\/wp\/v2\/types\/page"}],"author":[{"embeddable":true,"href":"https:\/\/unser-quartier.de\/boeckmanns-laden\/wp-json\/wp\/v2\/users\/232"}],"replies":[{"embeddable":true,"href":"https:\/\/unser-quartier.de\/boeckmanns-laden\/wp-json\/wp\/v2\/comments?post=1920"}],"version-history":[{"count":0,"href":"https:\/\/unser-quartier.de\/boeckmanns-laden\/wp-json\/wp\/v2\/pages\/1920\/revisions"}],"up":[{"embeddable":true,"href":"https:\/\/unser-quartier.de\/boeckmanns-laden\/wp-json\/wp\/v2\/pages\/1350"}],"wp:attachment":[{"href":"https:\/\/unser-quartier.de\/boeckmanns-laden\/wp-json\/wp\/v2\/media?parent=1920"}],"curies":[{"name":"wp","href":"https:\/\/api.w.org\/{rel}","templated":true}]}}