{"id":2576,"date":"2015-09-02T08:38:22","date_gmt":"2015-09-02T08:38:22","guid":{"rendered":"http:\/\/unser-quartier.de\/boeckmanns-laden\/?page_id=2576"},"modified":"2017-01-28T23:47:27","modified_gmt":"2017-01-28T23:47:27","slug":"chinakohlsalat","status":"publish","type":"page","link":"https:\/\/unser-quartier.de\/boeckmanns-laden\/service\/rezepte-aller-art\/chinakohlsalat\/","title":{"rendered":"Chinakohlsalat"},"content":{"rendered":"<h3>Zutaten:<\/h3>\n<table>\n<tbody>\n<tr>\n<td>1 kl. Chinakohl<\/td>\n<td>ca 350 &#8211; 500 g<\/td>\n<\/tr>\n<tr>\n<td>1 1\/2 &#8211; 2<\/td>\n<td>Apfelsinen<\/td>\n<\/tr>\n<tr>\n<td>125 g<\/td>\n<td>Majonaise<\/td>\n<\/tr>\n<tr>\n<td>125 g<\/td>\n<td>Naturjoghurt<\/td>\n<\/tr>\n<tr>\n<td>1\/2 &#8211; 1 E\u00dfl.<\/td>\n<td>Zitronensaft<\/td>\n<\/tr>\n<tr>\n<td>1 Pr. Zucker, Salz und Pfeffer<\/td>\n<td><\/td>\n<\/tr>\n<\/tbody>\n<\/table>\n<h3>Zubereitung:<\/h3>\n<p>Den Kohl von den welken Bl\u00e4ttern befreien, das Strunkende etwa 1 cm abschneiden, die Bl\u00e4tter auseinandernehmen, waschen und auf einem Sieb abtropfen lassen, danach die Bl\u00e4tter in Streifen schneiden.<\/p>\n<p>Die Apfelsinen sch\u00e4len, in Spalten teilen und in St\u00fccke schneiden.<\/p>\n<p>Majonaise und Joghurt verr\u00fchren, mit Zitronensaft, Pfeffer und Salz abschmecken und die Apfelsinenst\u00fccke unterr\u00fchren.<\/p>\n<p>Die Salatso\u00dfe \u00fcber den Kohl geben, vermengen und bald danach servieren. Der Salat wird sonst w\u00e4ssrig.<\/p>\n","protected":false},"excerpt":{"rendered":"<p>Zutaten: 1 kl. Chinakohl ca 350 &#8211; 500 g 1 1\/2 &#8211; 2 Apfelsinen 125 g Majonaise 125 g Naturjoghurt 1\/2 &#8211; 1 E\u00dfl. Zitronensaft 1 Pr. Zucker, Salz und Pfeffer Zubereitung: Den Kohl von den welken Bl\u00e4ttern befreien, das Strunkende etwa 1 cm abschneiden, die Bl\u00e4tter auseinandernehmen, waschen und auf einem Sieb abtropfen lassen, &hellip; <a href=\"https:\/\/unser-quartier.de\/boeckmanns-laden\/service\/rezepte-aller-art\/chinakohlsalat\/\" class=\"more-link\"><span class=\"screen-reader-text\">\u201eChinakohlsalat\u201c<\/span> weiterlesen<\/a><\/p>\n","protected":false},"author":35,"featured_media":0,"parent":1716,"menu_order":0,"comment_status":"open","ping_status":"open","template":"","meta":{"_bbp_topic_count":0,"_bbp_reply_count":0,"_bbp_total_topic_count":0,"_bbp_total_reply_count":0,"_bbp_voice_count":0,"_bbp_anonymous_reply_count":0,"_bbp_topic_count_hidden":0,"_bbp_reply_count_hidden":0,"_bbp_forum_subforum_count":0,"ngg_post_thumbnail":0,"jetpack_post_was_ever_published":false,"footnotes":""},"class_list":["post-2576","page","type-page","status-publish","hentry"],"jetpack_sharing_enabled":true,"_links":{"self":[{"href":"https:\/\/unser-quartier.de\/boeckmanns-laden\/wp-json\/wp\/v2\/pages\/2576","targetHints":{"allow":["GET"]}}],"collection":[{"href":"https:\/\/unser-quartier.de\/boeckmanns-laden\/wp-json\/wp\/v2\/pages"}],"about":[{"href":"https:\/\/unser-quartier.de\/boeckmanns-laden\/wp-json\/wp\/v2\/types\/page"}],"author":[{"embeddable":true,"href":"https:\/\/unser-quartier.de\/boeckmanns-laden\/wp-json\/wp\/v2\/users\/35"}],"replies":[{"embeddable":true,"href":"https:\/\/unser-quartier.de\/boeckmanns-laden\/wp-json\/wp\/v2\/comments?post=2576"}],"version-history":[{"count":0,"href":"https:\/\/unser-quartier.de\/boeckmanns-laden\/wp-json\/wp\/v2\/pages\/2576\/revisions"}],"up":[{"embeddable":true,"href":"https:\/\/unser-quartier.de\/boeckmanns-laden\/wp-json\/wp\/v2\/pages\/1716"}],"wp:attachment":[{"href":"https:\/\/unser-quartier.de\/boeckmanns-laden\/wp-json\/wp\/v2\/media?parent=2576"}],"curies":[{"name":"wp","href":"https:\/\/api.w.org\/{rel}","templated":true}]}}