{"id":28,"date":"2012-05-05T13:15:48","date_gmt":"2012-05-05T13:15:48","guid":{"rendered":"http:\/\/unser-quartier.de\/tmp-musterblog\/?page_id=28"},"modified":"2025-05-30T08:37:59","modified_gmt":"2025-05-30T08:37:59","slug":"startseite","status":"publish","type":"page","link":"https:\/\/unser-quartier.de\/boeckmanns-laden\/startseite\/","title":{"rendered":"B\u00f6ckmanns Laden &#8211; Stadtteilzentrum f\u00fcr Herfords Westen"},"content":{"rendered":"<p>Herzlich willkommen auf der Internetplattform von B\u00f6ckmanns Laden.<\/p>\n<p>Das Stadtteilzentrum \u201eB\u00f6ckmanns Laden\u201c ist am westlichen Rand der Stadt Herford im Gemeindehaus \u201eLutherhaus\u201c der evangelischen <a href=\"https:\/\/www.herford-mitte-land.de\/\">Kirchengemeinde Herford-Mitte-Land<\/a> untergebracht und wendet sich mit seinen Angeboten schwerpunktm\u00e4\u00dfig Seniorinnen und Senioren, die in diesem Teil Herfords zu Hause sind.<\/p>\n","protected":false},"excerpt":{"rendered":"<p>Herzlich willkommen auf der Internetplattform von B\u00f6ckmanns Laden. Das Stadtteilzentrum \u201eB\u00f6ckmanns Laden\u201c ist am westlichen Rand der Stadt Herford im Gemeindehaus \u201eLutherhaus\u201c der evangelischen Kirchengemeinde Herford-Mitte-Land untergebracht und wendet sich mit seinen Angeboten schwerpunktm\u00e4\u00dfig Seniorinnen und Senioren, die in diesem Teil Herfords zu Hause sind.<\/p>\n","protected":false},"author":1,"featured_media":0,"parent":0,"menu_order":1,"comment_status":"closed","ping_status":"closed","template":"","meta":{"_bbp_topic_count":0,"_bbp_reply_count":0,"_bbp_total_topic_count":0,"_bbp_total_reply_count":0,"_bbp_voice_count":0,"_bbp_anonymous_reply_count":0,"_bbp_topic_count_hidden":0,"_bbp_reply_count_hidden":0,"_bbp_forum_subforum_count":0,"ngg_post_thumbnail":0,"jetpack_post_was_ever_published":false,"footnotes":""},"class_list":["post-28","page","type-page","status-publish","hentry"],"jetpack_sharing_enabled":true,"_links":{"self":[{"href":"https:\/\/unser-quartier.de\/boeckmanns-laden\/wp-json\/wp\/v2\/pages\/28","targetHints":{"allow":["GET"]}}],"collection":[{"href":"https:\/\/unser-quartier.de\/boeckmanns-laden\/wp-json\/wp\/v2\/pages"}],"about":[{"href":"https:\/\/unser-quartier.de\/boeckmanns-laden\/wp-json\/wp\/v2\/types\/page"}],"author":[{"embeddable":true,"href":"https:\/\/unser-quartier.de\/boeckmanns-laden\/wp-json\/wp\/v2\/users\/1"}],"replies":[{"embeddable":true,"href":"https:\/\/unser-quartier.de\/boeckmanns-laden\/wp-json\/wp\/v2\/comments?post=28"}],"version-history":[{"count":2,"href":"https:\/\/unser-quartier.de\/boeckmanns-laden\/wp-json\/wp\/v2\/pages\/28\/revisions"}],"predecessor-version":[{"id":5188,"href":"https:\/\/unser-quartier.de\/boeckmanns-laden\/wp-json\/wp\/v2\/pages\/28\/revisions\/5188"}],"wp:attachment":[{"href":"https:\/\/unser-quartier.de\/boeckmanns-laden\/wp-json\/wp\/v2\/media?parent=28"}],"curies":[{"name":"wp","href":"https:\/\/api.w.org\/{rel}","templated":true}]}}