{"id":2952,"date":"2015-09-05T14:07:07","date_gmt":"2015-09-05T14:07:07","guid":{"rendered":"http:\/\/unser-quartier.de\/boeckmanns-laden\/?page_id=2952"},"modified":"2017-01-28T21:54:36","modified_gmt":"2017-01-28T21:54:36","slug":"tomaten-mit-mozzarella","status":"publish","type":"page","link":"https:\/\/unser-quartier.de\/boeckmanns-laden\/service\/rezepte-aller-art\/tomaten-mit-mozzarella\/","title":{"rendered":"Tomaten mit Mozzarella"},"content":{"rendered":"<h3>Zutaten:<\/h3>\n<table>\n<tbody>\n<tr>\n<td>5<\/td>\n<td>Tomaten<\/td>\n<\/tr>\n<tr>\n<td>2 Kugeln<\/td>\n<td>Mozzarella<\/td>\n<\/tr>\n<tr>\n<td>Balsamizzimo<\/td>\n<td>cremig mild<\/td>\n<\/tr>\n<tr>\n<td>Basilikumbl\u00e4tter<\/td>\n<td><\/td>\n<\/tr>\n<tr>\n<td>Salz, Pfeffer<\/td>\n<td>2 E\u00dfl. Oliven\u00f6l<\/td>\n<\/tr>\n<\/tbody>\n<\/table>\n<h3>Zubereitung:<\/h3>\n<p>Tomaten waschen, die St\u00e4ngelans\u00e4tze herausschneiden und in Scheiben schneiden.<\/p>\n<p>Mozzarellakugeln halbieren , ebenfalls in Scheiben schneiden und mit den Tomatenscheiben schuppenf\u00f6rmig auf einer Platte anrichten.<\/p>\n<p>Mit Salz und Pfeffer w\u00fcrzen, Balsamizzimo in feinen F\u00e4den darauf verteilen &#8211; Kreise, Schlangen oder Streifen. Mit Oliven\u00f6l betr\u00e4ufeln.<\/p>\n","protected":false},"excerpt":{"rendered":"<p>Zutaten: 5 Tomaten 2 Kugeln Mozzarella Balsamizzimo cremig mild Basilikumbl\u00e4tter Salz, Pfeffer 2 E\u00dfl. Oliven\u00f6l Zubereitung: Tomaten waschen, die St\u00e4ngelans\u00e4tze herausschneiden und in Scheiben schneiden. Mozzarellakugeln halbieren , ebenfalls in Scheiben schneiden und mit den Tomatenscheiben schuppenf\u00f6rmig auf einer Platte anrichten. Mit Salz und Pfeffer w\u00fcrzen, Balsamizzimo in feinen F\u00e4den darauf verteilen &#8211; Kreise, Schlangen &hellip; <a href=\"https:\/\/unser-quartier.de\/boeckmanns-laden\/service\/rezepte-aller-art\/tomaten-mit-mozzarella\/\" class=\"more-link\"><span class=\"screen-reader-text\">\u201eTomaten mit Mozzarella\u201c<\/span> weiterlesen<\/a><\/p>\n","protected":false},"author":35,"featured_media":0,"parent":1716,"menu_order":0,"comment_status":"closed","ping_status":"closed","template":"","meta":{"_bbp_topic_count":0,"_bbp_reply_count":0,"_bbp_total_topic_count":0,"_bbp_total_reply_count":0,"_bbp_voice_count":0,"_bbp_anonymous_reply_count":0,"_bbp_topic_count_hidden":0,"_bbp_reply_count_hidden":0,"_bbp_forum_subforum_count":0,"ngg_post_thumbnail":0,"jetpack_post_was_ever_published":false,"footnotes":""},"class_list":["post-2952","page","type-page","status-publish","hentry"],"jetpack_sharing_enabled":true,"_links":{"self":[{"href":"https:\/\/unser-quartier.de\/boeckmanns-laden\/wp-json\/wp\/v2\/pages\/2952","targetHints":{"allow":["GET"]}}],"collection":[{"href":"https:\/\/unser-quartier.de\/boeckmanns-laden\/wp-json\/wp\/v2\/pages"}],"about":[{"href":"https:\/\/unser-quartier.de\/boeckmanns-laden\/wp-json\/wp\/v2\/types\/page"}],"author":[{"embeddable":true,"href":"https:\/\/unser-quartier.de\/boeckmanns-laden\/wp-json\/wp\/v2\/users\/35"}],"replies":[{"embeddable":true,"href":"https:\/\/unser-quartier.de\/boeckmanns-laden\/wp-json\/wp\/v2\/comments?post=2952"}],"version-history":[{"count":0,"href":"https:\/\/unser-quartier.de\/boeckmanns-laden\/wp-json\/wp\/v2\/pages\/2952\/revisions"}],"up":[{"embeddable":true,"href":"https:\/\/unser-quartier.de\/boeckmanns-laden\/wp-json\/wp\/v2\/pages\/1716"}],"wp:attachment":[{"href":"https:\/\/unser-quartier.de\/boeckmanns-laden\/wp-json\/wp\/v2\/media?parent=2952"}],"curies":[{"name":"wp","href":"https:\/\/api.w.org\/{rel}","templated":true}]}}