{"id":2954,"date":"2015-09-05T14:13:58","date_gmt":"2015-09-05T14:13:58","guid":{"rendered":"http:\/\/unser-quartier.de\/boeckmanns-laden\/?page_id=2954"},"modified":"2017-01-28T22:38:20","modified_gmt":"2017-01-28T22:38:20","slug":"kartoffel-gemueseauflauf-mit-minutenschnitzel","status":"publish","type":"page","link":"https:\/\/unser-quartier.de\/boeckmanns-laden\/service\/rezepte-aller-art\/kartoffel-gemueseauflauf-mit-minutenschnitzel\/","title":{"rendered":"Kartoffel-Gem\u00fcseauflauf mit Minutenschnitzel"},"content":{"rendered":"<h3>Zutaten:<\/h3>\n<table>\n<tbody>\n<tr>\n<td>750 g<\/td>\n<td>Kartoffeln<\/td>\n<\/tr>\n<tr>\n<td>500 g<\/td>\n<td>Zuccini<\/td>\n<\/tr>\n<tr>\n<td>1\/2 Kopf<\/td>\n<td>Broccoli<\/td>\n<\/tr>\n<tr>\n<td>500 g<\/td>\n<td>Minutenschnitzel<\/td>\n<\/tr>\n<tr>\n<td>1 T\u00fcte Maggi Fix<\/td>\n<td>Kr\u00e4uterrahmschnitzel<\/td>\n<\/tr>\n<tr>\n<td>200 g<\/td>\n<td>Sahne<\/td>\n<\/tr>\n<tr>\n<td>1<\/td>\n<td>Zwiebel<\/td>\n<\/tr>\n<tr>\n<td>100 g<\/td>\n<td>geriebenen Emmentaler<\/td>\n<\/tr>\n<tr>\n<td>Salz<\/td>\n<td>Pfeffer<\/td>\n<\/tr>\n<\/tbody>\n<\/table>\n<h3>Zubereitung:<\/h3>\n<p>Kartoffeln waschen, sch\u00e4len und garkochen, abk\u00fchlen lassen.<\/p>\n<p>Zuccini waschen, putzen, halbieren und in Scheiben schneiden.<\/p>\n<p>Broccoli waschen, Strunk und Bl\u00e4tter entfernen und in kleine R\u00f6schen teilen. Auch die Kartoffeln in Scheiben schneiden.<\/p>\n<p>Etwa 500g der Kartoffeln, Zuccini und Broccoli in einer Auflaufform schichten und mit Salz und Pfeffer w\u00fcrzen.<\/p>\n<p>Die Schnitzel waschen, trockentupfen und von beiden Seiten je 2 &#8211; 3 Minuten anbraten, mit Salz und Pfeffer w\u00fcrzen und abk\u00fchlen lassen, dann in W\u00fcrfel schneiden und auf dem Gem\u00fcse verteilen.<\/p>\n<p>Die Zwiebel pellen, w\u00fcrfeln und in einer Pfanne mit Fett goldbraun d\u00fcnsten und \u00fcber das Fleisch geben.<\/p>\n<p>50 g\u00a0 von dem K\u00e4se dar\u00fcber streuen.<\/p>\n<p>\u00dcber Allem die restlichen Kartoffeln verteilen. Maggi Fix mit der Sahne verr\u00fchren und gleichm\u00e4\u00dfig dar\u00fcbergie\u00dfen und den restlichen K\u00e4se verstreuen.<\/p>\n<p>Im Backofen ca 45 -60 Minuten bei 160\u00b0 &#8211; 180\u00b0 goldbraun \u00fcberbacken.<\/p>\n","protected":false},"excerpt":{"rendered":"<p>Zutaten: 750 g Kartoffeln 500 g Zuccini 1\/2 Kopf Broccoli 500 g Minutenschnitzel 1 T\u00fcte Maggi Fix Kr\u00e4uterrahmschnitzel 200 g Sahne 1 Zwiebel 100 g geriebenen Emmentaler Salz Pfeffer Zubereitung: Kartoffeln waschen, sch\u00e4len und garkochen, abk\u00fchlen lassen. Zuccini waschen, putzen, halbieren und in Scheiben schneiden. Broccoli waschen, Strunk und Bl\u00e4tter entfernen und in kleine R\u00f6schen &hellip; <a href=\"https:\/\/unser-quartier.de\/boeckmanns-laden\/service\/rezepte-aller-art\/kartoffel-gemueseauflauf-mit-minutenschnitzel\/\" class=\"more-link\"><span class=\"screen-reader-text\">\u201eKartoffel-Gem\u00fcseauflauf mit Minutenschnitzel\u201c<\/span> weiterlesen<\/a><\/p>\n","protected":false},"author":35,"featured_media":0,"parent":1716,"menu_order":0,"comment_status":"closed","ping_status":"closed","template":"","meta":{"_bbp_topic_count":0,"_bbp_reply_count":0,"_bbp_total_topic_count":0,"_bbp_total_reply_count":0,"_bbp_voice_count":0,"_bbp_anonymous_reply_count":0,"_bbp_topic_count_hidden":0,"_bbp_reply_count_hidden":0,"_bbp_forum_subforum_count":0,"ngg_post_thumbnail":0,"jetpack_post_was_ever_published":false,"footnotes":""},"class_list":["post-2954","page","type-page","status-publish","hentry"],"jetpack_sharing_enabled":true,"_links":{"self":[{"href":"https:\/\/unser-quartier.de\/boeckmanns-laden\/wp-json\/wp\/v2\/pages\/2954","targetHints":{"allow":["GET"]}}],"collection":[{"href":"https:\/\/unser-quartier.de\/boeckmanns-laden\/wp-json\/wp\/v2\/pages"}],"about":[{"href":"https:\/\/unser-quartier.de\/boeckmanns-laden\/wp-json\/wp\/v2\/types\/page"}],"author":[{"embeddable":true,"href":"https:\/\/unser-quartier.de\/boeckmanns-laden\/wp-json\/wp\/v2\/users\/35"}],"replies":[{"embeddable":true,"href":"https:\/\/unser-quartier.de\/boeckmanns-laden\/wp-json\/wp\/v2\/comments?post=2954"}],"version-history":[{"count":0,"href":"https:\/\/unser-quartier.de\/boeckmanns-laden\/wp-json\/wp\/v2\/pages\/2954\/revisions"}],"up":[{"embeddable":true,"href":"https:\/\/unser-quartier.de\/boeckmanns-laden\/wp-json\/wp\/v2\/pages\/1716"}],"wp:attachment":[{"href":"https:\/\/unser-quartier.de\/boeckmanns-laden\/wp-json\/wp\/v2\/media?parent=2954"}],"curies":[{"name":"wp","href":"https:\/\/api.w.org\/{rel}","templated":true}]}}