{"id":2959,"date":"2015-09-05T14:21:14","date_gmt":"2015-09-05T14:21:14","guid":{"rendered":"http:\/\/unser-quartier.de\/boeckmanns-laden\/?page_id=2959"},"modified":"2017-01-28T21:52:37","modified_gmt":"2017-01-28T21:52:37","slug":"salat-von-gekochten-moehren","status":"publish","type":"page","link":"https:\/\/unser-quartier.de\/boeckmanns-laden\/service\/rezepte-aller-art\/salat-von-gekochten-moehren\/","title":{"rendered":"Salat von gekochten M\u00f6hren"},"content":{"rendered":"<h3>Zutaten:<\/h3>\n<table>\n<tbody>\n<tr>\n<td>800g<\/td>\n<td>M\u00f6hren<\/td>\n<\/tr>\n<tr>\n<td>3 Stg.<\/td>\n<td>Lauchzwiebeln<\/td>\n<\/tr>\n<tr>\n<td>1 kl.<\/td>\n<td>Zwiebel<\/td>\n<\/tr>\n<tr>\n<td>2 E\u00dfl.<\/td>\n<td>Obstessig<\/td>\n<\/tr>\n<tr>\n<td>1 Prise Zucker<\/td>\n<td>Salz, Pfeffer<\/td>\n<\/tr>\n<tr>\n<td>3 E\u00dfl.<\/td>\n<td>Raps\u00f6l<\/td>\n<\/tr>\n<\/tbody>\n<\/table>\n<h3>Zubereitung:<\/h3>\n<p>Die M\u00f6hren sch\u00e4len, waschen und in gleichm\u00e4\u00dfige gro\u00dfe St\u00fccke schneiden.<\/p>\n<p>1 l Wasser zum Kochen bringen, die M\u00f6hren hineingeben und in 5 &#8211; 10 Min. garen, auf ein Sieb geben und abk\u00fchlen lassen.<\/p>\n<p>Die welken und braunen Teile von den Lauchzwiebeln entfernen, waschen, trockentupfen und in Ringe schneiden. Die Zwiebel pellen, halbieren und in W\u00fcrfel schneiden.<\/p>\n<p>Die erkalteten M\u00f6hren in eine gro\u00dfe Sch\u00fcssel geben, mit der Zwiebel, den Lauchzwiebeln, dem Essig, Pfeffer und Salz gut vermengen,. l\u00e4nger durchziehen lassen.Danach nochmal durchmengen, abschmecken und evtl. nachw\u00fcrzen.<\/p>\n<p>Vor dem Servieren 3 E\u00dfl. \u00d6l untermengen. Mit Petersilie garnieren.<\/p>\n","protected":false},"excerpt":{"rendered":"<p>Zutaten: 800g M\u00f6hren 3 Stg. Lauchzwiebeln 1 kl. Zwiebel 2 E\u00dfl. Obstessig 1 Prise Zucker Salz, Pfeffer 3 E\u00dfl. Raps\u00f6l Zubereitung: Die M\u00f6hren sch\u00e4len, waschen und in gleichm\u00e4\u00dfige gro\u00dfe St\u00fccke schneiden. 1 l Wasser zum Kochen bringen, die M\u00f6hren hineingeben und in 5 &#8211; 10 Min. garen, auf ein Sieb geben und abk\u00fchlen lassen. Die &hellip; <a href=\"https:\/\/unser-quartier.de\/boeckmanns-laden\/service\/rezepte-aller-art\/salat-von-gekochten-moehren\/\" class=\"more-link\"><span class=\"screen-reader-text\">\u201eSalat von gekochten M\u00f6hren\u201c<\/span> weiterlesen<\/a><\/p>\n","protected":false},"author":35,"featured_media":0,"parent":1716,"menu_order":0,"comment_status":"closed","ping_status":"closed","template":"","meta":{"_bbp_topic_count":0,"_bbp_reply_count":0,"_bbp_total_topic_count":0,"_bbp_total_reply_count":0,"_bbp_voice_count":0,"_bbp_anonymous_reply_count":0,"_bbp_topic_count_hidden":0,"_bbp_reply_count_hidden":0,"_bbp_forum_subforum_count":0,"ngg_post_thumbnail":0,"jetpack_post_was_ever_published":false,"footnotes":""},"class_list":["post-2959","page","type-page","status-publish","hentry"],"jetpack_sharing_enabled":true,"_links":{"self":[{"href":"https:\/\/unser-quartier.de\/boeckmanns-laden\/wp-json\/wp\/v2\/pages\/2959","targetHints":{"allow":["GET"]}}],"collection":[{"href":"https:\/\/unser-quartier.de\/boeckmanns-laden\/wp-json\/wp\/v2\/pages"}],"about":[{"href":"https:\/\/unser-quartier.de\/boeckmanns-laden\/wp-json\/wp\/v2\/types\/page"}],"author":[{"embeddable":true,"href":"https:\/\/unser-quartier.de\/boeckmanns-laden\/wp-json\/wp\/v2\/users\/35"}],"replies":[{"embeddable":true,"href":"https:\/\/unser-quartier.de\/boeckmanns-laden\/wp-json\/wp\/v2\/comments?post=2959"}],"version-history":[{"count":0,"href":"https:\/\/unser-quartier.de\/boeckmanns-laden\/wp-json\/wp\/v2\/pages\/2959\/revisions"}],"up":[{"embeddable":true,"href":"https:\/\/unser-quartier.de\/boeckmanns-laden\/wp-json\/wp\/v2\/pages\/1716"}],"wp:attachment":[{"href":"https:\/\/unser-quartier.de\/boeckmanns-laden\/wp-json\/wp\/v2\/media?parent=2959"}],"curies":[{"name":"wp","href":"https:\/\/api.w.org\/{rel}","templated":true}]}}