{"id":2963,"date":"2015-09-05T14:27:20","date_gmt":"2015-09-05T14:27:20","guid":{"rendered":"http:\/\/unser-quartier.de\/boeckmanns-laden\/?page_id=2963"},"modified":"2017-01-28T23:11:11","modified_gmt":"2017-01-28T23:11:11","slug":"bananen-tiramisu","status":"publish","type":"page","link":"https:\/\/unser-quartier.de\/boeckmanns-laden\/service\/rezepte-aller-art\/bananen-tiramisu\/","title":{"rendered":"Bananen Tiramisu"},"content":{"rendered":"<h3>Zutaten:<\/h3>\n<table>\n<tbody>\n<tr>\n<td>7<\/td>\n<td>Haferkekse<\/td>\n<\/tr>\n<tr>\n<td>1\/8 l<\/td>\n<td>starken Kaffee<\/td>\n<\/tr>\n<tr>\n<td>175 g<\/td>\n<td>Quark<\/td>\n<\/tr>\n<tr>\n<td>275 g<\/td>\n<td>Frischk\u00e4se<\/td>\n<\/tr>\n<tr>\n<td>1 E\u00dfl.<\/td>\n<td>fertige Schokoso\u00dfe<\/td>\n<\/tr>\n<tr>\n<td>1 Teel.<\/td>\n<td>Vanillezucker<\/td>\n<\/tr>\n<tr>\n<td>2 &#8211; 3 E\u00dfl.<\/td>\n<td>Milch<\/td>\n<\/tr>\n<tr>\n<td>1 1\/2 &#8211; 2<\/td>\n<td>Bananen<\/td>\n<\/tr>\n<\/tbody>\n<\/table>\n<h3>Zubereitung:<\/h3>\n<p>Die Haferkekse in eine Glasschale br\u00f6seln und mit dem kalten Kaffee betr\u00e4ufeln.<\/p>\n<p>Quark, Frischk\u00e4se, Schokoso\u00dfe, Vanillezucker und Milch in eine gro\u00dfe Sch\u00fcssel geben und zu einer Creme verr\u00fchren. Die Bananen von der Schale befreien, halbieren, in Scheiben schneiden und gleichm\u00e4\u00dfig \u00fcber die Kekskr\u00fcmel verteilen.<\/p>\n<p>Als oberste Schicht die Quark &#8211; Frischk\u00e4secreme einf\u00fcllen und mit Schokostreuseln garnieren.<\/p>\n","protected":false},"excerpt":{"rendered":"<p>Zutaten: 7 Haferkekse 1\/8 l starken Kaffee 175 g Quark 275 g Frischk\u00e4se 1 E\u00dfl. fertige Schokoso\u00dfe 1 Teel. Vanillezucker 2 &#8211; 3 E\u00dfl. Milch 1 1\/2 &#8211; 2 Bananen Zubereitung: Die Haferkekse in eine Glasschale br\u00f6seln und mit dem kalten Kaffee betr\u00e4ufeln. Quark, Frischk\u00e4se, Schokoso\u00dfe, Vanillezucker und Milch in eine gro\u00dfe Sch\u00fcssel geben und &hellip; <a href=\"https:\/\/unser-quartier.de\/boeckmanns-laden\/service\/rezepte-aller-art\/bananen-tiramisu\/\" class=\"more-link\"><span class=\"screen-reader-text\">\u201eBananen Tiramisu\u201c<\/span> weiterlesen<\/a><\/p>\n","protected":false},"author":35,"featured_media":0,"parent":1716,"menu_order":0,"comment_status":"closed","ping_status":"closed","template":"","meta":{"_bbp_topic_count":0,"_bbp_reply_count":0,"_bbp_total_topic_count":0,"_bbp_total_reply_count":0,"_bbp_voice_count":0,"_bbp_anonymous_reply_count":0,"_bbp_topic_count_hidden":0,"_bbp_reply_count_hidden":0,"_bbp_forum_subforum_count":0,"ngg_post_thumbnail":0,"jetpack_post_was_ever_published":false,"footnotes":""},"class_list":["post-2963","page","type-page","status-publish","hentry"],"jetpack_sharing_enabled":true,"_links":{"self":[{"href":"https:\/\/unser-quartier.de\/boeckmanns-laden\/wp-json\/wp\/v2\/pages\/2963","targetHints":{"allow":["GET"]}}],"collection":[{"href":"https:\/\/unser-quartier.de\/boeckmanns-laden\/wp-json\/wp\/v2\/pages"}],"about":[{"href":"https:\/\/unser-quartier.de\/boeckmanns-laden\/wp-json\/wp\/v2\/types\/page"}],"author":[{"embeddable":true,"href":"https:\/\/unser-quartier.de\/boeckmanns-laden\/wp-json\/wp\/v2\/users\/35"}],"replies":[{"embeddable":true,"href":"https:\/\/unser-quartier.de\/boeckmanns-laden\/wp-json\/wp\/v2\/comments?post=2963"}],"version-history":[{"count":0,"href":"https:\/\/unser-quartier.de\/boeckmanns-laden\/wp-json\/wp\/v2\/pages\/2963\/revisions"}],"up":[{"embeddable":true,"href":"https:\/\/unser-quartier.de\/boeckmanns-laden\/wp-json\/wp\/v2\/pages\/1716"}],"wp:attachment":[{"href":"https:\/\/unser-quartier.de\/boeckmanns-laden\/wp-json\/wp\/v2\/media?parent=2963"}],"curies":[{"name":"wp","href":"https:\/\/api.w.org\/{rel}","templated":true}]}}