{"id":2967,"date":"2015-09-05T14:34:11","date_gmt":"2015-09-05T14:34:11","guid":{"rendered":"http:\/\/unser-quartier.de\/boeckmanns-laden\/?page_id=2967"},"modified":"2017-01-28T23:26:18","modified_gmt":"2017-01-28T23:26:18","slug":"pfirsichcreme","status":"publish","type":"page","link":"https:\/\/unser-quartier.de\/boeckmanns-laden\/service\/rezepte-aller-art\/pfirsichcreme\/","title":{"rendered":"Pfirsichcreme"},"content":{"rendered":"<h3>Zutaten:<\/h3>\n<table>\n<tbody>\n<tr>\n<td>1 kl.Dose<\/td>\n<td>Pfirsiche<\/td>\n<\/tr>\n<tr>\n<td>1 Pck.<\/td>\n<td>Vanillepuddingpulver<\/td>\n<\/tr>\n<tr>\n<td>1\/2 l<\/td>\n<td>Pfirsichsaft<\/td>\n<\/tr>\n<tr>\n<td>1\/2 Bch.<\/td>\n<td>s\u00fc\u00dfe Sahne<\/td>\n<\/tr>\n<tr>\n<td>etwas<\/td>\n<td>Zucker<\/td>\n<\/tr>\n<\/tbody>\n<\/table>\n<h3>Zubereitung:<\/h3>\n<p>Die Pfirsiche abgie\u00dfen, den Saft auffangen und mit dem Pfirsichsaft aus der Flasche auf insgesamt 0,5 l auff\u00fcllen.<\/p>\n<p>Von dem Vanillepuddingpulver und dem Pfirsichsaft nach Packungsanleitung einen Pudding kochen, abk\u00fchlen lassen, die gew\u00fcrfelten Pfirsichst\u00fccke unterheben und mit etwas Zucker nachs\u00fc\u00dfen. Die Sahne steifschlagen , vorsichtig unter den Pudding heben und gleichm\u00e4\u00dfig verr\u00fchren.<\/p>\n<p>Die Pfirsichcreme in Glasschalen portionieren oder in eine gro\u00dfe Glassch\u00fcssel f\u00fcllen. Wer es mag, kann die die Creme noch mit Sahnetupfen garnieren.<\/p>\n","protected":false},"excerpt":{"rendered":"<p>Zutaten: 1 kl.Dose Pfirsiche 1 Pck. Vanillepuddingpulver 1\/2 l Pfirsichsaft 1\/2 Bch. s\u00fc\u00dfe Sahne etwas Zucker Zubereitung: Die Pfirsiche abgie\u00dfen, den Saft auffangen und mit dem Pfirsichsaft aus der Flasche auf insgesamt 0,5 l auff\u00fcllen. Von dem Vanillepuddingpulver und dem Pfirsichsaft nach Packungsanleitung einen Pudding kochen, abk\u00fchlen lassen, die gew\u00fcrfelten Pfirsichst\u00fccke unterheben und mit etwas &hellip; <a href=\"https:\/\/unser-quartier.de\/boeckmanns-laden\/service\/rezepte-aller-art\/pfirsichcreme\/\" class=\"more-link\"><span class=\"screen-reader-text\">\u201ePfirsichcreme\u201c<\/span> weiterlesen<\/a><\/p>\n","protected":false},"author":35,"featured_media":0,"parent":1716,"menu_order":0,"comment_status":"closed","ping_status":"closed","template":"","meta":{"_bbp_topic_count":0,"_bbp_reply_count":0,"_bbp_total_topic_count":0,"_bbp_total_reply_count":0,"_bbp_voice_count":0,"_bbp_anonymous_reply_count":0,"_bbp_topic_count_hidden":0,"_bbp_reply_count_hidden":0,"_bbp_forum_subforum_count":0,"ngg_post_thumbnail":0,"jetpack_post_was_ever_published":false,"footnotes":""},"class_list":["post-2967","page","type-page","status-publish","hentry"],"jetpack_sharing_enabled":true,"_links":{"self":[{"href":"https:\/\/unser-quartier.de\/boeckmanns-laden\/wp-json\/wp\/v2\/pages\/2967","targetHints":{"allow":["GET"]}}],"collection":[{"href":"https:\/\/unser-quartier.de\/boeckmanns-laden\/wp-json\/wp\/v2\/pages"}],"about":[{"href":"https:\/\/unser-quartier.de\/boeckmanns-laden\/wp-json\/wp\/v2\/types\/page"}],"author":[{"embeddable":true,"href":"https:\/\/unser-quartier.de\/boeckmanns-laden\/wp-json\/wp\/v2\/users\/35"}],"replies":[{"embeddable":true,"href":"https:\/\/unser-quartier.de\/boeckmanns-laden\/wp-json\/wp\/v2\/comments?post=2967"}],"version-history":[{"count":0,"href":"https:\/\/unser-quartier.de\/boeckmanns-laden\/wp-json\/wp\/v2\/pages\/2967\/revisions"}],"up":[{"embeddable":true,"href":"https:\/\/unser-quartier.de\/boeckmanns-laden\/wp-json\/wp\/v2\/pages\/1716"}],"wp:attachment":[{"href":"https:\/\/unser-quartier.de\/boeckmanns-laden\/wp-json\/wp\/v2\/media?parent=2967"}],"curies":[{"name":"wp","href":"https:\/\/api.w.org\/{rel}","templated":true}]}}