{"id":2978,"date":"2015-09-05T14:49:16","date_gmt":"2015-09-05T14:49:16","guid":{"rendered":"http:\/\/unser-quartier.de\/boeckmanns-laden\/?page_id=2978"},"modified":"2017-01-28T23:15:10","modified_gmt":"2017-01-28T23:15:10","slug":"heidelbeer-schichtdessert","status":"publish","type":"page","link":"https:\/\/unser-quartier.de\/boeckmanns-laden\/service\/rezepte-aller-art\/heidelbeer-schichtdessert\/","title":{"rendered":"Heidelbeer Schichtdessert"},"content":{"rendered":"<h3>Zutaten:<\/h3>\n<table>\n<tbody>\n<tr>\n<td>1 Glas<\/td>\n<td>Heidelbeeren 340 ml<\/td>\n<\/tr>\n<tr>\n<td>1 E\u00dfl.<\/td>\n<td>Speisest\u00e4rke<\/td>\n<\/tr>\n<tr>\n<td>1\/2 l<\/td>\n<td>Milch<\/td>\n<\/tr>\n<tr>\n<td>1 Pck.<\/td>\n<td>Puddingpulver Sahnegeschmack<\/td>\n<\/tr>\n<tr>\n<td>1 &#8211; 2 E\u00dfl.<\/td>\n<td>Zucker<\/td>\n<\/tr>\n<tr>\n<td>1 Becher<\/td>\n<td>saure Sahne<\/td>\n<\/tr>\n<\/tbody>\n<\/table>\n<h3>Zubereitung:<\/h3>\n<p>Die Heidelbeeren mit der Speisest\u00e4rke andicken.<\/p>\n<p>Den Pudding nach Packungsanweisung zubereiten, etwas abk\u00fchlen lassen, saure Sahne unterr\u00fchren und mit Zucker abschmecken.<\/p>\n<p>Den\u00a0 Pudding und die Heidelbeeren nacheinander in einer Glasschale schichten und zum Schlu\u00df Heidelbeeren obendrauf<\/p>\n","protected":false},"excerpt":{"rendered":"<p>Zutaten: 1 Glas Heidelbeeren 340 ml 1 E\u00dfl. Speisest\u00e4rke 1\/2 l Milch 1 Pck. Puddingpulver Sahnegeschmack 1 &#8211; 2 E\u00dfl. Zucker 1 Becher saure Sahne Zubereitung: Die Heidelbeeren mit der Speisest\u00e4rke andicken. Den Pudding nach Packungsanweisung zubereiten, etwas abk\u00fchlen lassen, saure Sahne unterr\u00fchren und mit Zucker abschmecken. Den\u00a0 Pudding und die Heidelbeeren nacheinander in einer &hellip; <a href=\"https:\/\/unser-quartier.de\/boeckmanns-laden\/service\/rezepte-aller-art\/heidelbeer-schichtdessert\/\" class=\"more-link\"><span class=\"screen-reader-text\">\u201eHeidelbeer Schichtdessert\u201c<\/span> weiterlesen<\/a><\/p>\n","protected":false},"author":35,"featured_media":0,"parent":1716,"menu_order":0,"comment_status":"closed","ping_status":"closed","template":"","meta":{"_bbp_topic_count":0,"_bbp_reply_count":0,"_bbp_total_topic_count":0,"_bbp_total_reply_count":0,"_bbp_voice_count":0,"_bbp_anonymous_reply_count":0,"_bbp_topic_count_hidden":0,"_bbp_reply_count_hidden":0,"_bbp_forum_subforum_count":0,"ngg_post_thumbnail":0,"jetpack_post_was_ever_published":false,"footnotes":""},"class_list":["post-2978","page","type-page","status-publish","hentry"],"jetpack_sharing_enabled":true,"_links":{"self":[{"href":"https:\/\/unser-quartier.de\/boeckmanns-laden\/wp-json\/wp\/v2\/pages\/2978","targetHints":{"allow":["GET"]}}],"collection":[{"href":"https:\/\/unser-quartier.de\/boeckmanns-laden\/wp-json\/wp\/v2\/pages"}],"about":[{"href":"https:\/\/unser-quartier.de\/boeckmanns-laden\/wp-json\/wp\/v2\/types\/page"}],"author":[{"embeddable":true,"href":"https:\/\/unser-quartier.de\/boeckmanns-laden\/wp-json\/wp\/v2\/users\/35"}],"replies":[{"embeddable":true,"href":"https:\/\/unser-quartier.de\/boeckmanns-laden\/wp-json\/wp\/v2\/comments?post=2978"}],"version-history":[{"count":0,"href":"https:\/\/unser-quartier.de\/boeckmanns-laden\/wp-json\/wp\/v2\/pages\/2978\/revisions"}],"up":[{"embeddable":true,"href":"https:\/\/unser-quartier.de\/boeckmanns-laden\/wp-json\/wp\/v2\/pages\/1716"}],"wp:attachment":[{"href":"https:\/\/unser-quartier.de\/boeckmanns-laden\/wp-json\/wp\/v2\/media?parent=2978"}],"curies":[{"name":"wp","href":"https:\/\/api.w.org\/{rel}","templated":true}]}}