{"id":2995,"date":"2015-09-13T08:40:08","date_gmt":"2015-09-13T08:40:08","guid":{"rendered":"http:\/\/unser-quartier.de\/boeckmanns-laden\/?page_id=2995"},"modified":"2017-01-28T23:39:59","modified_gmt":"2017-01-28T23:39:59","slug":"2995-2","status":"publish","type":"page","link":"https:\/\/unser-quartier.de\/boeckmanns-laden\/service\/rezepte-aller-art\/2995-2\/","title":{"rendered":"Stratiatella Quarkcreme"},"content":{"rendered":"<h3>Zutaten:<\/h3>\n<table>\n<tbody>\n<tr>\n<td>250 g<\/td>\n<td>Quark<\/td>\n<\/tr>\n<tr>\n<td>250 g<\/td>\n<td>Naturjogurt<\/td>\n<\/tr>\n<tr>\n<td>250 g<\/td>\n<td>Vanilleso\u00dfe ( Ravensberger)<\/td>\n<\/tr>\n<tr>\n<td>100 g<\/td>\n<td>geschlagene Sahne<\/td>\n<\/tr>\n<tr>\n<td>50 g<\/td>\n<td>Schokoraspel<\/td>\n<\/tr>\n<tr>\n<td>Zucker nach Geschmack<\/td>\n<td><\/td>\n<\/tr>\n<\/tbody>\n<\/table>\n<h3>Zubereitung:<\/h3>\n<p>Quark, Jogurt und Vanilleso\u00dfe in eine Sch\u00fcssel geben und sehr gut verr\u00fchren.<\/p>\n<p>Die geschlagene Sahne und die Schokoraspel vorsichtig unter die Masse ziehen und mit Zucker abschmecken.<\/p>\n<p>Die S\u00fc\u00dfspeise bald verzehren, da sonst die Schokoraspel weich werden.<\/p>\n","protected":false},"excerpt":{"rendered":"<p>Zutaten: 250 g Quark 250 g Naturjogurt 250 g Vanilleso\u00dfe ( Ravensberger) 100 g geschlagene Sahne 50 g Schokoraspel Zucker nach Geschmack Zubereitung: Quark, Jogurt und Vanilleso\u00dfe in eine Sch\u00fcssel geben und sehr gut verr\u00fchren. Die geschlagene Sahne und die Schokoraspel vorsichtig unter die Masse ziehen und mit Zucker abschmecken. Die S\u00fc\u00dfspeise bald verzehren, da &hellip; <a href=\"https:\/\/unser-quartier.de\/boeckmanns-laden\/service\/rezepte-aller-art\/2995-2\/\" class=\"more-link\"><span class=\"screen-reader-text\">\u201eStratiatella Quarkcreme\u201c<\/span> weiterlesen<\/a><\/p>\n","protected":false},"author":35,"featured_media":0,"parent":1716,"menu_order":0,"comment_status":"closed","ping_status":"closed","template":"","meta":{"_bbp_topic_count":0,"_bbp_reply_count":0,"_bbp_total_topic_count":0,"_bbp_total_reply_count":0,"_bbp_voice_count":0,"_bbp_anonymous_reply_count":0,"_bbp_topic_count_hidden":0,"_bbp_reply_count_hidden":0,"_bbp_forum_subforum_count":0,"ngg_post_thumbnail":0,"jetpack_post_was_ever_published":false,"footnotes":""},"class_list":["post-2995","page","type-page","status-publish","hentry"],"jetpack_sharing_enabled":true,"_links":{"self":[{"href":"https:\/\/unser-quartier.de\/boeckmanns-laden\/wp-json\/wp\/v2\/pages\/2995","targetHints":{"allow":["GET"]}}],"collection":[{"href":"https:\/\/unser-quartier.de\/boeckmanns-laden\/wp-json\/wp\/v2\/pages"}],"about":[{"href":"https:\/\/unser-quartier.de\/boeckmanns-laden\/wp-json\/wp\/v2\/types\/page"}],"author":[{"embeddable":true,"href":"https:\/\/unser-quartier.de\/boeckmanns-laden\/wp-json\/wp\/v2\/users\/35"}],"replies":[{"embeddable":true,"href":"https:\/\/unser-quartier.de\/boeckmanns-laden\/wp-json\/wp\/v2\/comments?post=2995"}],"version-history":[{"count":0,"href":"https:\/\/unser-quartier.de\/boeckmanns-laden\/wp-json\/wp\/v2\/pages\/2995\/revisions"}],"up":[{"embeddable":true,"href":"https:\/\/unser-quartier.de\/boeckmanns-laden\/wp-json\/wp\/v2\/pages\/1716"}],"wp:attachment":[{"href":"https:\/\/unser-quartier.de\/boeckmanns-laden\/wp-json\/wp\/v2\/media?parent=2995"}],"curies":[{"name":"wp","href":"https:\/\/api.w.org\/{rel}","templated":true}]}}