{"id":3019,"date":"2015-09-13T09:23:30","date_gmt":"2015-09-13T09:23:30","guid":{"rendered":"http:\/\/unser-quartier.de\/boeckmanns-laden\/?page_id=3019"},"modified":"2017-01-28T23:02:15","modified_gmt":"2017-01-28T23:02:15","slug":"ananascreme","status":"publish","type":"page","link":"https:\/\/unser-quartier.de\/boeckmanns-laden\/service\/rezepte-aller-art\/ananascreme\/","title":{"rendered":"Ananascreme"},"content":{"rendered":"<h3>Zutaten:<\/h3>\n<table style=\"height: 124px\" width=\"584\">\n<tbody>\n<tr>\n<td>1 Dose (ca. 300 g)<\/td>\n<td>Ananasw\u00fcrfel<\/td>\n<\/tr>\n<tr>\n<td>2 P\u00e4ckchen<\/td>\n<td>Vanillepuddingpulver (Pulver zum Aufkochen)<\/td>\n<\/tr>\n<tr>\n<td>1 Liter<\/td>\n<td>Ananassaft<\/td>\n<\/tr>\n<tr>\n<td>1 Becher<\/td>\n<td>s\u00fc\u00dfe Sahne<\/td>\n<\/tr>\n<tr>\n<td>etwas<\/td>\n<td>Zucker<\/td>\n<\/tr>\n<\/tbody>\n<\/table>\n<h3>Zubereitung:<\/h3>\n<p>Die Ananasw\u00fcrfel abgie\u00dfen und den Saft aus der Dose auffangen. Dieser Saft wird mit dem Ananassaft aus der T\u00fcte \/ Flasche auf insgesamt 1 Liter aufgef\u00fcllt.<\/p>\n<p>Das Puddingpulver wird mit ein wenig von diesem Saft in einer separaten Sch\u00fcssel anger\u00fchrt.<\/p>\n<p>In der Zwischenzeit kann der \u00fcbrige Ananassaft bereits aufgekocht werden. Sobald dieser kocht, wird das anger\u00fchrte Puddingpulver hinzugegeben und mit einem Schneebesen einger\u00fchrt. Unter gelegentlichem Umr\u00fchren die Ananas-Pudding-Mischung aufkochen lassen. Anschlie\u00dfend wird der \u201eAnanas-Pudding\u201c von der hei\u00dfen Platte genommen und bei Bedarf in eine weitere Sch\u00fcssel zum Abk\u00fchlen umgef\u00fcllt (gelegentlich Umr\u00fchren). Sobald der Pudding etwas abgek\u00fchlt ist, werden die Ananasw\u00fcrfel untergehoben. Je nach Geschmack kann nun noch mit etwas Zucker nachges\u00fc\u00dft werden.<\/p>\n<p>Nun muss der \u201eAnanas-Pudding\u201c zun\u00e4chst noch weiter abk\u00fchlen. Erst wenn er eine milde Temperatur erreicht hat, wird die Sahne mit etwas Zucker aufgeschlagen. Die aufgeschlagene Sahne wird nun vorsichtig unter den Pudding untergehoben und gleichm\u00e4\u00dfig verr\u00fchrt, bis eine einheitliche Creme entsteht.<\/p>\n<p>Zum Abk\u00fchlen der Ananascreme kann diese entweder in der Sch\u00fcssel verbleiben oder bereits in Glassch\u00e4lchen portioniert werden. Wer es sch\u00f6n mag, verziert die Ananascreme noch mit einer kleinen Sahnehaube.<\/p>\n<p>Viel Spa\u00df beim Nachkochen und Guten Appetit.<\/p>\n<p>Hier k\u00f6nnt ihr euch das Rezept auch noch herunterladen: <a href=\"https:\/\/unser-quartier.de\/boeckmanns-laden\/files\/2014\/09\/Ananascreme.pdf\">Ananascreme<\/a><\/p>\n","protected":false},"excerpt":{"rendered":"<p>Zutaten: 1 Dose (ca. 300 g) Ananasw\u00fcrfel 2 P\u00e4ckchen Vanillepuddingpulver (Pulver zum Aufkochen) 1 Liter Ananassaft 1 Becher s\u00fc\u00dfe Sahne etwas Zucker Zubereitung: Die Ananasw\u00fcrfel abgie\u00dfen und den Saft aus der Dose auffangen. Dieser Saft wird mit dem Ananassaft aus der T\u00fcte \/ Flasche auf insgesamt 1 Liter aufgef\u00fcllt. Das Puddingpulver wird mit ein wenig &hellip; <a href=\"https:\/\/unser-quartier.de\/boeckmanns-laden\/service\/rezepte-aller-art\/ananascreme\/\" class=\"more-link\"><span class=\"screen-reader-text\">\u201eAnanascreme\u201c<\/span> weiterlesen<\/a><\/p>\n","protected":false},"author":35,"featured_media":0,"parent":1716,"menu_order":0,"comment_status":"closed","ping_status":"closed","template":"","meta":{"_bbp_topic_count":0,"_bbp_reply_count":0,"_bbp_total_topic_count":0,"_bbp_total_reply_count":0,"_bbp_voice_count":0,"_bbp_anonymous_reply_count":0,"_bbp_topic_count_hidden":0,"_bbp_reply_count_hidden":0,"_bbp_forum_subforum_count":0,"ngg_post_thumbnail":0,"jetpack_post_was_ever_published":false,"footnotes":""},"class_list":["post-3019","page","type-page","status-publish","hentry"],"jetpack_sharing_enabled":true,"_links":{"self":[{"href":"https:\/\/unser-quartier.de\/boeckmanns-laden\/wp-json\/wp\/v2\/pages\/3019","targetHints":{"allow":["GET"]}}],"collection":[{"href":"https:\/\/unser-quartier.de\/boeckmanns-laden\/wp-json\/wp\/v2\/pages"}],"about":[{"href":"https:\/\/unser-quartier.de\/boeckmanns-laden\/wp-json\/wp\/v2\/types\/page"}],"author":[{"embeddable":true,"href":"https:\/\/unser-quartier.de\/boeckmanns-laden\/wp-json\/wp\/v2\/users\/35"}],"replies":[{"embeddable":true,"href":"https:\/\/unser-quartier.de\/boeckmanns-laden\/wp-json\/wp\/v2\/comments?post=3019"}],"version-history":[{"count":0,"href":"https:\/\/unser-quartier.de\/boeckmanns-laden\/wp-json\/wp\/v2\/pages\/3019\/revisions"}],"up":[{"embeddable":true,"href":"https:\/\/unser-quartier.de\/boeckmanns-laden\/wp-json\/wp\/v2\/pages\/1716"}],"wp:attachment":[{"href":"https:\/\/unser-quartier.de\/boeckmanns-laden\/wp-json\/wp\/v2\/media?parent=3019"}],"curies":[{"name":"wp","href":"https:\/\/api.w.org\/{rel}","templated":true}]}}