{"id":3067,"date":"2015-09-20T12:00:17","date_gmt":"2015-09-20T12:00:17","guid":{"rendered":"http:\/\/unser-quartier.de\/boeckmanns-laden\/?page_id=3067"},"modified":"2017-01-28T22:58:02","modified_gmt":"2017-01-28T22:58:02","slug":"schweinefilettopf","status":"publish","type":"page","link":"https:\/\/unser-quartier.de\/boeckmanns-laden\/service\/rezepte-aller-art\/schweinefilettopf\/","title":{"rendered":"Schweinefilettopf"},"content":{"rendered":"<h3>Zutaten:<\/h3>\n<table>\n<tbody>\n<tr>\n<td>5<\/td>\n<td>Schweineschnitzel<\/td>\n<\/tr>\n<tr>\n<td>3<\/td>\n<td>Bananen<\/td>\n<\/tr>\n<tr>\n<td>3<\/td>\n<td>\u00c4pfel<\/td>\n<\/tr>\n<tr>\n<td>300 g<\/td>\n<td>s\u00fc\u00dfe Sahne<\/td>\n<\/tr>\n<tr>\n<td>5 E\u00dfl.<\/td>\n<td>Curry Ketchup<\/td>\n<\/tr>\n<tr>\n<td>1 T\u00fcte<\/td>\n<td>geriebenen Gouda<\/td>\n<\/tr>\n<tr>\n<td>Salz, Pfeffer<\/td>\n<td>Curry<\/td>\n<\/tr>\n<\/tbody>\n<\/table>\n<h3>Zubereitung:<\/h3>\n<p>Die Schweineschnitzel in Fett ungew\u00fcrzt von beiden Seiten ca. 3 Minuten anbraten und nach dem Abk\u00fchlen in Streifen oder W\u00fcrfel schneiden.<\/p>\n<p>Die \u00c4pfel waschen, sch\u00e4len und w\u00fcrfeln.<\/p>\n<p>Die Bananen in Scheiben schneiden.<\/p>\n<p>In eine gefettete Auflaufform alle geschnittenen Zutaten\u00a0 durcheinander einschichten.<\/p>\n<p>Sahne, Ketchup, Salz, Pfeffer und Curry miteinander vermengen, kr\u00e4ftig abschmecken und \u00fcber die Masse gleichm\u00e4\u00dfig verteilen.<\/p>\n<p>Den geriebenen K\u00e4se dar\u00fcber streuen.<\/p>\n<p>Bei 160 &#8211; 180\u00b0C ca. 50 Minuten im Backofen \u00fcberbacken.<\/p>\n","protected":false},"excerpt":{"rendered":"<p>Zutaten: 5 Schweineschnitzel 3 Bananen 3 \u00c4pfel 300 g s\u00fc\u00dfe Sahne 5 E\u00dfl. Curry Ketchup 1 T\u00fcte geriebenen Gouda Salz, Pfeffer Curry Zubereitung: Die Schweineschnitzel in Fett ungew\u00fcrzt von beiden Seiten ca. 3 Minuten anbraten und nach dem Abk\u00fchlen in Streifen oder W\u00fcrfel schneiden. Die \u00c4pfel waschen, sch\u00e4len und w\u00fcrfeln. Die Bananen in Scheiben schneiden. &hellip; <a href=\"https:\/\/unser-quartier.de\/boeckmanns-laden\/service\/rezepte-aller-art\/schweinefilettopf\/\" class=\"more-link\"><span class=\"screen-reader-text\">\u201eSchweinefilettopf\u201c<\/span> weiterlesen<\/a><\/p>\n","protected":false},"author":35,"featured_media":0,"parent":1716,"menu_order":0,"comment_status":"closed","ping_status":"closed","template":"","meta":{"_bbp_topic_count":0,"_bbp_reply_count":0,"_bbp_total_topic_count":0,"_bbp_total_reply_count":0,"_bbp_voice_count":0,"_bbp_anonymous_reply_count":0,"_bbp_topic_count_hidden":0,"_bbp_reply_count_hidden":0,"_bbp_forum_subforum_count":0,"ngg_post_thumbnail":0,"jetpack_post_was_ever_published":false,"footnotes":""},"class_list":["post-3067","page","type-page","status-publish","hentry"],"jetpack_sharing_enabled":true,"_links":{"self":[{"href":"https:\/\/unser-quartier.de\/boeckmanns-laden\/wp-json\/wp\/v2\/pages\/3067","targetHints":{"allow":["GET"]}}],"collection":[{"href":"https:\/\/unser-quartier.de\/boeckmanns-laden\/wp-json\/wp\/v2\/pages"}],"about":[{"href":"https:\/\/unser-quartier.de\/boeckmanns-laden\/wp-json\/wp\/v2\/types\/page"}],"author":[{"embeddable":true,"href":"https:\/\/unser-quartier.de\/boeckmanns-laden\/wp-json\/wp\/v2\/users\/35"}],"replies":[{"embeddable":true,"href":"https:\/\/unser-quartier.de\/boeckmanns-laden\/wp-json\/wp\/v2\/comments?post=3067"}],"version-history":[{"count":0,"href":"https:\/\/unser-quartier.de\/boeckmanns-laden\/wp-json\/wp\/v2\/pages\/3067\/revisions"}],"up":[{"embeddable":true,"href":"https:\/\/unser-quartier.de\/boeckmanns-laden\/wp-json\/wp\/v2\/pages\/1716"}],"wp:attachment":[{"href":"https:\/\/unser-quartier.de\/boeckmanns-laden\/wp-json\/wp\/v2\/media?parent=3067"}],"curies":[{"name":"wp","href":"https:\/\/api.w.org\/{rel}","templated":true}]}}