{"id":3422,"date":"2016-01-17T14:55:34","date_gmt":"2016-01-17T14:55:34","guid":{"rendered":"http:\/\/unser-quartier.de\/boeckmanns-laden\/?page_id=3422"},"modified":"2017-01-28T23:04:41","modified_gmt":"2017-01-28T23:04:41","slug":"apfel-vanille-gruetze-mit-sahnequark","status":"publish","type":"page","link":"https:\/\/unser-quartier.de\/boeckmanns-laden\/service\/rezepte-aller-art\/apfel-vanille-gruetze-mit-sahnequark\/","title":{"rendered":"Apfel &#8211; Vanille &#8211; Gr\u00fctze mit Sahnequark"},"content":{"rendered":"<h3>Zutaten:<\/h3>\n<table>\n<tbody>\n<tr>\n<td>1 kg<\/td>\n<td>\u00c4pfel<\/td>\n<\/tr>\n<tr>\n<td>750 ml<\/td>\n<td>Apfelsaft<\/td>\n<\/tr>\n<tr>\n<td>2 Pck.<\/td>\n<td>Vanillepuddingpulver<\/td>\n<\/tr>\n<tr>\n<td>50 g<\/td>\n<td>Zucker<\/td>\n<\/tr>\n<tr>\n<td>1 Pfd.<\/td>\n<td>Quark<\/td>\n<\/tr>\n<tr>\n<td>1 Bech.<\/td>\n<td>Sahne<\/td>\n<\/tr>\n<tr>\n<td>1 Teel.<\/td>\n<td>Zucker<\/td>\n<\/tr>\n<\/tbody>\n<\/table>\n<h3>Zubereitung:<\/h3>\n<p>\u00c4pfel sch\u00e4len, w\u00fcrfeln und in wenig Wasser weichd\u00fcnsten. Apfelsaft &#8211; 200 ml zur\u00fcckbehalten- aufkochen. Puddingpulver mit dem zur\u00fcckbehaltenen\u00a0 Apfelsaft verr\u00fchren. Den Topf vom Herd nehmen, Puddingpulver einr\u00fchren, gut aufkochen lassen und mit Zucker abschmecken.<\/p>\n<p>Nach dem Kochen den Pudding mit dem Apfelbrei verr\u00fchren und in mehrere kleine oder eine gro\u00dfe Glasschale f\u00fcllen.<\/p>\n<p>Die Sahne mit einem Teel. Zucker steifschlagen, vorsichtig mit dem Quark verr\u00fchren und \u00fcber der Apfelspeise verteilen.<\/p>\n","protected":false},"excerpt":{"rendered":"<p>Zutaten: 1 kg \u00c4pfel 750 ml Apfelsaft 2 Pck. Vanillepuddingpulver 50 g Zucker 1 Pfd. Quark 1 Bech. Sahne 1 Teel. Zucker Zubereitung: \u00c4pfel sch\u00e4len, w\u00fcrfeln und in wenig Wasser weichd\u00fcnsten. Apfelsaft &#8211; 200 ml zur\u00fcckbehalten- aufkochen. Puddingpulver mit dem zur\u00fcckbehaltenen\u00a0 Apfelsaft verr\u00fchren. Den Topf vom Herd nehmen, Puddingpulver einr\u00fchren, gut aufkochen lassen und mit &hellip; <a href=\"https:\/\/unser-quartier.de\/boeckmanns-laden\/service\/rezepte-aller-art\/apfel-vanille-gruetze-mit-sahnequark\/\" class=\"more-link\"><span class=\"screen-reader-text\">\u201eApfel &#8211; Vanille &#8211; Gr\u00fctze mit Sahnequark\u201c<\/span> weiterlesen<\/a><\/p>\n","protected":false},"author":35,"featured_media":0,"parent":1716,"menu_order":0,"comment_status":"closed","ping_status":"closed","template":"","meta":{"_bbp_topic_count":0,"_bbp_reply_count":0,"_bbp_total_topic_count":0,"_bbp_total_reply_count":0,"_bbp_voice_count":0,"_bbp_anonymous_reply_count":0,"_bbp_topic_count_hidden":0,"_bbp_reply_count_hidden":0,"_bbp_forum_subforum_count":0,"ngg_post_thumbnail":0,"jetpack_post_was_ever_published":false,"footnotes":""},"class_list":["post-3422","page","type-page","status-publish","hentry"],"jetpack_sharing_enabled":true,"_links":{"self":[{"href":"https:\/\/unser-quartier.de\/boeckmanns-laden\/wp-json\/wp\/v2\/pages\/3422","targetHints":{"allow":["GET"]}}],"collection":[{"href":"https:\/\/unser-quartier.de\/boeckmanns-laden\/wp-json\/wp\/v2\/pages"}],"about":[{"href":"https:\/\/unser-quartier.de\/boeckmanns-laden\/wp-json\/wp\/v2\/types\/page"}],"author":[{"embeddable":true,"href":"https:\/\/unser-quartier.de\/boeckmanns-laden\/wp-json\/wp\/v2\/users\/35"}],"replies":[{"embeddable":true,"href":"https:\/\/unser-quartier.de\/boeckmanns-laden\/wp-json\/wp\/v2\/comments?post=3422"}],"version-history":[{"count":0,"href":"https:\/\/unser-quartier.de\/boeckmanns-laden\/wp-json\/wp\/v2\/pages\/3422\/revisions"}],"up":[{"embeddable":true,"href":"https:\/\/unser-quartier.de\/boeckmanns-laden\/wp-json\/wp\/v2\/pages\/1716"}],"wp:attachment":[{"href":"https:\/\/unser-quartier.de\/boeckmanns-laden\/wp-json\/wp\/v2\/media?parent=3422"}],"curies":[{"name":"wp","href":"https:\/\/api.w.org\/{rel}","templated":true}]}}