{"id":3426,"date":"2016-01-17T15:02:46","date_gmt":"2016-01-17T15:02:46","guid":{"rendered":"http:\/\/unser-quartier.de\/boeckmanns-laden\/?page_id=3426"},"modified":"2017-01-28T23:00:09","modified_gmt":"2017-01-28T23:00:09","slug":"advents-tiramisu","status":"publish","type":"page","link":"https:\/\/unser-quartier.de\/boeckmanns-laden\/uebersichtsseite-rezepte\/advents-tiramisu\/","title":{"rendered":"Advents Tiramisu"},"content":{"rendered":"<h3>Zutaten:<\/h3>\n<table>\n<tbody>\n<tr>\n<td>200 g<\/td>\n<td>Sahne<\/td>\n<\/tr>\n<tr>\n<td>500 g<\/td>\n<td>Mascarpone<\/td>\n<\/tr>\n<tr>\n<td>500 g<\/td>\n<td>Magerquark<\/td>\n<\/tr>\n<tr>\n<td>1 Pck.<\/td>\n<td>Vanillezucker<\/td>\n<\/tr>\n<tr>\n<td>200 g<\/td>\n<td>Spekulatius<\/td>\n<\/tr>\n<tr>\n<td>400 g<\/td>\n<td>Rote Gr\u00fctze<\/td>\n<\/tr>\n<tr>\n<td>Zucker<\/td>\n<td><\/td>\n<\/tr>\n<\/tbody>\n<\/table>\n<h3>Zubereitung:<\/h3>\n<p>Sahne steifschlagen. Mascarpone, Quark und Vanillezucker verr\u00fchren, die geschlagene Sahne unterheben und evtl. mit etwas Zucker nachs\u00fc\u00dfen.<\/p>\n<p>In eine eckige Auflaufform 1\/3 der Creme verteilen, dar\u00fcber eine Schicht Spekulatius legen, Rote Gr\u00fctze darauf verteilen, restliche Creme darauf streichen und mit Spekulatius bedecken.<\/p>\n<p>4 &#8211; 5 Std. oder \u00fcber Nacht k\u00fchl stellen.<\/p>\n","protected":false},"excerpt":{"rendered":"<p>Zutaten: 200 g Sahne 500 g Mascarpone 500 g Magerquark 1 Pck. Vanillezucker 200 g Spekulatius 400 g Rote Gr\u00fctze Zucker Zubereitung: Sahne steifschlagen. Mascarpone, Quark und Vanillezucker verr\u00fchren, die geschlagene Sahne unterheben und evtl. mit etwas Zucker nachs\u00fc\u00dfen. In eine eckige Auflaufform 1\/3 der Creme verteilen, dar\u00fcber eine Schicht Spekulatius legen, Rote Gr\u00fctze darauf &hellip; <a href=\"https:\/\/unser-quartier.de\/boeckmanns-laden\/uebersichtsseite-rezepte\/advents-tiramisu\/\" class=\"more-link\"><span class=\"screen-reader-text\">\u201eAdvents Tiramisu\u201c<\/span> weiterlesen<\/a><\/p>\n","protected":false},"author":35,"featured_media":0,"parent":3457,"menu_order":1,"comment_status":"closed","ping_status":"closed","template":"","meta":{"_bbp_topic_count":0,"_bbp_reply_count":0,"_bbp_total_topic_count":0,"_bbp_total_reply_count":0,"_bbp_voice_count":0,"_bbp_anonymous_reply_count":0,"_bbp_topic_count_hidden":0,"_bbp_reply_count_hidden":0,"_bbp_forum_subforum_count":0,"ngg_post_thumbnail":0,"jetpack_post_was_ever_published":false,"footnotes":""},"class_list":["post-3426","page","type-page","status-publish","hentry"],"jetpack_sharing_enabled":true,"_links":{"self":[{"href":"https:\/\/unser-quartier.de\/boeckmanns-laden\/wp-json\/wp\/v2\/pages\/3426","targetHints":{"allow":["GET"]}}],"collection":[{"href":"https:\/\/unser-quartier.de\/boeckmanns-laden\/wp-json\/wp\/v2\/pages"}],"about":[{"href":"https:\/\/unser-quartier.de\/boeckmanns-laden\/wp-json\/wp\/v2\/types\/page"}],"author":[{"embeddable":true,"href":"https:\/\/unser-quartier.de\/boeckmanns-laden\/wp-json\/wp\/v2\/users\/35"}],"replies":[{"embeddable":true,"href":"https:\/\/unser-quartier.de\/boeckmanns-laden\/wp-json\/wp\/v2\/comments?post=3426"}],"version-history":[{"count":0,"href":"https:\/\/unser-quartier.de\/boeckmanns-laden\/wp-json\/wp\/v2\/pages\/3426\/revisions"}],"up":[{"embeddable":true,"href":"https:\/\/unser-quartier.de\/boeckmanns-laden\/wp-json\/wp\/v2\/pages\/3457"}],"wp:attachment":[{"href":"https:\/\/unser-quartier.de\/boeckmanns-laden\/wp-json\/wp\/v2\/media?parent=3426"}],"curies":[{"name":"wp","href":"https:\/\/api.w.org\/{rel}","templated":true}]}}