{"id":3433,"date":"2016-01-17T15:17:15","date_gmt":"2016-01-17T15:17:15","guid":{"rendered":"http:\/\/unser-quartier.de\/boeckmanns-laden\/?page_id=3433"},"modified":"2017-01-28T23:44:00","modified_gmt":"2017-01-28T23:44:00","slug":"bunter-bohnensalat","status":"publish","type":"page","link":"https:\/\/unser-quartier.de\/boeckmanns-laden\/service\/rezepte-aller-art\/bunter-bohnensalat\/","title":{"rendered":"Bunter Bohnensalat"},"content":{"rendered":"<h3>Zutaten:<\/h3>\n<table>\n<tbody>\n<tr>\n<td>1 Glas<\/td>\n<td>gr\u00fcne Bohnen<\/td>\n<\/tr>\n<tr>\n<td>1 Glas<\/td>\n<td>gelbe Wachsbrechbohnen<\/td>\n<\/tr>\n<tr>\n<td>1 kleine Dose<\/td>\n<td>Kidney Bohnen<\/td>\n<\/tr>\n<tr>\n<td>2 normal gro\u00dfe<\/td>\n<td>Zwiebeln<\/td>\n<\/tr>\n<tr>\n<td>1 gestr. Teel.<\/td>\n<td>Zucker<\/td>\n<\/tr>\n<tr>\n<td>Pfeffer<\/td>\n<td><\/td>\n<\/tr>\n<tr>\n<td>2 E\u00dfl.<\/td>\n<td>Essig<\/td>\n<\/tr>\n<tr>\n<td>2 &#8211; 3 E\u00dfl.<\/td>\n<td>Oel<\/td>\n<\/tr>\n<tr>\n<td>1 \/ 2 Teel. (gut)<\/td>\n<td>Salz<\/td>\n<\/tr>\n<\/tbody>\n<\/table>\n<h3>Zubereitung:<\/h3>\n<p>Die Bohnen auf einem Sieb abtropfen lassen und in eine Sch\u00fcssel geben. Die Zwiebeln w\u00fcrfeln und mit den Gew\u00fcrzen und dem Essig zu den Bohnen geben. Alles gut vermengen, abschmecken und einige Stunden durchziehen lassen, evtl \u00fcber Nacht.<\/p>\n<p>Danach den Salat\u00a0 nochmals gut vermengen, abschmecken und das Oel dazugeben. In eine Glasschale\u00a0 f\u00fcllen und servieren.<\/p>\n","protected":false},"excerpt":{"rendered":"<p>Zutaten: 1 Glas gr\u00fcne Bohnen 1 Glas gelbe Wachsbrechbohnen 1 kleine Dose Kidney Bohnen 2 normal gro\u00dfe Zwiebeln 1 gestr. Teel. Zucker Pfeffer 2 E\u00dfl. Essig 2 &#8211; 3 E\u00dfl. Oel 1 \/ 2 Teel. (gut) Salz Zubereitung: Die Bohnen auf einem Sieb abtropfen lassen und in eine Sch\u00fcssel geben. Die Zwiebeln w\u00fcrfeln und mit &hellip; <a href=\"https:\/\/unser-quartier.de\/boeckmanns-laden\/service\/rezepte-aller-art\/bunter-bohnensalat\/\" class=\"more-link\"><span class=\"screen-reader-text\">\u201eBunter Bohnensalat\u201c<\/span> weiterlesen<\/a><\/p>\n","protected":false},"author":35,"featured_media":0,"parent":1716,"menu_order":0,"comment_status":"closed","ping_status":"closed","template":"","meta":{"_bbp_topic_count":0,"_bbp_reply_count":0,"_bbp_total_topic_count":0,"_bbp_total_reply_count":0,"_bbp_voice_count":0,"_bbp_anonymous_reply_count":0,"_bbp_topic_count_hidden":0,"_bbp_reply_count_hidden":0,"_bbp_forum_subforum_count":0,"ngg_post_thumbnail":0,"jetpack_post_was_ever_published":false,"footnotes":""},"class_list":["post-3433","page","type-page","status-publish","hentry"],"jetpack_sharing_enabled":true,"_links":{"self":[{"href":"https:\/\/unser-quartier.de\/boeckmanns-laden\/wp-json\/wp\/v2\/pages\/3433","targetHints":{"allow":["GET"]}}],"collection":[{"href":"https:\/\/unser-quartier.de\/boeckmanns-laden\/wp-json\/wp\/v2\/pages"}],"about":[{"href":"https:\/\/unser-quartier.de\/boeckmanns-laden\/wp-json\/wp\/v2\/types\/page"}],"author":[{"embeddable":true,"href":"https:\/\/unser-quartier.de\/boeckmanns-laden\/wp-json\/wp\/v2\/users\/35"}],"replies":[{"embeddable":true,"href":"https:\/\/unser-quartier.de\/boeckmanns-laden\/wp-json\/wp\/v2\/comments?post=3433"}],"version-history":[{"count":0,"href":"https:\/\/unser-quartier.de\/boeckmanns-laden\/wp-json\/wp\/v2\/pages\/3433\/revisions"}],"up":[{"embeddable":true,"href":"https:\/\/unser-quartier.de\/boeckmanns-laden\/wp-json\/wp\/v2\/pages\/1716"}],"wp:attachment":[{"href":"https:\/\/unser-quartier.de\/boeckmanns-laden\/wp-json\/wp\/v2\/media?parent=3433"}],"curies":[{"name":"wp","href":"https:\/\/api.w.org\/{rel}","templated":true}]}}