{"id":3443,"date":"2016-01-17T16:48:15","date_gmt":"2016-01-17T16:48:15","guid":{"rendered":"http:\/\/unser-quartier.de\/boeckmanns-laden\/?page_id=3443"},"modified":"2017-01-28T22:26:08","modified_gmt":"2017-01-28T22:26:08","slug":"haehnchen-kartoffel-auflauf","status":"publish","type":"page","link":"https:\/\/unser-quartier.de\/boeckmanns-laden\/service\/rezepte-aller-art\/haehnchen-kartoffel-auflauf\/","title":{"rendered":"H\u00e4hnchen &#8211; Kartoffel &#8211; Auflauf"},"content":{"rendered":"<h3>Zutaten:<\/h3>\n<table>\n<tbody>\n<tr>\n<td>1150 g<\/td>\n<td>Kartoffeln<\/td>\n<\/tr>\n<tr>\n<td>1 Bd.<\/td>\n<td>Lauchzwiebeln<\/td>\n<\/tr>\n<tr>\n<td>750 g<\/td>\n<td>passierte Tomaten<\/td>\n<\/tr>\n<tr>\n<td>200 g<\/td>\n<td>gr\u00fcnes Pesto<\/td>\n<\/tr>\n<tr>\n<td>400 ml<\/td>\n<td>Creme fraiche<\/td>\n<\/tr>\n<tr>\n<td>1 gr.(ca 450 gr)<\/td>\n<td>Zucchini<\/td>\n<\/tr>\n<tr>\n<td>750 g<\/td>\n<td>H\u00e4hnchenbrustfilet<\/td>\n<\/tr>\n<tr>\n<td>200 gr.<\/td>\n<td>gerieb. Emmentaler<\/td>\n<\/tr>\n<tr>\n<td>Pfeffer und Salz<\/td>\n<td><\/td>\n<\/tr>\n<\/tbody>\n<\/table>\n<h3>Zubereitung:<\/h3>\n<p>Die Kartoffeln kochen, abk\u00fchlen lassen und dann in Scheiben schneiden. Davon die H\u00e4lfte in eine Auflaufform geben und mit Salz und Pfeffer w\u00fcrzen. Die Lauchzwiebeln klein schneiden und \u00fcber die Kartoffen verteilen. Die Zucchini sch\u00e4len und in St\u00fccke schneiden und ebenfalls in die Auflaufform geben. Die H\u00e4lfte des K\u00e4ses \u00fcber die Zucchini streuen.<\/p>\n<p>Die passierten Tomaten mit dem Pesto und der Creme fraiche in einem Kochtopf verr\u00fchren und leicht erw\u00e4rmen, diese Mischung ( bis auf einen kleinen Rest) \u00fcber den K\u00e4se geben.<\/p>\n<p>Das H\u00e4hnchenfleisch im W\u00fcrfel schneiden, in einer Pfanne etwas anschmoren und \u00fcber die So\u00dfe geben, danach mit Salz und Pfeffer w\u00fcrzen.<\/p>\n<p>Die restlichen Kartoffeln auf die Masse geben, ebenfalls die verbliebene So\u00dfe und und den K\u00e4se.<\/p>\n<p>Im Backofen bei 175\u00b0C etwa 50 Min. backen<\/p>\n","protected":false},"excerpt":{"rendered":"<p>Zutaten: 1150 g Kartoffeln 1 Bd. Lauchzwiebeln 750 g passierte Tomaten 200 g gr\u00fcnes Pesto 400 ml Creme fraiche 1 gr.(ca 450 gr) Zucchini 750 g H\u00e4hnchenbrustfilet 200 gr. gerieb. Emmentaler Pfeffer und Salz Zubereitung: Die Kartoffeln kochen, abk\u00fchlen lassen und dann in Scheiben schneiden. Davon die H\u00e4lfte in eine Auflaufform geben und mit Salz &hellip; <a href=\"https:\/\/unser-quartier.de\/boeckmanns-laden\/service\/rezepte-aller-art\/haehnchen-kartoffel-auflauf\/\" class=\"more-link\"><span class=\"screen-reader-text\">\u201eH\u00e4hnchen &#8211; Kartoffel &#8211; Auflauf\u201c<\/span> weiterlesen<\/a><\/p>\n","protected":false},"author":35,"featured_media":0,"parent":1716,"menu_order":0,"comment_status":"closed","ping_status":"closed","template":"","meta":{"_bbp_topic_count":0,"_bbp_reply_count":0,"_bbp_total_topic_count":0,"_bbp_total_reply_count":0,"_bbp_voice_count":0,"_bbp_anonymous_reply_count":0,"_bbp_topic_count_hidden":0,"_bbp_reply_count_hidden":0,"_bbp_forum_subforum_count":0,"ngg_post_thumbnail":0,"jetpack_post_was_ever_published":false,"footnotes":""},"class_list":["post-3443","page","type-page","status-publish","hentry"],"jetpack_sharing_enabled":true,"_links":{"self":[{"href":"https:\/\/unser-quartier.de\/boeckmanns-laden\/wp-json\/wp\/v2\/pages\/3443","targetHints":{"allow":["GET"]}}],"collection":[{"href":"https:\/\/unser-quartier.de\/boeckmanns-laden\/wp-json\/wp\/v2\/pages"}],"about":[{"href":"https:\/\/unser-quartier.de\/boeckmanns-laden\/wp-json\/wp\/v2\/types\/page"}],"author":[{"embeddable":true,"href":"https:\/\/unser-quartier.de\/boeckmanns-laden\/wp-json\/wp\/v2\/users\/35"}],"replies":[{"embeddable":true,"href":"https:\/\/unser-quartier.de\/boeckmanns-laden\/wp-json\/wp\/v2\/comments?post=3443"}],"version-history":[{"count":0,"href":"https:\/\/unser-quartier.de\/boeckmanns-laden\/wp-json\/wp\/v2\/pages\/3443\/revisions"}],"up":[{"embeddable":true,"href":"https:\/\/unser-quartier.de\/boeckmanns-laden\/wp-json\/wp\/v2\/pages\/1716"}],"wp:attachment":[{"href":"https:\/\/unser-quartier.de\/boeckmanns-laden\/wp-json\/wp\/v2\/media?parent=3443"}],"curies":[{"name":"wp","href":"https:\/\/api.w.org\/{rel}","templated":true}]}}