{"id":3446,"date":"2016-01-17T16:50:57","date_gmt":"2016-01-17T16:50:57","guid":{"rendered":"http:\/\/unser-quartier.de\/boeckmanns-laden\/?page_id=3446"},"modified":"2017-01-28T22:15:48","modified_gmt":"2017-01-28T22:15:48","slug":"geschnetzeltes-aus-dem-backofen","status":"publish","type":"page","link":"https:\/\/unser-quartier.de\/boeckmanns-laden\/service\/rezepte-aller-art\/geschnetzeltes-aus-dem-backofen\/","title":{"rendered":"Geschnetzeltes aus dem Backofen"},"content":{"rendered":"<h3>Zutaten:<\/h3>\n<table>\n<tbody>\n<tr>\n<td>800 g<\/td>\n<td>Geschnetzeltes<\/td>\n<\/tr>\n<tr>\n<td>Maggi Nr.1<\/td>\n<td>Gew\u00fcrzmischung<\/td>\n<\/tr>\n<tr>\n<td>125 g<\/td>\n<td>Speck oder Schinkenspeck<\/td>\n<\/tr>\n<tr>\n<td>1 &#8211; 2<\/td>\n<td>Zwiebeln<\/td>\n<\/tr>\n<tr>\n<td>1 &#8211; 2 Stg.<\/td>\n<td>Porree<\/td>\n<\/tr>\n<tr>\n<td>200 g<\/td>\n<td>Frischk\u00e4se<\/td>\n<\/tr>\n<tr>\n<td>200 g<\/td>\n<td>Champignons<\/td>\n<\/tr>\n<tr>\n<td>1 Doppelp\u00e4ckchen<\/td>\n<td>f\u00fcr 1\/2 l J\u00e4gerso\u00dfe<\/td>\n<\/tr>\n<tr>\n<td>2 1\/2 Becher<\/td>\n<td>Sahne<\/td>\n<\/tr>\n<\/tbody>\n<\/table>\n<h3>Zubereitung:<\/h3>\n<p>Das Geschnetzelte reichlich mit der Maggi Gew\u00fcrzmischung &#8211; mit etwa einem halben Glas &#8211; vermengen und in eine gro\u00dfe gefettete Auflaufform geben.<\/p>\n<p>Zwiebel pellen und w\u00fcrfeln, ebenso den Speck w\u00fcrfeln. Fett in einer Pfanne erhitzen, die Zwiebel darin glasigd\u00fcnsten und auch den Speck gut anbraten und beides \u00fcber dem Fleisch gleichm\u00e4\u00dfig verteilen.Den\u00a0 Frischk\u00e4se zerbr\u00f6seln und auch \u00fcber das Fleisch geben.<\/p>\n<p>Die Champignons kurz waschen, putzen ( braune Stellen entfernen), in Scheiben schneiden und auch in die Auflaufform geben.<\/p>\n<p>Zum Schluss die Sahne mit der J\u00e4gerso\u00dfe gut verr\u00fchren und gleichm\u00e4\u00dfig \u00fcber die Champignons gie\u00dfen.<\/p>\n<p>Den Auflauf 12 bis 24 Std. kaltstellen.<\/p>\n<p>Bei 175\u00b0C im Backofen 90 Min. backen.<\/p>\n<p>Dazu schmecken Reis und Kartoffeln.<\/p>\n","protected":false},"excerpt":{"rendered":"<p>Zutaten: 800 g Geschnetzeltes Maggi Nr.1 Gew\u00fcrzmischung 125 g Speck oder Schinkenspeck 1 &#8211; 2 Zwiebeln 1 &#8211; 2 Stg. Porree 200 g Frischk\u00e4se 200 g Champignons 1 Doppelp\u00e4ckchen f\u00fcr 1\/2 l J\u00e4gerso\u00dfe 2 1\/2 Becher Sahne Zubereitung: Das Geschnetzelte reichlich mit der Maggi Gew\u00fcrzmischung &#8211; mit etwa einem halben Glas &#8211; vermengen und in &hellip; <a href=\"https:\/\/unser-quartier.de\/boeckmanns-laden\/service\/rezepte-aller-art\/geschnetzeltes-aus-dem-backofen\/\" class=\"more-link\"><span class=\"screen-reader-text\">\u201eGeschnetzeltes aus dem Backofen\u201c<\/span> weiterlesen<\/a><\/p>\n","protected":false},"author":35,"featured_media":0,"parent":1716,"menu_order":0,"comment_status":"closed","ping_status":"closed","template":"","meta":{"_bbp_topic_count":0,"_bbp_reply_count":0,"_bbp_total_topic_count":0,"_bbp_total_reply_count":0,"_bbp_voice_count":0,"_bbp_anonymous_reply_count":0,"_bbp_topic_count_hidden":0,"_bbp_reply_count_hidden":0,"_bbp_forum_subforum_count":0,"ngg_post_thumbnail":0,"jetpack_post_was_ever_published":false,"footnotes":""},"class_list":["post-3446","page","type-page","status-publish","hentry"],"jetpack_sharing_enabled":true,"_links":{"self":[{"href":"https:\/\/unser-quartier.de\/boeckmanns-laden\/wp-json\/wp\/v2\/pages\/3446","targetHints":{"allow":["GET"]}}],"collection":[{"href":"https:\/\/unser-quartier.de\/boeckmanns-laden\/wp-json\/wp\/v2\/pages"}],"about":[{"href":"https:\/\/unser-quartier.de\/boeckmanns-laden\/wp-json\/wp\/v2\/types\/page"}],"author":[{"embeddable":true,"href":"https:\/\/unser-quartier.de\/boeckmanns-laden\/wp-json\/wp\/v2\/users\/35"}],"replies":[{"embeddable":true,"href":"https:\/\/unser-quartier.de\/boeckmanns-laden\/wp-json\/wp\/v2\/comments?post=3446"}],"version-history":[{"count":0,"href":"https:\/\/unser-quartier.de\/boeckmanns-laden\/wp-json\/wp\/v2\/pages\/3446\/revisions"}],"up":[{"embeddable":true,"href":"https:\/\/unser-quartier.de\/boeckmanns-laden\/wp-json\/wp\/v2\/pages\/1716"}],"wp:attachment":[{"href":"https:\/\/unser-quartier.de\/boeckmanns-laden\/wp-json\/wp\/v2\/media?parent=3446"}],"curies":[{"name":"wp","href":"https:\/\/api.w.org\/{rel}","templated":true}]}}