{"id":3448,"date":"2016-01-17T16:53:13","date_gmt":"2016-01-17T16:53:13","guid":{"rendered":"http:\/\/unser-quartier.de\/boeckmanns-laden\/?page_id=3448"},"modified":"2017-01-28T23:48:26","modified_gmt":"2017-01-28T23:48:26","slug":"eisbergsalat-mit-kraeuter-joghurt-dressing","status":"publish","type":"page","link":"https:\/\/unser-quartier.de\/boeckmanns-laden\/service\/rezepte-aller-art\/eisbergsalat-mit-kraeuter-joghurt-dressing\/","title":{"rendered":"Eisbergsalat mit Kr\u00e4uter-Joghurt Dressing"},"content":{"rendered":"<h3>Zutaten:<\/h3>\n<table>\n<tbody>\n<tr>\n<td>1 Kopf<\/td>\n<td>Eisbergsalat<\/td>\n<\/tr>\n<tr>\n<td>150 g<\/td>\n<td>Naturjoghurt<\/td>\n<\/tr>\n<tr>\n<td>evtl. etwas<\/td>\n<td>Milch<\/td>\n<\/tr>\n<tr>\n<td>Salz \/ Pfeffer<\/td>\n<td>1\/2 Teel. Zucker<\/td>\n<\/tr>\n<tr>\n<td>1 E\u00dfl.<\/td>\n<td>Zitronensaft<\/td>\n<\/tr>\n<tr>\n<td>100 ml<\/td>\n<td>Sahne<\/td>\n<\/tr>\n<tr>\n<td>1 Bd.<\/td>\n<td>Dill<\/td>\n<\/tr>\n<tr>\n<td>1 Bd.<\/td>\n<td>Petersilie<\/td>\n<\/tr>\n<\/tbody>\n<\/table>\n<h3>Zubereitung:<\/h3>\n<p>Von dem Eisbergsalat den braunen Strunk abschneiden. Die Bl\u00e4tter des Strunks und die \u00e4u\u00dferen harten Bl\u00e4tter entfernen. Die \u00fcbrigen Bl\u00e4tter kurz waschen, in ca. 3 Teile pfl\u00fccken, \u00fcbereinander legen, in Streifen schneiden und gut abtropfen lassen.<\/p>\n<p>F\u00fcr das Dressing den Zitronensaft mit Joghurt und Sahne verr\u00fchren und evtl. etwas Milch zugeben. Mit Salz, Pfeffer und Zucker abschmecken.<\/p>\n<p>Dill und Petersilie waschen, trockentupfen und den Strunk entfernen, kleinschneiden und mit dem Dressing verr\u00fchren.<\/p>\n<p>Den Salat vorsichtig mit dem Dressing vermengen und in eine gro\u00dfe oder mehrere kleine Glasschalen f\u00fcllen<\/p>\n","protected":false},"excerpt":{"rendered":"<p>Zutaten: 1 Kopf Eisbergsalat 150 g Naturjoghurt evtl. etwas Milch Salz \/ Pfeffer 1\/2 Teel. Zucker 1 E\u00dfl. Zitronensaft 100 ml Sahne 1 Bd. Dill 1 Bd. Petersilie Zubereitung: Von dem Eisbergsalat den braunen Strunk abschneiden. Die Bl\u00e4tter des Strunks und die \u00e4u\u00dferen harten Bl\u00e4tter entfernen. Die \u00fcbrigen Bl\u00e4tter kurz waschen, in ca. 3 Teile &hellip; <a href=\"https:\/\/unser-quartier.de\/boeckmanns-laden\/service\/rezepte-aller-art\/eisbergsalat-mit-kraeuter-joghurt-dressing\/\" class=\"more-link\"><span class=\"screen-reader-text\">\u201eEisbergsalat mit Kr\u00e4uter-Joghurt Dressing\u201c<\/span> weiterlesen<\/a><\/p>\n","protected":false},"author":35,"featured_media":0,"parent":1716,"menu_order":0,"comment_status":"closed","ping_status":"closed","template":"","meta":{"_bbp_topic_count":0,"_bbp_reply_count":0,"_bbp_total_topic_count":0,"_bbp_total_reply_count":0,"_bbp_voice_count":0,"_bbp_anonymous_reply_count":0,"_bbp_topic_count_hidden":0,"_bbp_reply_count_hidden":0,"_bbp_forum_subforum_count":0,"ngg_post_thumbnail":0,"jetpack_post_was_ever_published":false,"footnotes":""},"class_list":["post-3448","page","type-page","status-publish","hentry"],"jetpack_sharing_enabled":true,"_links":{"self":[{"href":"https:\/\/unser-quartier.de\/boeckmanns-laden\/wp-json\/wp\/v2\/pages\/3448","targetHints":{"allow":["GET"]}}],"collection":[{"href":"https:\/\/unser-quartier.de\/boeckmanns-laden\/wp-json\/wp\/v2\/pages"}],"about":[{"href":"https:\/\/unser-quartier.de\/boeckmanns-laden\/wp-json\/wp\/v2\/types\/page"}],"author":[{"embeddable":true,"href":"https:\/\/unser-quartier.de\/boeckmanns-laden\/wp-json\/wp\/v2\/users\/35"}],"replies":[{"embeddable":true,"href":"https:\/\/unser-quartier.de\/boeckmanns-laden\/wp-json\/wp\/v2\/comments?post=3448"}],"version-history":[{"count":0,"href":"https:\/\/unser-quartier.de\/boeckmanns-laden\/wp-json\/wp\/v2\/pages\/3448\/revisions"}],"up":[{"embeddable":true,"href":"https:\/\/unser-quartier.de\/boeckmanns-laden\/wp-json\/wp\/v2\/pages\/1716"}],"wp:attachment":[{"href":"https:\/\/unser-quartier.de\/boeckmanns-laden\/wp-json\/wp\/v2\/media?parent=3448"}],"curies":[{"name":"wp","href":"https:\/\/api.w.org\/{rel}","templated":true}]}}