{"id":3457,"date":"2016-01-17T22:16:25","date_gmt":"2016-01-17T22:16:25","guid":{"rendered":"http:\/\/unser-quartier.de\/boeckmanns-laden\/?page_id=3457"},"modified":"2017-01-28T23:38:05","modified_gmt":"2017-01-28T23:38:05","slug":"uebersichtsseite-rezepte","status":"publish","type":"page","link":"https:\/\/unser-quartier.de\/boeckmanns-laden\/uebersichtsseite-rezepte\/","title":{"rendered":"\u00dcbersichtsseite Rezepte"},"content":{"rendered":"<p>Im Laufe der Zeit ist die Zahl der Rezepte enorm gewachsen. Die chronologische Sortierung nach dem Datum, wann es das betreffenden Gericht in B\u00f6ckmanns Laden beim Mittagessen gab, wird dadurch immer un\u00fcbersichtlicher.<\/p>\n<p>Auf dieser neuen \u00dcbersichtsseite wird sie durch eine neue Sortierung abgel\u00f6st. Vorspeisen, Hauptgerichte und Nachtische werden hier alphabetisch aufgelistet.<\/p>\n<p><strong>Vorspeisen:<\/strong><br \/>\n<a href=\"https:\/\/unser-quartier.de\/boeckmanns-laden\/blumenkohlsuppe\/\">Blumenkohlsuppe<\/a><br \/>\n<a href=\"https:\/\/unser-quartier.de\/boeckmanns-laden\/uebersichtsseite-rezepte\/blumenkohlsalat\/\">Blumenkohlsalat<\/a><br \/>\n<a href=\"https:\/\/unser-quartier.de\/boeckmanns-laden\/service\/rezepte-aller-art\/bunter-bohnensalat\/\">Bunter Bohnensalat<\/a><br \/>\n<a href=\"https:\/\/unser-quartier.de\/boeckmanns-laden\/service\/rezepte-aller-art\/chicoreesalat\/\">Chicoreesalat<\/a><br \/>\n<a href=\"https:\/\/unser-quartier.de\/boeckmanns-laden\/service\/rezepte-aller-art\/chinakohlsalat\/\">Chinakohlsalat<\/a><br \/>\n<a href=\"https:\/\/unser-quartier.de\/boeckmanns-laden\/service\/rezepte-aller-art\/eisbergsalat-mit-kraeuter-joghurt-dressing\">Eisbergsalat mit Kr\u00e4uter-Joghurt-Dressing<\/a><br \/>\n<a href=\"https:\/\/unser-quartier.de\/boeckmanns-laden\/uebersichtsseite-rezepte\/eisbergsalat-mit-schinken-und-kaese-fuer-10-personen\/\">Eisbergsalat mit Schinken und K\u00e4se<\/a><br \/>\n<a href=\"https:\/\/unser-quartier.de\/boeckmanns-laden\/uebersichtsseite-rezepte\/gemuesesalat\">Gem\u00fcsesalat<\/a><br \/>\n<a href=\"https:\/\/unser-quartier.de\/boeckmanns-laden\/uebersichtsseite-rezepte\/gulaschsuppe-budapester-art\/\">Gulaschsuppe &#8222;Budapester Art&#8220;<\/a><br \/>\n<a href=\"https:\/\/unser-quartier.de\/boeckmanns-laden\/uebersichtsseite-rezepte\/kaesesuppe\/\">K\u00e4sesuppe<\/a><br \/>\n<a href=\"https:\/\/unser-quartier.de\/boeckmanns-laden\/uebersichtsseite-rezepte\/moehren-apfelrohkost-fuer-5-personen\/\">M\u00f6hren-Apfel-Rohkost<\/a><br \/>\n<a href=\"https:\/\/unser-quartier.de\/boeckmanns-laden\/uebersichtsseite-rezepte\/porree-salat\/\">Porreesalat<\/a><a href=\"\/\/unser-quartier.de\/boeckmanns-laden\/uebersichtsseite-rezepte\/moehren-apfelrohkost-fuer-5-personen\/&lt;\/a\"><br \/>\n<\/a><a href=\"https:\/\/unser-quartier.de\/boeckmanns-laden\/service\/rezepte-aller-art\/salat-von-gekochten-moehren\/\">Salat von gekochten M\u00f6hren<\/a><a href=\"\/\/unser-quartier.de\/boeckmanns-laden\/uebersichtsseite-rezepte\/moehren-apfelrohkost-fuer-5-personen\/&lt;\/a\"><br \/>\n<\/a><a href=\"https:\/\/unser-quartier.de\/boeckmanns-laden\/service\/rezepte-aller-art\/tomaten-mit-mozzarella\/\">Tomaten mit Mozzarella<\/a><a href=\"\/\/unser-quartier.de\/boeckmanns-laden\/uebersichtsseite-rezepte\/moehren-apfelrohkost-fuer-5-personen\/&lt;\/a\"><br \/>\n<\/a><a href=\"https:\/\/unser-quartier.de\/boeckmanns-laden\/service\/rezepte-aller-art\/weintrauben-kaese-salat\/\">Weintrauben-K\u00e4se-Salat<\/a><\/p>\n<p><strong>Hauptgerichte:<\/strong><br \/>\n<a href=\"https:\/\/unser-quartier.de\/boeckmanns-laden\/uebersichtsseite-rezepte\/blumenkohl\/\">Blumenkohl<\/a><br \/>\n<a href=\"https:\/\/unser-quartier.de\/boeckmanns-laden\/service\/rezepte-aller-art\/bohnen-lachs-auflauf\">Bohnen-Lachs-Auflauf<\/a><br \/>\n<a href=\"https:\/\/unser-quartier.de\/boeckmanns-laden\/uebersichtsseite-rezepte\/bohnengemuese\/\">Bohnengem\u00fcse<\/a><br \/>\n<a href=\"https:\/\/unser-quartier.de\/boeckmanns-laden\/service\/rezepte-aller-art\/fenchelgemuese\/\">Fenchelgem\u00fcse<\/a><br \/>\n<a href=\"https:\/\/unser-quartier.de\/boeckmanns-laden\/service\/rezepte-aller-art\/fisch-lauch-gratin\">Fisch-Lauch-Gratin<\/a><br \/>\n<a href=\"https:\/\/unser-quartier.de\/boeckmanns-laden\/service\/rezepte-aller-art\/geschnetzeltes-aus-dem-backofen\">Geschnetzeltes aus dem Backofen<\/a><br \/>\n<a href=\"https:\/\/unser-quartier.de\/boeckmanns-laden\/service\/rezepte-aller-art\/gruenkohl-mit-geraeucherter-kohlwurst\">Gr\u00fcnkohl mit ger\u00e4ucherter Kohlwurst<\/a><br \/>\n<a href=\"https:\/\/unser-quartier.de\/boeckmanns-laden\/service\/rezepte-aller-art\/haehnchen-kartoffel-auflauf\">H\u00e4hnchen-Kartoffel-Auflauf<\/a><br \/>\n<a href=\"https:\/\/unser-quartier.de\/boeckmanns-laden\/service\/rezepte-aller-art\/haehnchenbrustfilets-in-gefluegelsosse\">H\u00e4hnchenbrustfilets in Gefl\u00fcgelso\u00dfe<\/a><br \/>\n<a href=\"https:\/\/unser-quartier.de\/boeckmanns-laden\/service\/rezepte-aller-art\/kartoffel-gemueseauflauf-mit-minutenschnitzel\">Kartoffel-Gem\u00fcse-Auflauf mit Minutenschnitzeln<\/a><br \/>\n<a href=\"https:\/\/unser-quartier.de\/boeckmanns-laden\/uebersichtsseite-rezepte\/kartoffelkloesse\/\">Kartoffelkl\u00f6\u00dfe<\/a><br \/>\n<a href=\"https:\/\/unser-quartier.de\/boeckmanns-laden\/uebersichtsseite-rezepte\/kohlrabi-kartoffelauflauf-fuer-5-personen\/\">Kohlrabi-Kartoffel-Auflauf<\/a><br \/>\n<a href=\"https:\/\/unser-quartier.de\/boeckmanns-laden\/uebersichtsseite-rezepte\/kohlrouladen-ca-5-stueck\/\">Kohlrouladen<\/a><br \/>\n<a href=\"https:\/\/unser-quartier.de\/boeckmanns-laden\/service\/rezepte-aller-art\/kraeuterschnitzel\">Kr\u00e4uterschnitzel<\/a><br \/>\n<a href=\"https:\/\/unser-quartier.de\/boeckmanns-laden\/uebersichtsseite-rezepte\/mischgemuese-fuer-10-personen\">Mischgem\u00fcse<\/a><br \/>\n<a href=\"https:\/\/unser-quartier.de\/boeckmanns-laden\/uebersichtsseite-rezepte\/nudelauflauf-mit-putenbrust\/\">Nudelauflauf mit Putenbrust<\/a><br \/>\n<a href=\"https:\/\/unser-quartier.de\/boeckmanns-laden\/service\/rezepte-aller-art\/pfundstopf\/\">Pfundstopf<\/a><br \/>\n<a href=\"https:\/\/unser-quartier.de\/boeckmanns-laden\/uebersichtsseite-rezepte\/rinderrouladen\/\">Rinderrouladen<\/a><br \/>\n<a href=\"https:\/\/unser-quartier.de\/boeckmanns-laden\/uebersichtsseite-rezepte\/rindfleischsuppe\/\">Rindfleischsuppe<\/a><br \/>\n<a href=\"https:\/\/unser-quartier.de\/boeckmanns-laden\/service\/rezepte-aller-art\/rosenkohl-in-tomatensosse\">Rosenkohl in Tomatenso\u00dfe<\/a><br \/>\n<a href=\"https:\/\/unser-quartier.de\/boeckmanns-laden\/service\/rezepte-aller-art\/schweinefilettopf\">Schweinefilettopf<\/a><\/p>\n<p><strong>Nachtisch:<\/strong><br \/>\n<a href=\"https:\/\/unser-quartier.de\/boeckmanns-laden\/advents-tiramisu\">Advents-Tiramisu<\/a><br \/>\n<a href=\"https:\/\/unser-quartier.de\/boeckmanns-laden\/service\/rezepte-aller-art\/ananascreme\">Ananascreme<\/a><br \/>\n<a href=\"https:\/\/unser-quartier.de\/boeckmanns-laden\/service\/rezepte-aller-art\/apfel-vanille-gruetze-mit-sahnequark\">Apfel-Vanille-Gr\u00fctze mit Sahnequark<\/a><br \/>\n<a href=\"https:\/\/unser-quartier.de\/boeckmanns-laden\/service\/rezepte-aller-art\/apfelkompott-mit-vanillepudding\">Apfelkompott mit Vanillepudding<\/a><br \/>\n<a href=\"https:\/\/unser-quartier.de\/boeckmanns-laden\/service\/rezepte-aller-art\/bananen-tiramisu\">Bananen-Tiramisu<\/a><br \/>\n<a href=\"https:\/\/unser-quartier.de\/boeckmanns-laden\/uebersichtsseite-rezepte\/griesskloesse-fuer-5-personen\/\">Grie\u00dfkl\u00f6\u00dfe<\/a><br \/>\n<a href=\"https:\/\/unser-quartier.de\/boeckmanns-laden\/service\/rezepte-aller-art\/heidelbeer-schichtdessert\">Heidelbeer-Schichtdessert<\/a><br \/>\n<a href=\"https:\/\/unser-quartier.de\/boeckmanns-laden\/uebersichtsseite-rezepte\/mandarinen-quark-creme-mit-spekulatius\/\">Mandarinen-Quark-Creme mit Spekulatius<\/a><br \/>\n<a href=\"https:\/\/unser-quartier.de\/boeckmanns-laden\/uebersichtsseite-rezepte\/mocca-quarkcreme\/\">Mocca Quarkcreme<\/a><br \/>\n<a href=\"https:\/\/unser-quartier.de\/boeckmanns-laden\/uebersichtsseite-rezepte\/obst-philadelphia-dessert\/\">Obst-Philadelphia-Dessert<\/a><br \/>\n<a href=\"https:\/\/unser-quartier.de\/boeckmanns-laden\/uebersichtsseite-rezepte\/obstsalat\/\">Obstsalat<\/a><br \/>\n<a href=\"https:\/\/unser-quartier.de\/boeckmanns-laden\/uebersichtsseite-rezepte\/pfirsichcreme\">Pfirsichcreme<\/a><br \/>\n<a href=\"http:\/\/: https:\/\/unser-quartier.de\/boeckmanns-laden\/service\/rezepte-aller-art\/rote-gruetze-pudding-mit-himbeeren\">Rote-Gr\u00fctze-Pudding mit Himbeeren<\/a><br \/>\n<a href=\"https:\/\/unser-quartier.de\/boeckmanns-laden\/service\/rezepte-aller-art\/2995-2\">Stratiatella-Quarkcreme<\/a><\/p>\n<p><strong>Sonstiges:<\/strong><\/p>\n<p><a href=\"https:\/\/unser-quartier.de\/boeckmanns-laden\/uebersichtsseite-rezepte\/knabbereien-vom-bunten-abend-auf-langeoog-2014\/\">Knabbereien Bunter Abend Langeoog 2014<\/a><\/p>\n","protected":false},"excerpt":{"rendered":"<p>Im Laufe der Zeit ist die Zahl der Rezepte enorm gewachsen. Die chronologische Sortierung nach dem Datum, wann es das betreffenden Gericht in B\u00f6ckmanns Laden beim Mittagessen gab, wird dadurch immer un\u00fcbersichtlicher. Auf dieser neuen \u00dcbersichtsseite wird sie durch eine neue Sortierung abgel\u00f6st. Vorspeisen, Hauptgerichte und Nachtische werden hier alphabetisch aufgelistet. Vorspeisen: Blumenkohlsuppe Blumenkohlsalat Bunter &hellip; <a href=\"https:\/\/unser-quartier.de\/boeckmanns-laden\/uebersichtsseite-rezepte\/\" class=\"more-link\"><span class=\"screen-reader-text\">\u201e\u00dcbersichtsseite Rezepte\u201c<\/span> weiterlesen<\/a><\/p>\n","protected":false},"author":24,"featured_media":0,"parent":0,"menu_order":0,"comment_status":"closed","ping_status":"closed","template":"","meta":{"_bbp_topic_count":0,"_bbp_reply_count":0,"_bbp_total_topic_count":0,"_bbp_total_reply_count":0,"_bbp_voice_count":0,"_bbp_anonymous_reply_count":0,"_bbp_topic_count_hidden":0,"_bbp_reply_count_hidden":0,"_bbp_forum_subforum_count":0,"ngg_post_thumbnail":0,"jetpack_post_was_ever_published":false,"footnotes":""},"class_list":["post-3457","page","type-page","status-publish","hentry"],"jetpack_sharing_enabled":true,"_links":{"self":[{"href":"https:\/\/unser-quartier.de\/boeckmanns-laden\/wp-json\/wp\/v2\/pages\/3457","targetHints":{"allow":["GET"]}}],"collection":[{"href":"https:\/\/unser-quartier.de\/boeckmanns-laden\/wp-json\/wp\/v2\/pages"}],"about":[{"href":"https:\/\/unser-quartier.de\/boeckmanns-laden\/wp-json\/wp\/v2\/types\/page"}],"author":[{"embeddable":true,"href":"https:\/\/unser-quartier.de\/boeckmanns-laden\/wp-json\/wp\/v2\/users\/24"}],"replies":[{"embeddable":true,"href":"https:\/\/unser-quartier.de\/boeckmanns-laden\/wp-json\/wp\/v2\/comments?post=3457"}],"version-history":[{"count":0,"href":"https:\/\/unser-quartier.de\/boeckmanns-laden\/wp-json\/wp\/v2\/pages\/3457\/revisions"}],"wp:attachment":[{"href":"https:\/\/unser-quartier.de\/boeckmanns-laden\/wp-json\/wp\/v2\/media?parent=3457"}],"curies":[{"name":"wp","href":"https:\/\/api.w.org\/{rel}","templated":true}]}}