{"id":3959,"date":"2017-01-15T18:33:14","date_gmt":"2017-01-15T18:33:14","guid":{"rendered":"http:\/\/unser-quartier.de\/boeckmanns-laden\/?page_id=3959"},"modified":"2017-01-28T21:49:07","modified_gmt":"2017-01-28T21:49:07","slug":"porree-salat","status":"publish","type":"page","link":"https:\/\/unser-quartier.de\/boeckmanns-laden\/uebersichtsseite-rezepte\/porree-salat\/","title":{"rendered":"Porree-Salat"},"content":{"rendered":"<h3>Zutaten:<\/h3>\n<table>\n<tbody>\n<tr>\n<td>2 Stangen<\/td>\n<td>Porree<\/td>\n<\/tr>\n<tr>\n<td>2<\/td>\n<td>\u00c4pfel<\/td>\n<\/tr>\n<tr>\n<td>2 gro\u00dfe<\/td>\n<td>eingelegte Gurken<\/td>\n<\/tr>\n<tr>\n<td>150 g<\/td>\n<td>TK Erbsen<\/td>\n<\/tr>\n<tr>\n<td>Miracle Whip<\/td>\n<td><\/td>\n<\/tr>\n<\/tbody>\n<\/table>\n<h3>Zubereitung:<\/h3>\n<p>Porree putzen, halbieren , waschen und in Scheiben schneiden.<\/p>\n<p>\u00c4pfel waschen, sch\u00e4len und w\u00fcrfeln.<\/p>\n<p>Die Gurken ebenfalls w\u00fcrfeln.<\/p>\n<p>TK Erbsen in kochendem Salzwasser 3 &#8211; 5 Minuten garen, absch\u00fctten und abk\u00fchlen lassen.<\/p>\n<p>Alle Zutaten mit dem Miracle Whip gut vermengen.<\/p>\n","protected":false},"excerpt":{"rendered":"<p>Zutaten: 2 Stangen Porree 2 \u00c4pfel 2 gro\u00dfe eingelegte Gurken 150 g TK Erbsen Miracle Whip Zubereitung: Porree putzen, halbieren , waschen und in Scheiben schneiden. \u00c4pfel waschen, sch\u00e4len und w\u00fcrfeln. Die Gurken ebenfalls w\u00fcrfeln. TK Erbsen in kochendem Salzwasser 3 &#8211; 5 Minuten garen, absch\u00fctten und abk\u00fchlen lassen. Alle Zutaten mit dem Miracle Whip &hellip; <a href=\"https:\/\/unser-quartier.de\/boeckmanns-laden\/uebersichtsseite-rezepte\/porree-salat\/\" class=\"more-link\"><span class=\"screen-reader-text\">\u201ePorree-Salat\u201c<\/span> weiterlesen<\/a><\/p>\n","protected":false},"author":24,"featured_media":0,"parent":3457,"menu_order":22,"comment_status":"closed","ping_status":"closed","template":"","meta":{"_bbp_topic_count":0,"_bbp_reply_count":0,"_bbp_total_topic_count":0,"_bbp_total_reply_count":0,"_bbp_voice_count":0,"_bbp_anonymous_reply_count":0,"_bbp_topic_count_hidden":0,"_bbp_reply_count_hidden":0,"_bbp_forum_subforum_count":0,"ngg_post_thumbnail":0,"jetpack_post_was_ever_published":false,"footnotes":""},"class_list":["post-3959","page","type-page","status-publish","hentry"],"jetpack_sharing_enabled":true,"_links":{"self":[{"href":"https:\/\/unser-quartier.de\/boeckmanns-laden\/wp-json\/wp\/v2\/pages\/3959","targetHints":{"allow":["GET"]}}],"collection":[{"href":"https:\/\/unser-quartier.de\/boeckmanns-laden\/wp-json\/wp\/v2\/pages"}],"about":[{"href":"https:\/\/unser-quartier.de\/boeckmanns-laden\/wp-json\/wp\/v2\/types\/page"}],"author":[{"embeddable":true,"href":"https:\/\/unser-quartier.de\/boeckmanns-laden\/wp-json\/wp\/v2\/users\/24"}],"replies":[{"embeddable":true,"href":"https:\/\/unser-quartier.de\/boeckmanns-laden\/wp-json\/wp\/v2\/comments?post=3959"}],"version-history":[{"count":0,"href":"https:\/\/unser-quartier.de\/boeckmanns-laden\/wp-json\/wp\/v2\/pages\/3959\/revisions"}],"up":[{"embeddable":true,"href":"https:\/\/unser-quartier.de\/boeckmanns-laden\/wp-json\/wp\/v2\/pages\/3457"}],"wp:attachment":[{"href":"https:\/\/unser-quartier.de\/boeckmanns-laden\/wp-json\/wp\/v2\/media?parent=3959"}],"curies":[{"name":"wp","href":"https:\/\/api.w.org\/{rel}","templated":true}]}}