{"id":3962,"date":"2017-01-15T18:37:24","date_gmt":"2017-01-15T18:37:24","guid":{"rendered":"http:\/\/unser-quartier.de\/boeckmanns-laden\/?page_id=3962"},"modified":"2017-01-28T23:19:50","modified_gmt":"2017-01-28T23:19:50","slug":"mocca-quarkcreme","status":"publish","type":"page","link":"https:\/\/unser-quartier.de\/boeckmanns-laden\/uebersichtsseite-rezepte\/mocca-quarkcreme\/","title":{"rendered":"Mocca Quarkcreme"},"content":{"rendered":"<h3>Zutaten:<\/h3>\n<table>\n<tbody>\n<tr>\n<td>700 g<\/td>\n<td>Quark<\/td>\n<\/tr>\n<tr>\n<td>1 Pck.<\/td>\n<td>Schokoladenpuddingpulver<\/td>\n<\/tr>\n<tr>\n<td>0,5 l<\/td>\n<td>Milch<\/td>\n<\/tr>\n<tr>\n<td>1 Pck.<\/td>\n<td>Vanillezucker<\/td>\n<\/tr>\n<tr>\n<td>1 &#8211; 3 E\u00dfl.<\/td>\n<td>Nescaf\u00e9 ( nicht zu stark)<\/td>\n<\/tr>\n<tr>\n<td>1 Becher<\/td>\n<td>Sahne<\/td>\n<\/tr>\n<tr>\n<td>2 E\u00dfl.<\/td>\n<td>Zucker<\/td>\n<\/tr>\n<\/tbody>\n<\/table>\n<h3>Zubereitung:<\/h3>\n<p>Von der Milch und dem Puddingpulver nach Anweisung einen Schokoladenpudding zubereiten, Nescaf\u00e9, Zucker und Vanillezucker nach Geschmack unterr\u00fchren und etwas abk\u00fchlen lassen.<\/p>\n<p>Die Sahne mit einem\u00a0 1\/2 Teel. Zucker steifschlagen.<\/p>\n<p>Pudding und Quark mit einem Handr\u00fchrger\u00e4t gut vermengen, abschmecken und die geschlagene Sahne vorsichtig unterziehen.<\/p>\n<p>Die S\u00fc\u00dfspeise in eine Glasschale f\u00fcllen und kaltstellen.<\/p>\n<p>Vor dem Servieren mit wei\u00dfen Schokoladenraspeln verzieren.<\/p>\n","protected":false},"excerpt":{"rendered":"<p>Zutaten: 700 g Quark 1 Pck. Schokoladenpuddingpulver 0,5 l Milch 1 Pck. Vanillezucker 1 &#8211; 3 E\u00dfl. Nescaf\u00e9 ( nicht zu stark) 1 Becher Sahne 2 E\u00dfl. Zucker Zubereitung: Von der Milch und dem Puddingpulver nach Anweisung einen Schokoladenpudding zubereiten, Nescaf\u00e9, Zucker und Vanillezucker nach Geschmack unterr\u00fchren und etwas abk\u00fchlen lassen. Die Sahne mit einem\u00a0 &hellip; <a href=\"https:\/\/unser-quartier.de\/boeckmanns-laden\/uebersichtsseite-rezepte\/mocca-quarkcreme\/\" class=\"more-link\"><span class=\"screen-reader-text\">\u201eMocca Quarkcreme\u201c<\/span> weiterlesen<\/a><\/p>\n","protected":false},"author":24,"featured_media":0,"parent":3457,"menu_order":16,"comment_status":"closed","ping_status":"closed","template":"","meta":{"_bbp_topic_count":0,"_bbp_reply_count":0,"_bbp_total_topic_count":0,"_bbp_total_reply_count":0,"_bbp_voice_count":0,"_bbp_anonymous_reply_count":0,"_bbp_topic_count_hidden":0,"_bbp_reply_count_hidden":0,"_bbp_forum_subforum_count":0,"ngg_post_thumbnail":0,"jetpack_post_was_ever_published":false,"footnotes":""},"class_list":["post-3962","page","type-page","status-publish","hentry"],"jetpack_sharing_enabled":true,"_links":{"self":[{"href":"https:\/\/unser-quartier.de\/boeckmanns-laden\/wp-json\/wp\/v2\/pages\/3962","targetHints":{"allow":["GET"]}}],"collection":[{"href":"https:\/\/unser-quartier.de\/boeckmanns-laden\/wp-json\/wp\/v2\/pages"}],"about":[{"href":"https:\/\/unser-quartier.de\/boeckmanns-laden\/wp-json\/wp\/v2\/types\/page"}],"author":[{"embeddable":true,"href":"https:\/\/unser-quartier.de\/boeckmanns-laden\/wp-json\/wp\/v2\/users\/24"}],"replies":[{"embeddable":true,"href":"https:\/\/unser-quartier.de\/boeckmanns-laden\/wp-json\/wp\/v2\/comments?post=3962"}],"version-history":[{"count":0,"href":"https:\/\/unser-quartier.de\/boeckmanns-laden\/wp-json\/wp\/v2\/pages\/3962\/revisions"}],"up":[{"embeddable":true,"href":"https:\/\/unser-quartier.de\/boeckmanns-laden\/wp-json\/wp\/v2\/pages\/3457"}],"wp:attachment":[{"href":"https:\/\/unser-quartier.de\/boeckmanns-laden\/wp-json\/wp\/v2\/media?parent=3962"}],"curies":[{"name":"wp","href":"https:\/\/api.w.org\/{rel}","templated":true}]}}