{"id":3965,"date":"2017-01-15T18:40:26","date_gmt":"2017-01-15T18:40:26","guid":{"rendered":"http:\/\/unser-quartier.de\/boeckmanns-laden\/?page_id=3965"},"modified":"2017-01-28T23:21:29","modified_gmt":"2017-01-28T23:21:29","slug":"obst-philadelphia-dessert","status":"publish","type":"page","link":"https:\/\/unser-quartier.de\/boeckmanns-laden\/uebersichtsseite-rezepte\/obst-philadelphia-dessert\/","title":{"rendered":"Obst &#8211; Philadelphia Dessert"},"content":{"rendered":"<h3>Zutaten:<\/h3>\n<table>\n<tbody>\n<tr>\n<td>300 g<\/td>\n<td>Frischk\u00e4se<\/td>\n<\/tr>\n<tr>\n<td>250 g<\/td>\n<td>Magerquark<\/td>\n<\/tr>\n<tr>\n<td>1 P.<\/td>\n<td>Vanillezucker<\/td>\n<\/tr>\n<tr>\n<td>200 g<\/td>\n<td>s\u00fc\u00dfe Sahne<\/td>\n<\/tr>\n<tr>\n<td>250 g<\/td>\n<td>Obst z.B. Erdbeeren<\/td>\n<\/tr>\n<tr>\n<td>Haselnusskrokant<\/td>\n<td><\/td>\n<\/tr>\n<tr>\n<td>Zucker<\/td>\n<td><\/td>\n<\/tr>\n<\/tbody>\n<\/table>\n<h3>Zubereitung:<\/h3>\n<p>Erdbeeren waschen, abtropfen lassen, die Stiele entfernen und evtl. einmal durchschneiden. 2 E\u00dfl. Zucker \u00fcber die Erdbeeren streuen, gut verr\u00fchren und l\u00e4nger durchziehen lassen.<\/p>\n<p>Frischk\u00e4se , Quark und Vanillezucker mit etwas Mich zu einer cremigen Masse verr\u00fchren.<\/p>\n<p>Sahne mit einem 1\/2 Teel. Zucker steifschlagen und vorsichtig unter die Quarkmasse heben.<\/p>\n<p>Die Erdbeeren in eine Glasschale f\u00fcllen und die Quarkmasse dar\u00fcber verteilen. Zuletzt Haselnusskrokant \u00fcber das Dessert streuen.<\/p>\n","protected":false},"excerpt":{"rendered":"<p>Zutaten: 300 g Frischk\u00e4se 250 g Magerquark 1 P. Vanillezucker 200 g s\u00fc\u00dfe Sahne 250 g Obst z.B. Erdbeeren Haselnusskrokant Zucker Zubereitung: Erdbeeren waschen, abtropfen lassen, die Stiele entfernen und evtl. einmal durchschneiden. 2 E\u00dfl. Zucker \u00fcber die Erdbeeren streuen, gut verr\u00fchren und l\u00e4nger durchziehen lassen. Frischk\u00e4se , Quark und Vanillezucker mit etwas Mich zu &hellip; <a href=\"https:\/\/unser-quartier.de\/boeckmanns-laden\/uebersichtsseite-rezepte\/obst-philadelphia-dessert\/\" class=\"more-link\"><span class=\"screen-reader-text\">\u201eObst &#8211; Philadelphia Dessert\u201c<\/span> weiterlesen<\/a><\/p>\n","protected":false},"author":24,"featured_media":0,"parent":3457,"menu_order":19,"comment_status":"closed","ping_status":"closed","template":"","meta":{"_bbp_topic_count":0,"_bbp_reply_count":0,"_bbp_total_topic_count":0,"_bbp_total_reply_count":0,"_bbp_voice_count":0,"_bbp_anonymous_reply_count":0,"_bbp_topic_count_hidden":0,"_bbp_reply_count_hidden":0,"_bbp_forum_subforum_count":0,"ngg_post_thumbnail":0,"jetpack_post_was_ever_published":false,"footnotes":""},"class_list":["post-3965","page","type-page","status-publish","hentry"],"jetpack_sharing_enabled":true,"_links":{"self":[{"href":"https:\/\/unser-quartier.de\/boeckmanns-laden\/wp-json\/wp\/v2\/pages\/3965","targetHints":{"allow":["GET"]}}],"collection":[{"href":"https:\/\/unser-quartier.de\/boeckmanns-laden\/wp-json\/wp\/v2\/pages"}],"about":[{"href":"https:\/\/unser-quartier.de\/boeckmanns-laden\/wp-json\/wp\/v2\/types\/page"}],"author":[{"embeddable":true,"href":"https:\/\/unser-quartier.de\/boeckmanns-laden\/wp-json\/wp\/v2\/users\/24"}],"replies":[{"embeddable":true,"href":"https:\/\/unser-quartier.de\/boeckmanns-laden\/wp-json\/wp\/v2\/comments?post=3965"}],"version-history":[{"count":0,"href":"https:\/\/unser-quartier.de\/boeckmanns-laden\/wp-json\/wp\/v2\/pages\/3965\/revisions"}],"up":[{"embeddable":true,"href":"https:\/\/unser-quartier.de\/boeckmanns-laden\/wp-json\/wp\/v2\/pages\/3457"}],"wp:attachment":[{"href":"https:\/\/unser-quartier.de\/boeckmanns-laden\/wp-json\/wp\/v2\/media?parent=3965"}],"curies":[{"name":"wp","href":"https:\/\/api.w.org\/{rel}","templated":true}]}}