{"id":3967,"date":"2017-01-15T18:43:42","date_gmt":"2017-01-15T18:43:42","guid":{"rendered":"http:\/\/unser-quartier.de\/boeckmanns-laden\/?page_id=3967"},"modified":"2017-01-28T22:48:00","modified_gmt":"2017-01-28T22:48:00","slug":"nudelauflauf-mit-putenbrust","status":"publish","type":"page","link":"https:\/\/unser-quartier.de\/boeckmanns-laden\/uebersichtsseite-rezepte\/nudelauflauf-mit-putenbrust\/","title":{"rendered":"Nudelauflauf mit Putenbrust"},"content":{"rendered":"<h3>Zutaten:<\/h3>\n<table>\n<tbody>\n<tr>\n<td>250 g<\/td>\n<td>Spiralnudeln<\/td>\n<\/tr>\n<tr>\n<td>150 g<\/td>\n<td>TK Erbsen<\/td>\n<\/tr>\n<tr>\n<td>150 g<\/td>\n<td>M\u00f6hren<\/td>\n<\/tr>\n<tr>\n<td>150 g<\/td>\n<td>Paprika<\/td>\n<\/tr>\n<tr>\n<td>150 g<\/td>\n<td>Champignons<\/td>\n<\/tr>\n<tr>\n<td>4 &#8211; 5<\/td>\n<td>Putenschnitzel<\/td>\n<\/tr>\n<tr>\n<td>200 g<\/td>\n<td>geriebenen Emmentaler<\/td>\n<\/tr>\n<tr>\n<td>200 g<\/td>\n<td>Creme fraiche<\/td>\n<\/tr>\n<tr>\n<td>Salz, Pfeffer<\/td>\n<td>Fett zum Anbraten<\/td>\n<\/tr>\n<\/tbody>\n<\/table>\n<h3>Zubereitung:<\/h3>\n<p>Nudeln in Salzwasser garkochen, abgie\u00dfen und gut abtropfen lassen.<\/p>\n<p>M\u00f6hren putzen, waschen, halbieren, in Scheiben schneiden, in Salzwasser garkochen und absch\u00fctten.<\/p>\n<p>Paprika waschen , putzen entkernen und\u00a0 w\u00fcrfeln.<\/p>\n<p>Champignons waschen, putzen und in Scheiben schneiden.<\/p>\n<p>Putenschnitzel waschen, trockentupfen und in einer Pfanne etwa 5 Minuten von beiden Seiten anbraten. Mit Pfeffer und Salz bestreuen und nach dem Abk\u00fchlen in mundgerechte St\u00fccke schneiden.<\/p>\n<p>Ebenso Paprika und Pilze in einer Pfanne mit hei\u00dfem Fett gut 5 Minuten schmoren lassen, umr\u00fchren, mit Salz und Pfeffer w\u00fcrzen und etwas abk\u00fchlen lassen.<\/p>\n<p>In eine gefettete gro\u00dfe Auflaufform nacheinander 1\/3 von den Nudeln, alle Erbsen und M\u00f6hren einschichten und mit Salz und Pfeffer w\u00fcrzen. Die H\u00e4lfte von dem K\u00e4se dar\u00fcber geben.<\/p>\n<p>Die in St\u00fccke geschnittene Putenbrust, die Pilze, Paprika und die restelichen Nuideln einschichten. Creme fraiche verr\u00fchren, mit Salz und Pfeffer abschmecken und \u00fcber dem Auflauf verteilen, auch den restlichen K\u00e4se.<\/p>\n<p>Im Backofen ca. 45 Minuten bei 160\u00b0 &#8211; 180\u00b0C goldbraun \u00fcberbacken.<\/p>\n","protected":false},"excerpt":{"rendered":"<p>Zutaten: 250 g Spiralnudeln 150 g TK Erbsen 150 g M\u00f6hren 150 g Paprika 150 g Champignons 4 &#8211; 5 Putenschnitzel 200 g geriebenen Emmentaler 200 g Creme fraiche Salz, Pfeffer Fett zum Anbraten Zubereitung: Nudeln in Salzwasser garkochen, abgie\u00dfen und gut abtropfen lassen. M\u00f6hren putzen, waschen, halbieren, in Scheiben schneiden, in Salzwasser garkochen und &hellip; <a href=\"https:\/\/unser-quartier.de\/boeckmanns-laden\/uebersichtsseite-rezepte\/nudelauflauf-mit-putenbrust\/\" class=\"more-link\"><span class=\"screen-reader-text\">\u201eNudelauflauf mit Putenbrust\u201c<\/span> weiterlesen<\/a><\/p>\n","protected":false},"author":24,"featured_media":0,"parent":3457,"menu_order":18,"comment_status":"closed","ping_status":"closed","template":"","meta":{"_bbp_topic_count":0,"_bbp_reply_count":0,"_bbp_total_topic_count":0,"_bbp_total_reply_count":0,"_bbp_voice_count":0,"_bbp_anonymous_reply_count":0,"_bbp_topic_count_hidden":0,"_bbp_reply_count_hidden":0,"_bbp_forum_subforum_count":0,"ngg_post_thumbnail":0,"jetpack_post_was_ever_published":false,"footnotes":""},"class_list":["post-3967","page","type-page","status-publish","hentry"],"jetpack_sharing_enabled":true,"_links":{"self":[{"href":"https:\/\/unser-quartier.de\/boeckmanns-laden\/wp-json\/wp\/v2\/pages\/3967","targetHints":{"allow":["GET"]}}],"collection":[{"href":"https:\/\/unser-quartier.de\/boeckmanns-laden\/wp-json\/wp\/v2\/pages"}],"about":[{"href":"https:\/\/unser-quartier.de\/boeckmanns-laden\/wp-json\/wp\/v2\/types\/page"}],"author":[{"embeddable":true,"href":"https:\/\/unser-quartier.de\/boeckmanns-laden\/wp-json\/wp\/v2\/users\/24"}],"replies":[{"embeddable":true,"href":"https:\/\/unser-quartier.de\/boeckmanns-laden\/wp-json\/wp\/v2\/comments?post=3967"}],"version-history":[{"count":0,"href":"https:\/\/unser-quartier.de\/boeckmanns-laden\/wp-json\/wp\/v2\/pages\/3967\/revisions"}],"up":[{"embeddable":true,"href":"https:\/\/unser-quartier.de\/boeckmanns-laden\/wp-json\/wp\/v2\/pages\/3457"}],"wp:attachment":[{"href":"https:\/\/unser-quartier.de\/boeckmanns-laden\/wp-json\/wp\/v2\/media?parent=3967"}],"curies":[{"name":"wp","href":"https:\/\/api.w.org\/{rel}","templated":true}]}}