{"id":3980,"date":"2017-01-15T18:53:37","date_gmt":"2017-01-15T18:53:37","guid":{"rendered":"http:\/\/unser-quartier.de\/boeckmanns-laden\/?page_id=3980"},"modified":"2017-01-28T22:02:37","modified_gmt":"2017-01-28T22:02:37","slug":"bohnengemuese","status":"publish","type":"page","link":"https:\/\/unser-quartier.de\/boeckmanns-laden\/uebersichtsseite-rezepte\/bohnengemuese\/","title":{"rendered":"Bohnengem\u00fcse"},"content":{"rendered":"<h3>Zutaten:<\/h3>\n<table>\n<tbody>\n<tr>\n<td>1000 g<\/td>\n<td>TK Bohnen<\/td>\n<\/tr>\n<tr>\n<td>1<\/td>\n<td>Zwiebel<\/td>\n<\/tr>\n<tr>\n<td>Salz, Pfeffer,<\/td>\n<td>Bohnenkraut<\/td>\n<\/tr>\n<tr>\n<td>etwas Fett<\/td>\n<td><\/td>\n<\/tr>\n<\/tbody>\n<\/table>\n<h3>Zubereitung:<\/h3>\n<p>Die Bohnen in kochendem Salzwasser auftauen und garen ( nach Verpackung), danach abgie\u00dfen.<\/p>\n<p>Zwiebel pellen, w\u00fcrfeln und in hei\u00dfem Fett glasig d\u00fcnsten.<\/p>\n<p>Die Bohnen dazugeben, gut vermengen und mit Salz, Pfeffer und Bohnenkraut abschmecken.<\/p>\n","protected":false},"excerpt":{"rendered":"<p>Zutaten: 1000 g TK Bohnen 1 Zwiebel Salz, Pfeffer, Bohnenkraut etwas Fett Zubereitung: Die Bohnen in kochendem Salzwasser auftauen und garen ( nach Verpackung), danach abgie\u00dfen. Zwiebel pellen, w\u00fcrfeln und in hei\u00dfem Fett glasig d\u00fcnsten. Die Bohnen dazugeben, gut vermengen und mit Salz, Pfeffer und Bohnenkraut abschmecken.<\/p>\n","protected":false},"author":24,"featured_media":0,"parent":3457,"menu_order":5,"comment_status":"closed","ping_status":"closed","template":"","meta":{"_bbp_topic_count":0,"_bbp_reply_count":0,"_bbp_total_topic_count":0,"_bbp_total_reply_count":0,"_bbp_voice_count":0,"_bbp_anonymous_reply_count":0,"_bbp_topic_count_hidden":0,"_bbp_reply_count_hidden":0,"_bbp_forum_subforum_count":0,"ngg_post_thumbnail":0,"jetpack_post_was_ever_published":false,"footnotes":""},"class_list":["post-3980","page","type-page","status-publish","hentry"],"jetpack_sharing_enabled":true,"_links":{"self":[{"href":"https:\/\/unser-quartier.de\/boeckmanns-laden\/wp-json\/wp\/v2\/pages\/3980","targetHints":{"allow":["GET"]}}],"collection":[{"href":"https:\/\/unser-quartier.de\/boeckmanns-laden\/wp-json\/wp\/v2\/pages"}],"about":[{"href":"https:\/\/unser-quartier.de\/boeckmanns-laden\/wp-json\/wp\/v2\/types\/page"}],"author":[{"embeddable":true,"href":"https:\/\/unser-quartier.de\/boeckmanns-laden\/wp-json\/wp\/v2\/users\/24"}],"replies":[{"embeddable":true,"href":"https:\/\/unser-quartier.de\/boeckmanns-laden\/wp-json\/wp\/v2\/comments?post=3980"}],"version-history":[{"count":0,"href":"https:\/\/unser-quartier.de\/boeckmanns-laden\/wp-json\/wp\/v2\/pages\/3980\/revisions"}],"up":[{"embeddable":true,"href":"https:\/\/unser-quartier.de\/boeckmanns-laden\/wp-json\/wp\/v2\/pages\/3457"}],"wp:attachment":[{"href":"https:\/\/unser-quartier.de\/boeckmanns-laden\/wp-json\/wp\/v2\/media?parent=3980"}],"curies":[{"name":"wp","href":"https:\/\/api.w.org\/{rel}","templated":true}]}}