{"id":3988,"date":"2017-01-15T19:00:07","date_gmt":"2017-01-15T19:00:07","guid":{"rendered":"http:\/\/unser-quartier.de\/boeckmanns-laden\/?page_id=3988"},"modified":"2017-01-28T23:42:33","modified_gmt":"2017-01-28T23:42:33","slug":"blumenkohlsalat","status":"publish","type":"page","link":"https:\/\/unser-quartier.de\/boeckmanns-laden\/uebersichtsseite-rezepte\/blumenkohlsalat\/","title":{"rendered":"Blumenkohlsalat"},"content":{"rendered":"<h3>Zutaten:<\/h3>\n<table>\n<tbody>\n<tr>\n<td>1<\/td>\n<td>Blumenkohl<\/td>\n<\/tr>\n<tr>\n<td>200 ml<\/td>\n<td>Mayonnaise<\/td>\n<\/tr>\n<tr>\n<td>150 ml<\/td>\n<td>Naturjoghurt<\/td>\n<\/tr>\n<tr>\n<td>1\/2 Teel.<\/td>\n<td>Senf<\/td>\n<\/tr>\n<tr>\n<td>ca 50 ml<\/td>\n<td>Milch<\/td>\n<\/tr>\n<tr>\n<td>3 Sch.<\/td>\n<td>gekochten Schinken<\/td>\n<\/tr>\n<tr>\n<td>Salz, Pfeffer, Muskatnuss, Curry<\/td>\n<td><\/td>\n<\/tr>\n<tr>\n<td>1 Bd.<\/td>\n<td>Petersilie<\/td>\n<\/tr>\n<\/tbody>\n<\/table>\n<h3>Zubereitung:<\/h3>\n<p>Den Blumenkohl putzen, in kleine R\u00f6schen teilen, waschen, in Salzwasser bissfest garen, abgie\u00dfen und abk\u00fchlen lassen.<\/p>\n<p>Mayonnaise, Joghurt und Senf verr\u00fchren, soviel Milch zugeben bis die Masse eine cremige Konsistenz hat. Mit Salz, Pfeffer, Curry und Muskatnuss abschmecken.<\/p>\n<p>Die Petersilie waschen, Stiele entfernen, hacken und in die Salatso\u00dfe einr\u00fchren.<\/p>\n<p>Den erkalteten Blumenkohl auf Glasteller verteilen, oder in einer flachen Schale, z. B. einer Auflaufform.<\/p>\n<p>Den Schinken w\u00fcrfeln und auf den Blumenkohl geben, dar\u00fcber die Salatso\u00dfe gleichm\u00e4\u00dfig verteilen.<\/p>\n<p>Mit 1 Teel. passierter Tomaten (Tetra Pack) garnieren.<\/p>\n","protected":false},"excerpt":{"rendered":"<p>Zutaten: 1 Blumenkohl 200 ml Mayonnaise 150 ml Naturjoghurt 1\/2 Teel. Senf ca 50 ml Milch 3 Sch. gekochten Schinken Salz, Pfeffer, Muskatnuss, Curry 1 Bd. Petersilie Zubereitung: Den Blumenkohl putzen, in kleine R\u00f6schen teilen, waschen, in Salzwasser bissfest garen, abgie\u00dfen und abk\u00fchlen lassen. Mayonnaise, Joghurt und Senf verr\u00fchren, soviel Milch zugeben bis die Masse &hellip; <a href=\"https:\/\/unser-quartier.de\/boeckmanns-laden\/uebersichtsseite-rezepte\/blumenkohlsalat\/\" class=\"more-link\"><span class=\"screen-reader-text\">\u201eBlumenkohlsalat\u201c<\/span> weiterlesen<\/a><\/p>\n","protected":false},"author":24,"featured_media":0,"parent":3457,"menu_order":3,"comment_status":"closed","ping_status":"closed","template":"","meta":{"_bbp_topic_count":0,"_bbp_reply_count":0,"_bbp_total_topic_count":0,"_bbp_total_reply_count":0,"_bbp_voice_count":0,"_bbp_anonymous_reply_count":0,"_bbp_topic_count_hidden":0,"_bbp_reply_count_hidden":0,"_bbp_forum_subforum_count":0,"ngg_post_thumbnail":0,"jetpack_post_was_ever_published":false,"footnotes":""},"class_list":["post-3988","page","type-page","status-publish","hentry"],"jetpack_sharing_enabled":true,"_links":{"self":[{"href":"https:\/\/unser-quartier.de\/boeckmanns-laden\/wp-json\/wp\/v2\/pages\/3988","targetHints":{"allow":["GET"]}}],"collection":[{"href":"https:\/\/unser-quartier.de\/boeckmanns-laden\/wp-json\/wp\/v2\/pages"}],"about":[{"href":"https:\/\/unser-quartier.de\/boeckmanns-laden\/wp-json\/wp\/v2\/types\/page"}],"author":[{"embeddable":true,"href":"https:\/\/unser-quartier.de\/boeckmanns-laden\/wp-json\/wp\/v2\/users\/24"}],"replies":[{"embeddable":true,"href":"https:\/\/unser-quartier.de\/boeckmanns-laden\/wp-json\/wp\/v2\/comments?post=3988"}],"version-history":[{"count":0,"href":"https:\/\/unser-quartier.de\/boeckmanns-laden\/wp-json\/wp\/v2\/pages\/3988\/revisions"}],"up":[{"embeddable":true,"href":"https:\/\/unser-quartier.de\/boeckmanns-laden\/wp-json\/wp\/v2\/pages\/3457"}],"wp:attachment":[{"href":"https:\/\/unser-quartier.de\/boeckmanns-laden\/wp-json\/wp\/v2\/media?parent=3988"}],"curies":[{"name":"wp","href":"https:\/\/api.w.org\/{rel}","templated":true}]}}