{"id":3992,"date":"2017-01-15T19:02:00","date_gmt":"2017-01-15T19:02:00","guid":{"rendered":"http:\/\/unser-quartier.de\/boeckmanns-laden\/?page_id=3992"},"modified":"2017-01-28T23:23:03","modified_gmt":"2017-01-28T23:23:03","slug":"obstsalat","status":"publish","type":"page","link":"https:\/\/unser-quartier.de\/boeckmanns-laden\/uebersichtsseite-rezepte\/obstsalat\/","title":{"rendered":"Obstsalat"},"content":{"rendered":"<h3>Zutaten:<\/h3>\n<table>\n<tbody>\n<tr>\n<td>1 kl. Dose<\/td>\n<td>Pfirsiche<\/td>\n<\/tr>\n<tr>\n<td>1 Pck.<\/td>\n<td>TK Erdbeeren 300 g<\/td>\n<\/tr>\n<tr>\n<td>2<\/td>\n<td>\u00c4pfel<\/td>\n<\/tr>\n<tr>\n<td>2<\/td>\n<td>Orangen<\/td>\n<\/tr>\n<tr>\n<td>1<\/td>\n<td>Banane<\/td>\n<\/tr>\n<tr>\n<td>ca 300 g<\/td>\n<td>Weintrauben<\/td>\n<\/tr>\n<tr>\n<td>1 E\u00dfl.<\/td>\n<td>Zucker<\/td>\n<\/tr>\n<tr>\n<td>2 &#8211; 3 E\u00dfl.<\/td>\n<td>Zitronensaft<\/td>\n<\/tr>\n<\/tbody>\n<\/table>\n<h3>Zubereitung:<\/h3>\n<p>Erdbeeren mit 1 E\u00dfl.\u00a0 Zucker auftauen, gelegentlich umr\u00fchren, Pfirsiche absch\u00fctten, den Saft auffangen. Pfirsichh\u00e4lften in W\u00fcrfel schneiden, \u00c4pfel waschen , sch\u00e4len, vierteln, entkernen und w\u00fcrfeln. Die Orangen sch\u00e4len , in Spalten teilen und ebenso w\u00fcrfeln. Die Weintrauben waschen, trocken tupfen und halbieren.Die Banane sch\u00e4len, halbieren und in Scheiben schneiden.<\/p>\n<p>Das Obst, ebenso die Erdbeeren mit dem Saft, den Zitronensaft und die H\u00e4lfte des Pfirsichsaftes in eine gro\u00dfe Sch\u00fcssel geben und vermengen, evtl. noch etwas Zucker hinzugeben. Der Salat sollte ca 2 Std. durchziehen.<\/p>\n<p>Dazu schmeckt gut geschlagene s\u00fc\u00dfe Sahne oder Vanilleso\u00dfe.<\/p>\n","protected":false},"excerpt":{"rendered":"<p>Zutaten: 1 kl. Dose Pfirsiche 1 Pck. TK Erdbeeren 300 g 2 \u00c4pfel 2 Orangen 1 Banane ca 300 g Weintrauben 1 E\u00dfl. Zucker 2 &#8211; 3 E\u00dfl. Zitronensaft Zubereitung: Erdbeeren mit 1 E\u00dfl.\u00a0 Zucker auftauen, gelegentlich umr\u00fchren, Pfirsiche absch\u00fctten, den Saft auffangen. Pfirsichh\u00e4lften in W\u00fcrfel schneiden, \u00c4pfel waschen , sch\u00e4len, vierteln, entkernen und w\u00fcrfeln. &hellip; <a href=\"https:\/\/unser-quartier.de\/boeckmanns-laden\/uebersichtsseite-rezepte\/obstsalat\/\" class=\"more-link\"><span class=\"screen-reader-text\">\u201eObstsalat\u201c<\/span> weiterlesen<\/a><\/p>\n","protected":false},"author":24,"featured_media":0,"parent":3457,"menu_order":20,"comment_status":"closed","ping_status":"closed","template":"","meta":{"_bbp_topic_count":0,"_bbp_reply_count":0,"_bbp_total_topic_count":0,"_bbp_total_reply_count":0,"_bbp_voice_count":0,"_bbp_anonymous_reply_count":0,"_bbp_topic_count_hidden":0,"_bbp_reply_count_hidden":0,"_bbp_forum_subforum_count":0,"ngg_post_thumbnail":0,"jetpack_post_was_ever_published":false,"footnotes":""},"class_list":["post-3992","page","type-page","status-publish","hentry"],"jetpack_sharing_enabled":true,"_links":{"self":[{"href":"https:\/\/unser-quartier.de\/boeckmanns-laden\/wp-json\/wp\/v2\/pages\/3992","targetHints":{"allow":["GET"]}}],"collection":[{"href":"https:\/\/unser-quartier.de\/boeckmanns-laden\/wp-json\/wp\/v2\/pages"}],"about":[{"href":"https:\/\/unser-quartier.de\/boeckmanns-laden\/wp-json\/wp\/v2\/types\/page"}],"author":[{"embeddable":true,"href":"https:\/\/unser-quartier.de\/boeckmanns-laden\/wp-json\/wp\/v2\/users\/24"}],"replies":[{"embeddable":true,"href":"https:\/\/unser-quartier.de\/boeckmanns-laden\/wp-json\/wp\/v2\/comments?post=3992"}],"version-history":[{"count":0,"href":"https:\/\/unser-quartier.de\/boeckmanns-laden\/wp-json\/wp\/v2\/pages\/3992\/revisions"}],"up":[{"embeddable":true,"href":"https:\/\/unser-quartier.de\/boeckmanns-laden\/wp-json\/wp\/v2\/pages\/3457"}],"wp:attachment":[{"href":"https:\/\/unser-quartier.de\/boeckmanns-laden\/wp-json\/wp\/v2\/media?parent=3992"}],"curies":[{"name":"wp","href":"https:\/\/api.w.org\/{rel}","templated":true}]}}