{"id":4000,"date":"2017-01-15T20:56:17","date_gmt":"2017-01-15T20:56:17","guid":{"rendered":"http:\/\/unser-quartier.de\/boeckmanns-laden\/?page_id=4000"},"modified":"2017-01-27T23:59:48","modified_gmt":"2017-01-27T23:59:48","slug":"gemuesesalat","status":"publish","type":"page","link":"https:\/\/unser-quartier.de\/boeckmanns-laden\/uebersichtsseite-rezepte\/gemuesesalat\/","title":{"rendered":"Gem\u00fcsesalat"},"content":{"rendered":"<h4>Zutaten:<\/h4>\n<table>\n<tbody>\n<tr>\n<td>500g<\/td>\n<td>Brokkoli<\/td>\n<\/tr>\n<tr>\n<td>400g<\/td>\n<td>Tomaten<\/td>\n<\/tr>\n<tr>\n<td>Basilikum, Thymian, Petersilie<\/td>\n<td>frisch<\/td>\n<\/tr>\n<tr>\n<td><\/td>\n<td><\/td>\n<\/tr>\n<tr>\n<td>2 hartgekochte<\/td>\n<td>Eier<\/td>\n<\/tr>\n<tr>\n<td>150 -200g<\/td>\n<td>Creme fraiche<\/td>\n<\/tr>\n<tr>\n<td>1 -2 E\u00dfl<\/td>\n<td>Zitronensaft<\/td>\n<\/tr>\n<\/tbody>\n<\/table>\n<p>Pfeffer, Salz<\/p>\n<h4>Zubereitung:<\/h4>\n<p>Den Brokkoli waschen und in kleine R\u00f6schen zerteilen , in Salzwasser etwa 3-5 Minuten blanchieren, in einem Sieb gut abtropfen lassen und das Gem\u00fcsewasser auffangen.<\/p>\n<p>Die Tomaten washen, trockentupfen, die Stielans\u00e4tze entfernen und in Scheiben schneiden.<\/p>\n<p>Die K\u00e4uter waschen, die Bl\u00e4tter von den Stielen zupfen, einige zur Dekoration zur Seite legen, den Rest feinhacken.<\/p>\n<p>Creme fraiche, Zitronensaft, wenig Brokkoliwasser und die Kr\u00e4uter verr\u00fchren und mit Salz und Pfeffer abschmecken.<\/p>\n<p>Die Brokkolir\u00f6schen, Tomatenscheiben und die feingehackten Eier auf einem Glasteller verteilen. Die Kr\u00e4utercreme dar\u00fcber geben und mit den zur\u00fcckgelegten Bl\u00e4ttchen dekorieren.<\/p>\n","protected":false},"excerpt":{"rendered":"<p>Zutaten: 500g Brokkoli 400g Tomaten Basilikum, Thymian, Petersilie frisch 2 hartgekochte Eier 150 -200g Creme fraiche 1 -2 E\u00dfl Zitronensaft Pfeffer, Salz Zubereitung: Den Brokkoli waschen und in kleine R\u00f6schen zerteilen , in Salzwasser etwa 3-5 Minuten blanchieren, in einem Sieb gut abtropfen lassen und das Gem\u00fcsewasser auffangen. Die Tomaten washen, trockentupfen, die Stielans\u00e4tze entfernen &hellip; <a href=\"https:\/\/unser-quartier.de\/boeckmanns-laden\/uebersichtsseite-rezepte\/gemuesesalat\/\" class=\"more-link\"><span class=\"screen-reader-text\">\u201eGem\u00fcsesalat\u201c<\/span> weiterlesen<\/a><\/p>\n","protected":false},"author":24,"featured_media":0,"parent":3457,"menu_order":7,"comment_status":"closed","ping_status":"closed","template":"","meta":{"_bbp_topic_count":0,"_bbp_reply_count":0,"_bbp_total_topic_count":0,"_bbp_total_reply_count":0,"_bbp_voice_count":0,"_bbp_anonymous_reply_count":0,"_bbp_topic_count_hidden":0,"_bbp_reply_count_hidden":0,"_bbp_forum_subforum_count":0,"ngg_post_thumbnail":0,"jetpack_post_was_ever_published":false,"footnotes":""},"class_list":["post-4000","page","type-page","status-publish","hentry"],"jetpack_sharing_enabled":true,"_links":{"self":[{"href":"https:\/\/unser-quartier.de\/boeckmanns-laden\/wp-json\/wp\/v2\/pages\/4000","targetHints":{"allow":["GET"]}}],"collection":[{"href":"https:\/\/unser-quartier.de\/boeckmanns-laden\/wp-json\/wp\/v2\/pages"}],"about":[{"href":"https:\/\/unser-quartier.de\/boeckmanns-laden\/wp-json\/wp\/v2\/types\/page"}],"author":[{"embeddable":true,"href":"https:\/\/unser-quartier.de\/boeckmanns-laden\/wp-json\/wp\/v2\/users\/24"}],"replies":[{"embeddable":true,"href":"https:\/\/unser-quartier.de\/boeckmanns-laden\/wp-json\/wp\/v2\/comments?post=4000"}],"version-history":[{"count":0,"href":"https:\/\/unser-quartier.de\/boeckmanns-laden\/wp-json\/wp\/v2\/pages\/4000\/revisions"}],"up":[{"embeddable":true,"href":"https:\/\/unser-quartier.de\/boeckmanns-laden\/wp-json\/wp\/v2\/pages\/3457"}],"wp:attachment":[{"href":"https:\/\/unser-quartier.de\/boeckmanns-laden\/wp-json\/wp\/v2\/media?parent=4000"}],"curies":[{"name":"wp","href":"https:\/\/api.w.org\/{rel}","templated":true}]}}