{"id":4005,"date":"2017-01-15T21:05:47","date_gmt":"2017-01-15T21:05:47","guid":{"rendered":"http:\/\/unser-quartier.de\/boeckmanns-laden\/?page_id=4005"},"modified":"2017-01-28T23:12:19","modified_gmt":"2017-01-28T23:12:19","slug":"griesskloesse-fuer-5-personen","status":"publish","type":"page","link":"https:\/\/unser-quartier.de\/boeckmanns-laden\/uebersichtsseite-rezepte\/griesskloesse-fuer-5-personen\/","title":{"rendered":"Grie\u00dfkl\u00f6\u00dfe f\u00fcr 5 Personen"},"content":{"rendered":"<h3>Zutaten:<\/h3>\n<table>\n<tbody>\n<tr>\n<td>500 ml<\/td>\n<td>Milch<\/td>\n<\/tr>\n<tr>\n<td>175g<\/td>\n<td>Grie\u00df<\/td>\n<\/tr>\n<tr>\n<td>1<\/td>\n<td>Ei<\/td>\n<\/tr>\n<tr>\n<td>etwas<\/td>\n<td>Butter<\/td>\n<\/tr>\n<tr>\n<td><\/td>\n<td>Salz und Zucker<\/td>\n<\/tr>\n<\/tbody>\n<\/table>\n<h3>Zubereitung:<\/h3>\n<p>Die Milch mit 1 Pr. Salz und einer Messerspitze Butter aufkochen.<\/p>\n<p>Den Grie\u00df langsam in die Milch einrieseln lassen, kr\u00e4ftig umr\u00fchren, kurz erhitzen und von der Kochstelle nehmen.<\/p>\n<p>Das Ei mit 1 E\u00dfl .Wasser vermengen und nach und nach ein wenig Grie\u00dfbrei in die Eimasse (Eigerinnung!!) eingeben.<\/p>\n<p>Alles mit einem Teel. Zucker in den Grie\u00dfbrei einr\u00fchren und die Masse erkalten lassen. Danach aus dem Brei etwa 10 Kl\u00f6\u00dfe formen.<\/p>\n<p>2 -3 l Wasser zum Kochen bringen, die Kl\u00f6\u00dfe hineingeben und solange in dem Wasser sieden lassen, bis alle Kl\u00f6\u00dfe schwimmen.<\/p>\n<p>Dazu schmecken hei\u00dfe Kirschen mit etwas Mondamin angedickt.<\/p>\n","protected":false},"excerpt":{"rendered":"<p>Zutaten: 500 ml Milch 175g Grie\u00df 1 Ei etwas Butter Salz und Zucker Zubereitung: Die Milch mit 1 Pr. Salz und einer Messerspitze Butter aufkochen. Den Grie\u00df langsam in die Milch einrieseln lassen, kr\u00e4ftig umr\u00fchren, kurz erhitzen und von der Kochstelle nehmen. Das Ei mit 1 E\u00dfl .Wasser vermengen und nach und nach ein wenig &hellip; <a href=\"https:\/\/unser-quartier.de\/boeckmanns-laden\/uebersichtsseite-rezepte\/griesskloesse-fuer-5-personen\/\" class=\"more-link\"><span class=\"screen-reader-text\">\u201eGrie\u00dfkl\u00f6\u00dfe f\u00fcr 5 Personen\u201c<\/span> weiterlesen<\/a><\/p>\n","protected":false},"author":24,"featured_media":0,"parent":3457,"menu_order":8,"comment_status":"closed","ping_status":"closed","template":"","meta":{"_bbp_topic_count":0,"_bbp_reply_count":0,"_bbp_total_topic_count":0,"_bbp_total_reply_count":0,"_bbp_voice_count":0,"_bbp_anonymous_reply_count":0,"_bbp_topic_count_hidden":0,"_bbp_reply_count_hidden":0,"_bbp_forum_subforum_count":0,"ngg_post_thumbnail":0,"jetpack_post_was_ever_published":false,"footnotes":""},"class_list":["post-4005","page","type-page","status-publish","hentry"],"jetpack_sharing_enabled":true,"_links":{"self":[{"href":"https:\/\/unser-quartier.de\/boeckmanns-laden\/wp-json\/wp\/v2\/pages\/4005","targetHints":{"allow":["GET"]}}],"collection":[{"href":"https:\/\/unser-quartier.de\/boeckmanns-laden\/wp-json\/wp\/v2\/pages"}],"about":[{"href":"https:\/\/unser-quartier.de\/boeckmanns-laden\/wp-json\/wp\/v2\/types\/page"}],"author":[{"embeddable":true,"href":"https:\/\/unser-quartier.de\/boeckmanns-laden\/wp-json\/wp\/v2\/users\/24"}],"replies":[{"embeddable":true,"href":"https:\/\/unser-quartier.de\/boeckmanns-laden\/wp-json\/wp\/v2\/comments?post=4005"}],"version-history":[{"count":0,"href":"https:\/\/unser-quartier.de\/boeckmanns-laden\/wp-json\/wp\/v2\/pages\/4005\/revisions"}],"up":[{"embeddable":true,"href":"https:\/\/unser-quartier.de\/boeckmanns-laden\/wp-json\/wp\/v2\/pages\/3457"}],"wp:attachment":[{"href":"https:\/\/unser-quartier.de\/boeckmanns-laden\/wp-json\/wp\/v2\/media?parent=4005"}],"curies":[{"name":"wp","href":"https:\/\/api.w.org\/{rel}","templated":true}]}}