{"id":4013,"date":"2017-01-15T21:11:15","date_gmt":"2017-01-15T21:11:15","guid":{"rendered":"http:\/\/unser-quartier.de\/boeckmanns-laden\/?page_id=4013"},"modified":"2017-01-28T21:46:01","modified_gmt":"2017-01-28T21:46:01","slug":"moehren-apfelrohkost-fuer-5-personen","status":"publish","type":"page","link":"https:\/\/unser-quartier.de\/boeckmanns-laden\/uebersichtsseite-rezepte\/moehren-apfelrohkost-fuer-5-personen\/","title":{"rendered":"M\u00f6hren &#8211; Apfelrohkost f\u00fcr 5 Personen"},"content":{"rendered":"<h3>Zutaten:<\/h3>\n<table>\n<tbody>\n<tr>\n<td>650 g<\/td>\n<td>M\u00f6hren<\/td>\n<\/tr>\n<tr>\n<td>2-3<\/td>\n<td>\u00c4pfel<\/td>\n<\/tr>\n<tr>\n<td>Saft von einer halben Zitrone vermengt mit einem \u00bd Teel. Zucker<\/td>\n<td><\/td>\n<\/tr>\n<tr>\n<td>2E\u00dfl.<\/td>\n<td>\u00d6l<\/td>\n<\/tr>\n<tr>\n<td>etwas Salz und Zucker zum Abschmecken<\/td>\n<td><\/td>\n<\/tr>\n<\/tbody>\n<\/table>\n<h3>Zubereitung:<\/h3>\n<p>M\u00f6hren und \u00c4pfel waschen, sch\u00e4len und raspeln und mit dem Zitronensaft vermengen.<\/p>\n<p>Die Mischung eine \u00bd Std. ziehen lassen.<\/p>\n<p>Abschmecken mit Salz und Zucker.<\/p>\n<p>Vor dem Servieren 2 E\u00dfl. \u00d6l untermengen.<\/p>\n","protected":false},"excerpt":{"rendered":"<p>Zutaten: 650 g M\u00f6hren 2-3 \u00c4pfel Saft von einer halben Zitrone vermengt mit einem \u00bd Teel. Zucker 2E\u00dfl. \u00d6l etwas Salz und Zucker zum Abschmecken Zubereitung: M\u00f6hren und \u00c4pfel waschen, sch\u00e4len und raspeln und mit dem Zitronensaft vermengen. Die Mischung eine \u00bd Std. ziehen lassen. Abschmecken mit Salz und Zucker. Vor dem Servieren 2 E\u00dfl. &hellip; <a href=\"https:\/\/unser-quartier.de\/boeckmanns-laden\/uebersichtsseite-rezepte\/moehren-apfelrohkost-fuer-5-personen\/\" class=\"more-link\"><span class=\"screen-reader-text\">\u201eM\u00f6hren &#8211; Apfelrohkost f\u00fcr 5 Personen\u201c<\/span> weiterlesen<\/a><\/p>\n","protected":false},"author":24,"featured_media":0,"parent":3457,"menu_order":17,"comment_status":"closed","ping_status":"closed","template":"","meta":{"_bbp_topic_count":0,"_bbp_reply_count":0,"_bbp_total_topic_count":0,"_bbp_total_reply_count":0,"_bbp_voice_count":0,"_bbp_anonymous_reply_count":0,"_bbp_topic_count_hidden":0,"_bbp_reply_count_hidden":0,"_bbp_forum_subforum_count":0,"ngg_post_thumbnail":0,"jetpack_post_was_ever_published":false,"footnotes":""},"class_list":["post-4013","page","type-page","status-publish","hentry"],"jetpack_sharing_enabled":true,"_links":{"self":[{"href":"https:\/\/unser-quartier.de\/boeckmanns-laden\/wp-json\/wp\/v2\/pages\/4013","targetHints":{"allow":["GET"]}}],"collection":[{"href":"https:\/\/unser-quartier.de\/boeckmanns-laden\/wp-json\/wp\/v2\/pages"}],"about":[{"href":"https:\/\/unser-quartier.de\/boeckmanns-laden\/wp-json\/wp\/v2\/types\/page"}],"author":[{"embeddable":true,"href":"https:\/\/unser-quartier.de\/boeckmanns-laden\/wp-json\/wp\/v2\/users\/24"}],"replies":[{"embeddable":true,"href":"https:\/\/unser-quartier.de\/boeckmanns-laden\/wp-json\/wp\/v2\/comments?post=4013"}],"version-history":[{"count":0,"href":"https:\/\/unser-quartier.de\/boeckmanns-laden\/wp-json\/wp\/v2\/pages\/4013\/revisions"}],"up":[{"embeddable":true,"href":"https:\/\/unser-quartier.de\/boeckmanns-laden\/wp-json\/wp\/v2\/pages\/3457"}],"wp:attachment":[{"href":"https:\/\/unser-quartier.de\/boeckmanns-laden\/wp-json\/wp\/v2\/media?parent=4013"}],"curies":[{"name":"wp","href":"https:\/\/api.w.org\/{rel}","templated":true}]}}