{"id":4015,"date":"2017-01-15T21:14:45","date_gmt":"2017-01-15T21:14:45","guid":{"rendered":"http:\/\/unser-quartier.de\/boeckmanns-laden\/?page_id=4015"},"modified":"2017-01-15T21:26:39","modified_gmt":"2017-01-15T21:26:39","slug":"knabbereien-vom-bunten-abend-auf-langeoog-2014","status":"publish","type":"page","link":"https:\/\/unser-quartier.de\/boeckmanns-laden\/uebersichtsseite-rezepte\/knabbereien-vom-bunten-abend-auf-langeoog-2014\/","title":{"rendered":"Knabbereien vom &#8222;Bunten Abend&#8220; auf Langeoog 2014"},"content":{"rendered":"<p><strong>Teigr\u00f6llchen<\/strong><\/p>\n<table>\n<tbody>\n<tr>\n<td>2 Packungen<\/td>\n<td>Feta (z.B. von Edeka)<\/td>\n<\/tr>\n<tr>\n<td>6 TL<\/td>\n<td>Tiefk\u00fchl-Petersilie<\/td>\n<\/tr>\n<tr>\n<td>2 Packungen<\/td>\n<td>Yufka-Teigbl\u00e4tter (z.B. aus dem t\u00fcrkischen Supermarkt)<\/td>\n<\/tr>\n<tr>\n<td>etwas<\/td>\n<td>\u00d6l<\/td>\n<\/tr>\n<tr>\n<td>etwas<\/td>\n<td>Salz<\/td>\n<\/tr>\n<tr>\n<td>etwas<\/td>\n<td>Pfeffer<\/td>\n<\/tr>\n<\/tbody>\n<\/table>\n<p>Den Feta zerquetschen und mit der Tiefk\u00fchl-Petersilie vermischen. Je nach Geschmack mit etwas Salz und Pfeffer abschmecken.<\/p>\n<p>Die einzelnen Teigbl\u00e4tter gut anfeuchten und ein wenig von der Feta-Creme in die breite Seite des Teigblattes geben. Anschlie\u00dfend werden die Seiten des Teigblattes eingeklappt und dieses fest aufgerollt.<\/p>\n<p>In einer Pfanne wird \u00d6l erhitzt. Hierin werden die Teigr\u00f6llchen in ca. 3 \u2013 4 Minuten von allen Seiten goldgelb gebacken.<\/p>\n<p><strong>Goudar\u00f6llchen auf Brottalern<\/strong><\/p>\n<table>\n<tbody>\n<tr>\n<td>150 g<\/td>\n<td>Frischk\u00e4se mit Kr\u00e4utern (z.B. Bresso)<\/td>\n<\/tr>\n<tr>\n<td>200 g<\/td>\n<td>Frischk\u00e4se<\/td>\n<\/tr>\n<tr>\n<td>50 g<\/td>\n<td>gekochter Schinken, in W\u00fcrfeln<\/td>\n<\/tr>\n<tr>\n<td>80 g<\/td>\n<td>mittelalter Gouda, gerieben<\/td>\n<\/tr>\n<tr>\n<td>2<\/td>\n<td>hartgekochte Eier (abk\u00fchlen lassen, pellen, w\u00fcrfeln)<\/td>\n<\/tr>\n<tr>\n<td>1 Bund<\/td>\n<td>Schnittlauch, fein geschnitten<\/td>\n<\/tr>\n<tr>\n<td>etwas<\/td>\n<td>Salz<\/td>\n<\/tr>\n<tr>\n<td>etwas<\/td>\n<td>Pfeffer<\/td>\n<\/tr>\n<tr>\n<td>etwas<\/td>\n<td>Curry<\/td>\n<\/tr>\n<tr>\n<td>etwas<\/td>\n<td>Butter<\/td>\n<\/tr>\n<tr>\n<td>6 Scheiben<\/td>\n<td>junger Gouda (gro\u00dfe Scheiben)<\/td>\n<\/tr>\n<tr>\n<td>50<\/td>\n<td>Schwarzbrottaler<\/td>\n<\/tr>\n<\/tbody>\n<\/table>\n<p>Kr\u00e4uter-Frischk\u00e4se, Frischk\u00e4se, Schinken, geriebenen Gouda, gew\u00fcrfelte Eier und Schnittlauch werden in einer Schale vermengt und mit Salz, Pfeffer und Curry abgeschmeckt.<\/p>\n<p>Zun\u00e4chst wird die Rinde von den Gouda-Scheiben entfernt. Anschlie\u00dfend werden die K\u00e4sescheiben mit der K\u00e4secreme bestrichen, dann aufgerollt und in Alufolie eingepackt. Nun werden diese in der Alufolie f\u00fcr mindestens eine Nacht in den K\u00fchlschrank gelegt.<\/p>\n<p>Die 50 Schwarzbrottaler werden mit Butter bestrichen und mit den in Scheiben geschnittenen Goudar\u00f6llchen belegt.<\/p>\n<p><strong>K\u00e4sepl\u00e4tzchen<\/strong><\/p>\n<table>\n<tbody>\n<tr>\n<td>375 g<\/td>\n<td>Mehl<\/td>\n<\/tr>\n<tr>\n<td>375 g<\/td>\n<td>junger Gouda, gerieben<\/td>\n<\/tr>\n<tr>\n<td>3 Msp.<\/td>\n<td>Backpulver<\/td>\n<\/tr>\n<tr>\n<td>375 g<\/td>\n<td>Butter<\/td>\n<\/tr>\n<tr>\n<td>3<\/td>\n<td>Eigelb<\/td>\n<\/tr>\n<tr>\n<td>etwas<\/td>\n<td>Milch<\/td>\n<\/tr>\n<tr>\n<td>etwas<\/td>\n<td>K\u00fcmmel<\/td>\n<\/tr>\n<tr>\n<td>etwas<\/td>\n<td>Sesam<\/td>\n<\/tr>\n<\/tbody>\n<\/table>\n<p>Aus Mehl, K\u00e4se (etwas f\u00fcr sp\u00e4ter aufbewahren), Backpulver, Butter und ein wenig Milch einen Knetteig (M\u00fcrbeteig) zubereiten und hieraus Rollen formen. Die Rollen werden anschlie\u00dfend f\u00fcr ca. 3 Stunden in den K\u00fchlschrank gestellt.<\/p>\n<p>Danach werden aus dem Teig kleine runde oder l\u00e4ngliche Kekse geformt und mit Eigelb bestrichen.<\/p>\n<p>Nun die Kekse mit K\u00fcmmel, Sesam oder geriebenem K\u00e4se bestreuen oder diese hierin eintunken.<\/p>\n<p>Gebacken werden die K\u00e4sepl\u00e4tzchen wie s\u00fc\u00dfe Kekse: Das Backblech einfetten und die Pl\u00e4tzchen verteilen.<\/p>\n<p>Bei 180\u00b0 C werden die Kekse ca. 10 \u2013 15 Minuten gebacken. Nach dem Backen werden sie sofort vom Blech genommen.<\/p>\n<p>Viel Spa\u00df beim Nachkochen und Guten Appetit.<\/p>\n<p>Hier k\u00f6nnt ihr euch die Rezepte noch als Word-Dokument herunterladen: <a href=\"https:\/\/unser-quartier.de\/boeckmanns-laden\/files\/2014\/09\/Knabbereien-Langeoog-2014.pdf\">Knabbereien Langeoog 2014<\/a><\/p>\n","protected":false},"excerpt":{"rendered":"<p>Teigr\u00f6llchen 2 Packungen Feta (z.B. von Edeka) 6 TL Tiefk\u00fchl-Petersilie 2 Packungen Yufka-Teigbl\u00e4tter (z.B. aus dem t\u00fcrkischen Supermarkt) etwas \u00d6l etwas Salz etwas Pfeffer Den Feta zerquetschen und mit der Tiefk\u00fchl-Petersilie vermischen. Je nach Geschmack mit etwas Salz und Pfeffer abschmecken. Die einzelnen Teigbl\u00e4tter gut anfeuchten und ein wenig von der Feta-Creme in die breite &hellip; <a href=\"https:\/\/unser-quartier.de\/boeckmanns-laden\/uebersichtsseite-rezepte\/knabbereien-vom-bunten-abend-auf-langeoog-2014\/\" class=\"more-link\"><span class=\"screen-reader-text\">\u201eKnabbereien vom &#8222;Bunten Abend&#8220; auf Langeoog 2014\u201c<\/span> weiterlesen<\/a><\/p>\n","protected":false},"author":24,"featured_media":0,"parent":3457,"menu_order":12,"comment_status":"closed","ping_status":"closed","template":"","meta":{"_bbp_topic_count":0,"_bbp_reply_count":0,"_bbp_total_topic_count":0,"_bbp_total_reply_count":0,"_bbp_voice_count":0,"_bbp_anonymous_reply_count":0,"_bbp_topic_count_hidden":0,"_bbp_reply_count_hidden":0,"_bbp_forum_subforum_count":0,"ngg_post_thumbnail":0,"jetpack_post_was_ever_published":false,"footnotes":""},"class_list":["post-4015","page","type-page","status-publish","hentry"],"jetpack_sharing_enabled":true,"_links":{"self":[{"href":"https:\/\/unser-quartier.de\/boeckmanns-laden\/wp-json\/wp\/v2\/pages\/4015","targetHints":{"allow":["GET"]}}],"collection":[{"href":"https:\/\/unser-quartier.de\/boeckmanns-laden\/wp-json\/wp\/v2\/pages"}],"about":[{"href":"https:\/\/unser-quartier.de\/boeckmanns-laden\/wp-json\/wp\/v2\/types\/page"}],"author":[{"embeddable":true,"href":"https:\/\/unser-quartier.de\/boeckmanns-laden\/wp-json\/wp\/v2\/users\/24"}],"replies":[{"embeddable":true,"href":"https:\/\/unser-quartier.de\/boeckmanns-laden\/wp-json\/wp\/v2\/comments?post=4015"}],"version-history":[{"count":0,"href":"https:\/\/unser-quartier.de\/boeckmanns-laden\/wp-json\/wp\/v2\/pages\/4015\/revisions"}],"up":[{"embeddable":true,"href":"https:\/\/unser-quartier.de\/boeckmanns-laden\/wp-json\/wp\/v2\/pages\/3457"}],"wp:attachment":[{"href":"https:\/\/unser-quartier.de\/boeckmanns-laden\/wp-json\/wp\/v2\/media?parent=4015"}],"curies":[{"name":"wp","href":"https:\/\/api.w.org\/{rel}","templated":true}]}}