{"id":4017,"date":"2017-01-15T21:20:19","date_gmt":"2017-01-15T21:20:19","guid":{"rendered":"http:\/\/unser-quartier.de\/boeckmanns-laden\/?page_id=4017"},"modified":"2017-01-28T21:38:20","modified_gmt":"2017-01-28T21:38:20","slug":"eisbergsalat-mit-schinken-und-kaese-fuer-10-personen","status":"publish","type":"page","link":"https:\/\/unser-quartier.de\/boeckmanns-laden\/uebersichtsseite-rezepte\/eisbergsalat-mit-schinken-und-kaese-fuer-10-personen\/","title":{"rendered":"Eisbergsalat mit Schinken und K\u00e4se f\u00fcr 10 Personen"},"content":{"rendered":"<h3>Zutaten:<\/h3>\n<table>\n<tbody>\n<tr>\n<td>1 Kopf<\/td>\n<td>Eisbergsalat<\/td>\n<\/tr>\n<tr>\n<td>200 g<\/td>\n<td>junger Gouda<\/td>\n<\/tr>\n<tr>\n<td>200 g<\/td>\n<td>gekochter Schinken<\/td>\n<\/tr>\n<tr>\n<td>1 kleine Dose (ca. 175 g)<\/td>\n<td>Mandarinen<\/td>\n<\/tr>\n<tr>\n<td>200 ml<\/td>\n<td>Miracel Whip<\/td>\n<\/tr>\n<tr>\n<td>2 EL<\/td>\n<td>Joghurt<\/td>\n<\/tr>\n<tr>\n<td>etwas<\/td>\n<td>Mandarinensaft<\/td>\n<\/tr>\n<tr>\n<td>etwas<\/td>\n<td>Petersilie<\/td>\n<\/tr>\n<tr>\n<td>etwas<\/td>\n<td>Salz<\/td>\n<\/tr>\n<\/tbody>\n<\/table>\n<h3>Zubereitung:<\/h3>\n<p>Der Eisbergsalat wird gewaschen und in gleichm\u00e4\u00dfige, mundgerechte St\u00fccke geschnitten. Anschlie\u00dfend den jungen Gouda und den gekochten Schinken in feine W\u00fcrfel schneiden. Die Mandarinen werden abgegossen, wobei der Saft aufgefangen wird.<\/p>\n<p>Eisbergsalat, K\u00e4se, Schinken und Mandarinen werden in einer gro\u00dfen Sch\u00fcssel vermengt.<\/p>\n<p>F\u00fcr das Dressing werden Miracel Whip, Joghurt und etwas Mandarinensaft in einer separaten Sch\u00fcssel anger\u00fchrt. Je nach Geschmack kann mit etwas Salz abgeschmeckt werden. Die So\u00dfe wird dann unter den Salat in der gro\u00dfen Sch\u00fcssel untergehoben.<\/p>\n<p>Zum Garnieren k\u00f6nnen noch einzelne Mandarinenst\u00fcckchen und etwas Petersilie auf den Salat gelegt werden.<\/p>\n<p>Viel Spa\u00df beim Nachkochen und Guten Appetit.<\/p>\n<p>Hier k\u00f6nnt ihr euch das Rezept auch noch als Word-Dokument herunterladen: <a href=\"https:\/\/unser-quartier.de\/boeckmanns-laden\/files\/2014\/09\/Eisbergsalat-mit-Schinken-und-K\u00e4se.pdf\">Eisbergsalat mit Schinken und K\u00e4se<\/a><\/p>\n","protected":false},"excerpt":{"rendered":"<p>Zutaten: 1 Kopf Eisbergsalat 200 g junger Gouda 200 g gekochter Schinken 1 kleine Dose (ca. 175 g) Mandarinen 200 ml Miracel Whip 2 EL Joghurt etwas Mandarinensaft etwas Petersilie etwas Salz Zubereitung: Der Eisbergsalat wird gewaschen und in gleichm\u00e4\u00dfige, mundgerechte St\u00fccke geschnitten. Anschlie\u00dfend den jungen Gouda und den gekochten Schinken in feine W\u00fcrfel schneiden. &hellip; <a href=\"https:\/\/unser-quartier.de\/boeckmanns-laden\/uebersichtsseite-rezepte\/eisbergsalat-mit-schinken-und-kaese-fuer-10-personen\/\" class=\"more-link\"><span class=\"screen-reader-text\">\u201eEisbergsalat mit Schinken und K\u00e4se f\u00fcr 10 Personen\u201c<\/span> weiterlesen<\/a><\/p>\n","protected":false},"author":24,"featured_media":0,"parent":3457,"menu_order":6,"comment_status":"closed","ping_status":"closed","template":"","meta":{"_bbp_topic_count":0,"_bbp_reply_count":0,"_bbp_total_topic_count":0,"_bbp_total_reply_count":0,"_bbp_voice_count":0,"_bbp_anonymous_reply_count":0,"_bbp_topic_count_hidden":0,"_bbp_reply_count_hidden":0,"_bbp_forum_subforum_count":0,"ngg_post_thumbnail":0,"jetpack_post_was_ever_published":false,"footnotes":""},"class_list":["post-4017","page","type-page","status-publish","hentry"],"jetpack_sharing_enabled":true,"_links":{"self":[{"href":"https:\/\/unser-quartier.de\/boeckmanns-laden\/wp-json\/wp\/v2\/pages\/4017","targetHints":{"allow":["GET"]}}],"collection":[{"href":"https:\/\/unser-quartier.de\/boeckmanns-laden\/wp-json\/wp\/v2\/pages"}],"about":[{"href":"https:\/\/unser-quartier.de\/boeckmanns-laden\/wp-json\/wp\/v2\/types\/page"}],"author":[{"embeddable":true,"href":"https:\/\/unser-quartier.de\/boeckmanns-laden\/wp-json\/wp\/v2\/users\/24"}],"replies":[{"embeddable":true,"href":"https:\/\/unser-quartier.de\/boeckmanns-laden\/wp-json\/wp\/v2\/comments?post=4017"}],"version-history":[{"count":0,"href":"https:\/\/unser-quartier.de\/boeckmanns-laden\/wp-json\/wp\/v2\/pages\/4017\/revisions"}],"up":[{"embeddable":true,"href":"https:\/\/unser-quartier.de\/boeckmanns-laden\/wp-json\/wp\/v2\/pages\/3457"}],"wp:attachment":[{"href":"https:\/\/unser-quartier.de\/boeckmanns-laden\/wp-json\/wp\/v2\/media?parent=4017"}],"curies":[{"name":"wp","href":"https:\/\/api.w.org\/{rel}","templated":true}]}}