{"id":530,"date":"2013-02-24T11:36:33","date_gmt":"2013-02-24T11:36:33","guid":{"rendered":"http:\/\/unser-quartier.de\/boeckmanns-laden\/?page_id=530"},"modified":"2015-05-26T12:48:22","modified_gmt":"2015-05-26T12:48:22","slug":"nordic-walking","status":"publish","type":"page","link":"https:\/\/unser-quartier.de\/boeckmanns-laden\/ueber-uns\/nordic-walking\/","title":{"rendered":"Nordic Walking"},"content":{"rendered":"<p>Die Nordic Walking Gruppe von B\u00f6ckmanns Laden trifft sich jeden Dienstag und Donnerstag am Diebrocker Friedhof an der Hausheider Stra\u00dfe, um gemeinsam etwa eine Stunde lang zu walken. Die Wege dort sind eben, das Tempo in der Gruppe ist gem\u00e4\u00dfigt. Neue &#8222;Mitl\u00e4uferinnen&#8220; und &#8222;Mitl\u00e4ufer&#8220; sind herzlich willkommen.<\/p>\n<p>W\u00e4hrend der Sommerzeit (April bis Oktober) ist der Beginn um 09.00 Uhr, in den anderen Monaten um 09.30 Uhr.<\/p>\n","protected":false},"excerpt":{"rendered":"<p>Die Nordic Walking Gruppe von B\u00f6ckmanns Laden trifft sich jeden Dienstag und Donnerstag am Diebrocker Friedhof an der Hausheider Stra\u00dfe, um gemeinsam etwa eine Stunde lang zu walken. Die Wege dort sind eben, das Tempo in der Gruppe ist gem\u00e4\u00dfigt. Neue &#8222;Mitl\u00e4uferinnen&#8220; und &#8222;Mitl\u00e4ufer&#8220; sind herzlich willkommen. W\u00e4hrend der Sommerzeit (April bis Oktober) ist der &hellip; <a href=\"https:\/\/unser-quartier.de\/boeckmanns-laden\/ueber-uns\/nordic-walking\/\" class=\"more-link\"><span class=\"screen-reader-text\">\u201eNordic Walking\u201c<\/span> weiterlesen<\/a><\/p>\n","protected":false},"author":24,"featured_media":545,"parent":44,"menu_order":10,"comment_status":"open","ping_status":"open","template":"sidebar-page.php","meta":{"_bbp_topic_count":0,"_bbp_reply_count":0,"_bbp_total_topic_count":0,"_bbp_total_reply_count":0,"_bbp_voice_count":0,"_bbp_anonymous_reply_count":0,"_bbp_topic_count_hidden":0,"_bbp_reply_count_hidden":0,"_bbp_forum_subforum_count":0,"ngg_post_thumbnail":0,"jetpack_post_was_ever_published":false,"footnotes":""},"class_list":["post-530","page","type-page","status-publish","has-post-thumbnail","hentry"],"jetpack_sharing_enabled":true,"_links":{"self":[{"href":"https:\/\/unser-quartier.de\/boeckmanns-laden\/wp-json\/wp\/v2\/pages\/530","targetHints":{"allow":["GET"]}}],"collection":[{"href":"https:\/\/unser-quartier.de\/boeckmanns-laden\/wp-json\/wp\/v2\/pages"}],"about":[{"href":"https:\/\/unser-quartier.de\/boeckmanns-laden\/wp-json\/wp\/v2\/types\/page"}],"author":[{"embeddable":true,"href":"https:\/\/unser-quartier.de\/boeckmanns-laden\/wp-json\/wp\/v2\/users\/24"}],"replies":[{"embeddable":true,"href":"https:\/\/unser-quartier.de\/boeckmanns-laden\/wp-json\/wp\/v2\/comments?post=530"}],"version-history":[{"count":0,"href":"https:\/\/unser-quartier.de\/boeckmanns-laden\/wp-json\/wp\/v2\/pages\/530\/revisions"}],"up":[{"embeddable":true,"href":"https:\/\/unser-quartier.de\/boeckmanns-laden\/wp-json\/wp\/v2\/pages\/44"}],"wp:featuredmedia":[{"embeddable":true,"href":"https:\/\/unser-quartier.de\/boeckmanns-laden\/wp-json\/wp\/v2\/media\/545"}],"wp:attachment":[{"href":"https:\/\/unser-quartier.de\/boeckmanns-laden\/wp-json\/wp\/v2\/media?parent=530"}],"curies":[{"name":"wp","href":"https:\/\/api.w.org\/{rel}","templated":true}]}}