{"id":533,"date":"2013-02-24T11:41:00","date_gmt":"2013-02-24T11:41:00","guid":{"rendered":"http:\/\/unser-quartier.de\/boeckmanns-laden\/?page_id=533"},"modified":"2013-07-28T20:26:30","modified_gmt":"2013-07-28T20:26:30","slug":"fruhstuckstreff","status":"publish","type":"page","link":"https:\/\/unser-quartier.de\/boeckmanns-laden\/ueber-uns\/fruhstuckstreff\/","title":{"rendered":"Fr\u00fchst\u00fcckstreff"},"content":{"rendered":"<p>Am Montagmorgen ist Fr\u00fchst\u00fcckszeit in B\u00f6ckmanns Laden. Der hier vorgestellte Fr\u00fchst\u00fcckstreff wechselt sich im 14-Tages-Rhythmus mit dem M\u00e4nnerfr\u00fchst\u00fcck ab. Beginn ist um 09.00 Uhr. Es gibt ein abwechslungsreiches Fr\u00fchst\u00fcck mit Br\u00f6tchen, K\u00e4se, Wurst, Marmelade, &#8230; , Kaffee und Tee in gem\u00fctlichen Tischgruppen.<\/p>\n","protected":false},"excerpt":{"rendered":"<p>Am Montagmorgen ist Fr\u00fchst\u00fcckszeit in B\u00f6ckmanns Laden. Der hier vorgestellte Fr\u00fchst\u00fcckstreff wechselt sich im 14-Tages-Rhythmus mit dem M\u00e4nnerfr\u00fchst\u00fcck ab. Beginn ist um 09.00 Uhr. Es gibt ein abwechslungsreiches Fr\u00fchst\u00fcck mit Br\u00f6tchen, K\u00e4se, Wurst, Marmelade, &#8230; , Kaffee und Tee in gem\u00fctlichen Tischgruppen.<\/p>\n","protected":false},"author":24,"featured_media":554,"parent":44,"menu_order":3,"comment_status":"open","ping_status":"open","template":"sidebar-page.php","meta":{"_bbp_topic_count":0,"_bbp_reply_count":0,"_bbp_total_topic_count":0,"_bbp_total_reply_count":0,"_bbp_voice_count":0,"_bbp_anonymous_reply_count":0,"_bbp_topic_count_hidden":0,"_bbp_reply_count_hidden":0,"_bbp_forum_subforum_count":0,"ngg_post_thumbnail":0,"jetpack_post_was_ever_published":false,"footnotes":""},"class_list":["post-533","page","type-page","status-publish","has-post-thumbnail","hentry"],"jetpack_sharing_enabled":true,"_links":{"self":[{"href":"https:\/\/unser-quartier.de\/boeckmanns-laden\/wp-json\/wp\/v2\/pages\/533","targetHints":{"allow":["GET"]}}],"collection":[{"href":"https:\/\/unser-quartier.de\/boeckmanns-laden\/wp-json\/wp\/v2\/pages"}],"about":[{"href":"https:\/\/unser-quartier.de\/boeckmanns-laden\/wp-json\/wp\/v2\/types\/page"}],"author":[{"embeddable":true,"href":"https:\/\/unser-quartier.de\/boeckmanns-laden\/wp-json\/wp\/v2\/users\/24"}],"replies":[{"embeddable":true,"href":"https:\/\/unser-quartier.de\/boeckmanns-laden\/wp-json\/wp\/v2\/comments?post=533"}],"version-history":[{"count":0,"href":"https:\/\/unser-quartier.de\/boeckmanns-laden\/wp-json\/wp\/v2\/pages\/533\/revisions"}],"up":[{"embeddable":true,"href":"https:\/\/unser-quartier.de\/boeckmanns-laden\/wp-json\/wp\/v2\/pages\/44"}],"wp:featuredmedia":[{"embeddable":true,"href":"https:\/\/unser-quartier.de\/boeckmanns-laden\/wp-json\/wp\/v2\/media\/554"}],"wp:attachment":[{"href":"https:\/\/unser-quartier.de\/boeckmanns-laden\/wp-json\/wp\/v2\/media?parent=533"}],"curies":[{"name":"wp","href":"https:\/\/api.w.org\/{rel}","templated":true}]}}