{"id":536,"date":"2013-02-24T11:43:30","date_gmt":"2013-02-24T11:43:30","guid":{"rendered":"http:\/\/unser-quartier.de\/boeckmanns-laden\/?page_id=536"},"modified":"2015-05-26T12:37:21","modified_gmt":"2015-05-26T12:37:21","slug":"radtouren","status":"publish","type":"page","link":"https:\/\/unser-quartier.de\/boeckmanns-laden\/ueber-uns\/radtouren\/","title":{"rendered":"Radtouren"},"content":{"rendered":"<p>Unsere Touren sind zwischen 20 und 50 km lang und f\u00fchren meistens \u00fcber flache, verkehrsarme Strecken. Sie sind als Fahrradausfl\u00fcge ausgelegt, wir wollen gemeinsam unterwegs sein und Sch\u00f6nes sehen. Die sportliche Herausforderung steht nicht im Vordergrund.<\/p>\n<p>Wir bitten auf jeden Fall um eine vorherige Anmeldung. Wir kehren in der Regel irgendwo ein und m\u00fcssen den jeweiligen Caf\u00e9s sagen k\u00f6nnen, wie gro\u00df die Gruppe sein wird. Bei den Touren, wo wir nicht vom Lutherhaus aus losfahren, muss \u00fcberdies der Fahrradtransport zum Abfahrtort organisiert werden.<\/p>\n<p>&nbsp;<\/p>\n","protected":false},"excerpt":{"rendered":"<p>Unsere Touren sind zwischen 20 und 50 km lang und f\u00fchren meistens \u00fcber flache, verkehrsarme Strecken. Sie sind als Fahrradausfl\u00fcge ausgelegt, wir wollen gemeinsam unterwegs sein und Sch\u00f6nes sehen. Die sportliche Herausforderung steht nicht im Vordergrund. Wir bitten auf jeden Fall um eine vorherige Anmeldung. Wir kehren in der Regel irgendwo ein und m\u00fcssen den &hellip; <a href=\"https:\/\/unser-quartier.de\/boeckmanns-laden\/ueber-uns\/radtouren\/\" class=\"more-link\"><span class=\"screen-reader-text\">\u201eRadtouren\u201c<\/span> weiterlesen<\/a><\/p>\n","protected":false},"author":24,"featured_media":789,"parent":44,"menu_order":11,"comment_status":"open","ping_status":"open","template":"sidebar-page.php","meta":{"_bbp_topic_count":0,"_bbp_reply_count":0,"_bbp_total_topic_count":0,"_bbp_total_reply_count":0,"_bbp_voice_count":0,"_bbp_anonymous_reply_count":0,"_bbp_topic_count_hidden":0,"_bbp_reply_count_hidden":0,"_bbp_forum_subforum_count":0,"ngg_post_thumbnail":0,"jetpack_post_was_ever_published":false,"footnotes":""},"class_list":["post-536","page","type-page","status-publish","has-post-thumbnail","hentry"],"jetpack_sharing_enabled":true,"_links":{"self":[{"href":"https:\/\/unser-quartier.de\/boeckmanns-laden\/wp-json\/wp\/v2\/pages\/536","targetHints":{"allow":["GET"]}}],"collection":[{"href":"https:\/\/unser-quartier.de\/boeckmanns-laden\/wp-json\/wp\/v2\/pages"}],"about":[{"href":"https:\/\/unser-quartier.de\/boeckmanns-laden\/wp-json\/wp\/v2\/types\/page"}],"author":[{"embeddable":true,"href":"https:\/\/unser-quartier.de\/boeckmanns-laden\/wp-json\/wp\/v2\/users\/24"}],"replies":[{"embeddable":true,"href":"https:\/\/unser-quartier.de\/boeckmanns-laden\/wp-json\/wp\/v2\/comments?post=536"}],"version-history":[{"count":0,"href":"https:\/\/unser-quartier.de\/boeckmanns-laden\/wp-json\/wp\/v2\/pages\/536\/revisions"}],"up":[{"embeddable":true,"href":"https:\/\/unser-quartier.de\/boeckmanns-laden\/wp-json\/wp\/v2\/pages\/44"}],"wp:featuredmedia":[{"embeddable":true,"href":"https:\/\/unser-quartier.de\/boeckmanns-laden\/wp-json\/wp\/v2\/media\/789"}],"wp:attachment":[{"href":"https:\/\/unser-quartier.de\/boeckmanns-laden\/wp-json\/wp\/v2\/media?parent=536"}],"curies":[{"name":"wp","href":"https:\/\/api.w.org\/{rel}","templated":true}]}}